{"id":43,"date":"2022-03-12T13:24:53","date_gmt":"2022-03-12T13:24:53","guid":{"rendered":"https:\/\/7hi7.com\/vi-vn\/?page_id=43"},"modified":"2022-03-12T13:24:53","modified_gmt":"2022-03-12T13:24:53","slug":"gia-dinh","status":"publish","type":"page","link":"https:\/\/7hi7.com\/vi-vn\/gia-dinh\/","title":{"rendered":"Gia \u0111\u00ecnh"},"content":{"rendered":"\n<h1 class=\"wp-block-heading\" id=\"firstHeading\">Gia \u0111\u00ecnh<\/h1>\n\n\n\n<p>Kh\u00e1i ni\u1ec7m ch\u1ec9 c\u1ed9ng \u0111\u1ed3ng ng\u01b0\u1eddi s\u1ed1ng chung v\u00e0 g\u1eafn b\u00f3 qua c\u00e1c m\u1ed1i quan h\u1ec7<\/p>\n\n\n\n<p><strong>Gia \u0111\u00ecnh<\/strong>\u00a0l\u00e0 m\u1ed9t c\u1ed9ng \u0111\u1ed3ng ng\u01b0\u1eddi s\u1ed1ng chung v\u00e0 g\u1eafn b\u00f3 v\u1edbi nhau b\u1edfi c\u00e1c m\u1ed1i quan h\u1ec7\u00a0t\u00ecnh c\u1ea3m, quan h\u1ec7\u00a0h\u00f4n nh\u00e2n, quan h\u1ec7 huy\u1ebft th\u1ed1ng,<sup>[1]<\/sup>\u00a0quan h\u1ec7 nu\u00f4i d\u01b0\u1ee1ng v\u00e0\/ho\u1eb7c quan h\u1ec7 gi\u00e1o d\u1ee5c. Gia \u0111\u00ecnh c\u00f3 l\u1ecbch s\u1eed t\u1eeb r\u1ea5t s\u1edbm v\u00e0 \u0111\u00e3 tr\u1ea3i qua m\u1ed9t qu\u00e1 tr\u00ecnh ph\u00e1t tri\u1ec3n l\u00e2u d\u00e0i.<\/p>\n\n\n\n<p>Th\u1ef1c t\u1ebf, gia \u0111\u00ecnh c\u00f3 nh\u1eefng \u1ea3nh h\u01b0\u1edfng v\u00e0 t\u00e1c \u0111\u1ed9ng m\u1ea1nh m\u1ebd \u0111\u1ebfn x\u00e3 h\u1ed9i. Ch\u1ee9c n\u0103ng quan tr\u1ecdng nh\u1ea5t c\u1ee7a gia \u0111\u00ecnh l\u00e0\u00a0sinh s\u1ea3n\u00a0(cha k\u1ebft h\u00f4n v\u1edbi m\u1eb9 \u0111\u1ec3 c\u00f9ng sinh ra con c\u00e1i), b\u1edfi n\u00f3 t\u1ea1o ra n\u00f2i gi\u1ed1ng t\u01b0\u01a1ng lai cho d\u00e2n t\u1ed9c, \u0111\u1ea3m b\u1ea3o cho \u0111\u1ea5t n\u01b0\u1edbc kh\u00f4ng b\u1ecb suy vong do n\u1ea1n\u00a0l\u00e3o h\u00f3a d\u00e2n s\u1ed1. Gia \u0111\u00ecnh c\u0169ng ch\u00ednh l\u00e0\u00a0t\u1ebf b\u00e0o\u00a0c\u1ee7a x\u00e3 h\u1ed9i, \u0111\u1ea5t n\u01b0\u1edbc mu\u1ed1n ph\u00e1t tri\u1ec3n l\u00e0nh m\u1ea1nh, b\u1ec1n v\u1eefng th\u00ec Nh\u00e0 n\u01b0\u1edbc ph\u1ea3i c\u00f3 nh\u1eefng ch\u00ednh s\u00e1ch \u0111\u1ec3 duy tr\u00ec k\u1ebft c\u1ea5u gia \u0111\u00ecnh v\u1eefng m\u1ea1nh (t\u1ee9c l\u00e0 ph\u1ea3i h\u1ea1n ch\u1ebf \u1edf m\u1ee9c th\u1ea5p nh\u1ea5t t\u00ecnh tr\u1ea1ng\u00a0ly h\u00f4n,\u00a0t\u1ea3o h\u00f4n,\u00a0b\u1ea1o l\u1ef1c gia \u0111\u00ecnh, l\u00e0m\u00a0m\u1eb9 \u0111\u01a1n th\u00e2n,\u00a0sinh con ngo\u00e0i gi\u00e1 th\u00fa,\u00a0quan h\u1ec7 t\u00ecnh d\u1ee5c tr\u01b0\u1edbc h\u00f4n nh\u00e2n\u2026).<\/p>\n\n\n\n<p><a href=\"https:\/\/vi.m.wikipedia.org\/wiki\/Gia_%C4%91%C3%ACnh\">https:\/\/vi.m.wikipedia.org\/wiki\/Gia_%C4%91%C3%ACnh<\/a><\/p>\n","protected":false},"excerpt":{"rendered":"<p>Gia \u0111\u00ecnh Kh\u00e1i ni\u1ec7m ch\u1ec9 c\u1ed9ng \u0111\u1ed3ng ng\u01b0\u1eddi s\u1ed1ng chung v\u00e0 g\u1eafn b\u00f3 qua c\u00e1c m\u1ed1i quan h\u1ec7 Gia \u0111\u00ecnh\u00a0l\u00e0 m\u1ed9t c\u1ed9ng \u0111\u1ed3ng ng\u01b0\u1eddi s\u1ed1ng chung v\u00e0 g\u1eafn b\u00f3 v\u1edbi nhau b\u1edfi c\u00e1c m\u1ed1i quan h\u1ec7\u00a0t\u00ecnh c\u1ea3m, quan h\u1ec7\u00a0h\u00f4n nh\u00e2n, quan h\u1ec7 huy\u1ebft th\u1ed1ng,[1]\u00a0quan h\u1ec7 nu\u00f4i d\u01b0\u1ee1ng v\u00e0\/ho\u1eb7c quan h\u1ec7 gi\u00e1o d\u1ee5c. Gia \u0111\u00ecnh c\u00f3 [&hellip;]<\/p>\n","protected":false},"author":1,"featured_media":0,"parent":0,"menu_order":0,"comment_status":"closed","ping_status":"closed","template":"","meta":{"footnotes":""},"class_list":["post-43","page","type-page","status-publish","hentry"],"_links":{"self":[{"href":"https:\/\/7hi7.com\/vi-vn\/wp-json\/wp\/v2\/pages\/43","targetHints":{"allow":["GET"]}}],"collection":[{"href":"https:\/\/7hi7.com\/vi-vn\/wp-json\/wp\/v2\/pages"}],"about":[{"href":"https:\/\/7hi7.com\/vi-vn\/wp-json\/wp\/v2\/types\/page"}],"author":[{"embeddable":true,"href":"https:\/\/7hi7.com\/vi-vn\/wp-json\/wp\/v2\/users\/1"}],"replies":[{"embeddable":true,"href":"https:\/\/7hi7.com\/vi-vn\/wp-json\/wp\/v2\/comments?post=43"}],"version-history":[{"count":1,"href":"https:\/\/7hi7.com\/vi-vn\/wp-json\/wp\/v2\/pages\/43\/revisions"}],"predecessor-version":[{"id":44,"href":"https:\/\/7hi7.com\/vi-vn\/wp-json\/wp\/v2\/pages\/43\/revisions\/44"}],"wp:attachment":[{"href":"https:\/\/7hi7.com\/vi-vn\/wp-json\/wp\/v2\/media?parent=43"}],"curies":[{"name":"wp","href":"https:\/\/api.w.org\/{rel}","templated":true}]}}