{"id":41,"date":"2022-03-12T10:54:44","date_gmt":"2022-03-12T10:54:44","guid":{"rendered":"https:\/\/7hi7.com\/vi-vn\/?page_id=41"},"modified":"2022-03-12T10:54:44","modified_gmt":"2022-03-12T10:54:44","slug":"tinh-ban","status":"publish","type":"page","link":"https:\/\/7hi7.com\/vi-vn\/tinh-ban\/","title":{"rendered":"T\u00ecnh b\u1ea1n"},"content":{"rendered":"\n<h1 class=\"wp-block-heading\">T\u00ecnh b\u1ea1n<\/h1>\n\n\n\n<p>T\u00ecnh b\u1ea1n\u00a0l\u00e0 m\u1ed1i quan h\u1ec7\u00a0t\u00ecnh c\u1ea3m\u00a0hai chi\u1ec1u gi\u1eefa con ng\u01b0\u1eddi v\u1edbi nhau.[1]\u00a0N\u00f3 l\u00e0 m\u1ed9t h\u00ecnh th\u1ee9c\u00a0li\u00ean k\u1ebft gi\u1eefa\u00a0c\u00e1c\u00a0c\u00e1 nh\u00e2n\u00a0m\u1ea1nh m\u1ebd h\u01a1n so v\u1edbi m\u1ed9t t\u1ed5 ch\u1ee9c ki\u1ec3u hi\u1ec7p h\u1ed9i, v\u00e0 \u0111\u00e3 \u0111\u01b0\u1ee3c nghi\u00ean c\u1ee9u trong c\u00e1c l\u0129nh v\u1ef1c h\u1ecdc thu\u1eadt nh\u01b0 giao ti\u1ebfp,\u00a0x\u00e3 h\u1ed9i h\u1ecdc,\u00a0t\u00e2m l\u00fd x\u00e3 h\u1ed9i,\u00a0nh\u00e2n ch\u1ee7ng h\u1ecdc\u00a0v\u00e0\u00a0tri\u1ebft h\u1ecdc. C\u00e1c l\u00fd thuy\u1ebft h\u00e0n l\u00e2m kh\u00e1c nhau v\u1ec1 t\u00ecnh b\u1ea1n \u0111\u00e3 \u0111\u01b0\u1ee3c \u0111\u1ec1 xu\u1ea5t, bao g\u1ed3m\u00a0l\u00fd thuy\u1ebft trao \u0111\u1ed5i x\u00e3 h\u1ed9i,\u00a0l\u00fd thuy\u1ebft c\u00f4ng b\u1eb1ng,\u00a0ph\u00e9p bi\u1ec7n ch\u1ee9ng quan h\u1ec7\u00a0v\u00e0\u00a0phong c\u00e1ch g\u1eafn b\u00f3.<\/p>\n\n\n\n<p>M\u1eb7c d\u00f9 c\u00f3 nhi\u1ec1u h\u00ecnh th\u1ee9c c\u1ee7a t\u00ecnh b\u1ea1n, v\u1edbi vi\u1ec7c thay \u0111\u1ed5i t\u00ednh ch\u1ea5t c\u1ee7a t\u00ecnh b\u1ea1n t\u1eeb d\u1ea1ng n\u00e0y sang d\u1ea1ng kh\u00e1c, m\u1ed9t s\u1ed1 \u0111\u1eb7c \u0111i\u1ec3m chung nh\u1ea5t \u0111\u1ecbnh c\u00f3 m\u1eb7t trong nhi\u1ec1u lo\u1ea1i t\u00ecnh b\u1ea1n nh\u01b0 v\u1eady. Nh\u1eefng \u0111\u1eb7c \u0111i\u1ec3m nh\u01b0 v\u1eady bao g\u1ed3m\u00a0t\u00ecnh c\u1ea3m;\u00a0l\u00f2ng t\u1ed1t,\u00a0t\u00ecnh y\u00eau,\u00a0\u0111\u1ee9c h\u1ea1nh, s\u1ef1 c\u1ea3m th\u00f4ng,\u00a0s\u1ef1 \u0111\u1ed3ng c\u1ea3m, trung th\u1ef1c,\u00a0l\u00f2ng v\u1ecb tha,\u00a0l\u00f2ng trung th\u00e0nh, s\u1ef1 r\u1ed9ng l\u01b0\u1ee3ng,\u00a0s\u1ef1 tha th\u1ee9, s\u1ef1 hi\u1ec3u bi\u1ebft l\u1eabn nhau v\u00e0\u00a0l\u00f2ng tr\u1eafc \u1ea9n, th\u00edch th\u00fa s\u1ef1 c\u00f3 m\u1eb7t c\u1ee7a nhau, tin t\u01b0\u1edfng v\u00e0 kh\u1ea3 n\u0103ng l\u00e0 ch\u00ednh m\u00ecnh, th\u1ec3 hi\u1ec7n t\u00ecnh c\u1ea3m c\u1ee7a m\u00ecnh v\u1edbi ng\u01b0\u1eddi kh\u00e1c m\u00e0 kh\u00f4ng ph\u1ea3i s\u1ee3 ph\u00e1n x\u00e9t t\u1eeb ng\u01b0\u1eddi \u0111\u00f3. T\u00ecnh b\u1ea1n l\u00e0 m\u1ed9t kh\u00eda c\u1ea1nh thi\u1ebft y\u1ebfu c\u1ee7a k\u1ef9 n\u0103ng x\u00e2y d\u1ef1ng m\u1ed1i quan h\u1ec7.<\/p>\n\n\n\n<p><a href=\"https:\/\/vi.m.wikipedia.org\/wiki\/T%C3%ACnh_b%E1%BA%A1n\">https:\/\/vi.m.wikipedia.org\/wiki\/T%C3%ACnh_b%E1%BA%A1n<\/a><\/p>\n","protected":false},"excerpt":{"rendered":"<p>T\u00ecnh b\u1ea1n T\u00ecnh b\u1ea1n\u00a0l\u00e0 m\u1ed1i quan h\u1ec7\u00a0t\u00ecnh c\u1ea3m\u00a0hai chi\u1ec1u gi\u1eefa con ng\u01b0\u1eddi v\u1edbi nhau.[1]\u00a0N\u00f3 l\u00e0 m\u1ed9t h\u00ecnh th\u1ee9c\u00a0li\u00ean k\u1ebft gi\u1eefa\u00a0c\u00e1c\u00a0c\u00e1 nh\u00e2n\u00a0m\u1ea1nh m\u1ebd h\u01a1n so v\u1edbi m\u1ed9t t\u1ed5 ch\u1ee9c ki\u1ec3u hi\u1ec7p h\u1ed9i, v\u00e0 \u0111\u00e3 \u0111\u01b0\u1ee3c nghi\u00ean c\u1ee9u trong c\u00e1c l\u0129nh v\u1ef1c h\u1ecdc thu\u1eadt nh\u01b0 giao ti\u1ebfp,\u00a0x\u00e3 h\u1ed9i h\u1ecdc,\u00a0t\u00e2m l\u00fd x\u00e3 h\u1ed9i,\u00a0nh\u00e2n ch\u1ee7ng h\u1ecdc\u00a0v\u00e0\u00a0tri\u1ebft h\u1ecdc. C\u00e1c l\u00fd [&hellip;]<\/p>\n","protected":false},"author":1,"featured_media":0,"parent":0,"menu_order":0,"comment_status":"closed","ping_status":"closed","template":"","meta":{"footnotes":""},"class_list":["post-41","page","type-page","status-publish","hentry"],"_links":{"self":[{"href":"https:\/\/7hi7.com\/vi-vn\/wp-json\/wp\/v2\/pages\/41","targetHints":{"allow":["GET"]}}],"collection":[{"href":"https:\/\/7hi7.com\/vi-vn\/wp-json\/wp\/v2\/pages"}],"about":[{"href":"https:\/\/7hi7.com\/vi-vn\/wp-json\/wp\/v2\/types\/page"}],"author":[{"embeddable":true,"href":"https:\/\/7hi7.com\/vi-vn\/wp-json\/wp\/v2\/users\/1"}],"replies":[{"embeddable":true,"href":"https:\/\/7hi7.com\/vi-vn\/wp-json\/wp\/v2\/comments?post=41"}],"version-history":[{"count":1,"href":"https:\/\/7hi7.com\/vi-vn\/wp-json\/wp\/v2\/pages\/41\/revisions"}],"predecessor-version":[{"id":42,"href":"https:\/\/7hi7.com\/vi-vn\/wp-json\/wp\/v2\/pages\/41\/revisions\/42"}],"wp:attachment":[{"href":"https:\/\/7hi7.com\/vi-vn\/wp-json\/wp\/v2\/media?parent=41"}],"curies":[{"name":"wp","href":"https:\/\/api.w.org\/{rel}","templated":true}]}}