{"id":44,"date":"2022-03-27T11:25:37","date_gmt":"2022-03-27T11:25:37","guid":{"rendered":"https:\/\/7hi7.com\/sk-sk\/?page_id=44"},"modified":"2022-03-27T11:25:37","modified_gmt":"2022-03-27T11:25:37","slug":"sport","status":"publish","type":"page","link":"https:\/\/7hi7.com\/sk-sk\/sport\/","title":{"rendered":"\u0160port"},"content":{"rendered":"\n<h1 class=\"wp-block-heading\" id=\"firstHeading\">\u0160port<\/h1>\n\n\n\n<p>fyzick\u00e1 aktivita roben\u00e1 pre z\u00e1bavu<\/p>\n\n\n\n<p>\u0160port\u00a0je realizovan\u00e1 (prostredn\u00edctvom tzv. pravidiel) forma fyzickej aktivity alebo zru\u010dnosti, ktorej \u00fa\u010delom je snaha rekreova\u0165 sa: pre s\u00fa\u0165a\u017eenie, pre vlastn\u00e9 pote\u0161enie, pre dosiahnutie dokonalosti, pre v\u00fdvoj zru\u010dnosti alebo pre ak\u00fako\u013evek kombin\u00e1ciu t\u00fdchto cie\u013eov. Zv\u00e4\u010d\u0161a nevedom\u00fdm pr\u00ednosom je i sublimovanie biologick\u00fdch pudov (napr. agresivitu prev\u00e1dzan\u00fa do s\u00fa\u0165a\u017eivosti)<\/p>\n\n\n\n<p>V hist\u00f3rii tie\u017e pokusy vyu\u017ei\u0165 napr.\u00a0olympijsk\u00e9 hry\u00a0na odstr\u00e1nenie vojen. V s\u00fa\u010dasnosti tie\u017e vyu\u017e\u00edvan\u00fd aj na komer\u010dn\u00e9 ciele s \u010d\u00edm s\u00favis\u00ed napr. profesionaliz\u00e1cia \u0161portu, ale i negat\u00edvne javy ako napr.\u00a0doping. Zah\u0155\u0148a v sebe \u0161irok\u00e9 spektrum \u013eudsk\u00fdch \u010dinnost\u00ed.<\/p>\n\n\n\n<p><a href=\"https:\/\/sk.m.wikipedia.org\/wiki\/%C5%A0port\">https:\/\/sk.m.wikipedia.org\/wiki\/%C5%A0port<\/a><\/p>\n","protected":false},"excerpt":{"rendered":"<p>\u0160port fyzick\u00e1 aktivita roben\u00e1 pre z\u00e1bavu \u0160port\u00a0je realizovan\u00e1 (prostredn\u00edctvom tzv. pravidiel) forma fyzickej aktivity alebo zru\u010dnosti, ktorej \u00fa\u010delom je snaha rekreova\u0165 sa: pre s\u00fa\u0165a\u017eenie, pre vlastn\u00e9 pote\u0161enie, pre dosiahnutie dokonalosti, pre v\u00fdvoj zru\u010dnosti alebo pre ak\u00fako\u013evek kombin\u00e1ciu t\u00fdchto cie\u013eov. Zv\u00e4\u010d\u0161a nevedom\u00fdm pr\u00ednosom je i sublimovanie biologick\u00fdch pudov (napr. agresivitu prev\u00e1dzan\u00fa do s\u00fa\u0165a\u017eivosti) V hist\u00f3rii tie\u017e [&hellip;]<\/p>\n","protected":false},"author":1,"featured_media":0,"parent":0,"menu_order":0,"comment_status":"closed","ping_status":"closed","template":"","meta":{"footnotes":""},"class_list":["post-44","page","type-page","status-publish","hentry"],"_links":{"self":[{"href":"https:\/\/7hi7.com\/sk-sk\/wp-json\/wp\/v2\/pages\/44","targetHints":{"allow":["GET"]}}],"collection":[{"href":"https:\/\/7hi7.com\/sk-sk\/wp-json\/wp\/v2\/pages"}],"about":[{"href":"https:\/\/7hi7.com\/sk-sk\/wp-json\/wp\/v2\/types\/page"}],"author":[{"embeddable":true,"href":"https:\/\/7hi7.com\/sk-sk\/wp-json\/wp\/v2\/users\/1"}],"replies":[{"embeddable":true,"href":"https:\/\/7hi7.com\/sk-sk\/wp-json\/wp\/v2\/comments?post=44"}],"version-history":[{"count":1,"href":"https:\/\/7hi7.com\/sk-sk\/wp-json\/wp\/v2\/pages\/44\/revisions"}],"predecessor-version":[{"id":45,"href":"https:\/\/7hi7.com\/sk-sk\/wp-json\/wp\/v2\/pages\/44\/revisions\/45"}],"wp:attachment":[{"href":"https:\/\/7hi7.com\/sk-sk\/wp-json\/wp\/v2\/media?parent=44"}],"curies":[{"name":"wp","href":"https:\/\/api.w.org\/{rel}","templated":true}]}}