{"id":42,"date":"2022-03-25T17:27:51","date_gmt":"2022-03-25T17:27:51","guid":{"rendered":"https:\/\/7hi7.com\/sk-sk\/?page_id=42"},"modified":"2022-03-25T17:27:51","modified_gmt":"2022-03-25T17:27:51","slug":"veda","status":"publish","type":"page","link":"https:\/\/7hi7.com\/sk-sk\/veda\/","title":{"rendered":"Veda"},"content":{"rendered":"\n<h1 class=\"wp-block-heading\" id=\"firstHeading\">Veda<\/h1>\n\n\n\n<p>s\u00fastava poznatkov o z\u00e1konitostiach objekt\u00edvnej skuto\u010dnosti, ktor\u00e1 vznikla pozn\u00e1vacou \u010dinnos\u0165ou \u010dloveka<\/p>\n\n\n\n<p>Veda&nbsp;je jedna z foriem osvojovania si sveta&nbsp;\u010dlovekom, ktorej produktom s\u00fa teoreticky systematizovan\u00e9 objekt\u00edvne&nbsp;poznatky&nbsp;alebo s\u00fabor poznatkov nach\u00e1dzaj\u00facich sa v zd\u00f4vodnenom kontexte. S\u00fa\u010dasn\u00e1 veda vych\u00e1dza z pozorovania, alebo experimentu, pri\u010dom tieto musia by\u0165 opakovate\u013en\u00e9 a vo\u013ene pr\u00edstupn\u00e9. Zmyslom tejto \u010dinnosti je formulovanie&nbsp;hypot\u00e9z, vyvodzovanie predpoved\u00ed a napokon ich testovanie. Ak sa predpovede potvrdia, a hypot\u00e9za je vn\u00fatorne konzistentn\u00e1, st\u00e1va sa&nbsp;te\u00f3riou&nbsp;(do jednej te\u00f3rie sa oby\u010dajne sp\u00e1ja v\u00e4\u010d\u0161ie mno\u017estvo hypot\u00e9z).<\/p>\n\n\n\n<p>Na vedu sa kladie po\u017eiadavka&nbsp;objektivity, pravdivosti a&nbsp;metodickosti&nbsp;(pr\u00edpadne aj&nbsp;terminologickej&nbsp;jednozna\u010dnosti).<\/p>\n\n\n\n<p>Veda je predmetom sk\u00famania radu metavedn\u00fdch discipl\u00edn, napr.\u00a0filozofie vedy,\u00a0logiky,\u00a0te\u00f3rie vedy\u00a0a i. V\u00fdrazom \u201eveda\u201c sa niekedy skr\u00e1tene ozna\u010duje\u00a0vedn\u00fd odbor.<\/p>\n\n\n\n<p>Z\u00e1kladom pre vznik vedy bola vo\u013enos\u0165 a kritickos\u0165 myslenia, ktor\u00e9 sa objavili vo\u00a0filozofii\u00a0antick\u00e9ho Gr\u00e9cka. Filozofia v tom \u010dase zahr\u0148ovala v\u0161etky s\u00fa\u010dasn\u00e9 objekty vedeck\u00e9ho v\u00fdskumu. Gr\u00e9ci svoje n\u00e1zory vyvodzovali z pozorovania a\u00a0logiky. Modern\u00e1 veda v\u0161ak vznikla a\u017e v 17. storo\u010d\u00ed, ke\u010f b\u00e1datelia za\u010dali pou\u017e\u00edva\u0165 experiment a overova\u0165 svoje tvrdenia. Postupne sa z filozofie vy\u010dlenili v\u0161etky s\u00fa\u010dasn\u00e9 vedeck\u00e9 odbory.<\/p>\n\n\n\n<p><a href=\"https:\/\/sk.m.wikipedia.org\/wiki\/Veda\">https:\/\/sk.m.wikipedia.org\/wiki\/Veda<\/a><\/p>\n","protected":false},"excerpt":{"rendered":"<p>Veda s\u00fastava poznatkov o z\u00e1konitostiach objekt\u00edvnej skuto\u010dnosti, ktor\u00e1 vznikla pozn\u00e1vacou \u010dinnos\u0165ou \u010dloveka Veda&nbsp;je jedna z foriem osvojovania si sveta&nbsp;\u010dlovekom, ktorej produktom s\u00fa teoreticky systematizovan\u00e9 objekt\u00edvne&nbsp;poznatky&nbsp;alebo s\u00fabor poznatkov nach\u00e1dzaj\u00facich sa v zd\u00f4vodnenom kontexte. S\u00fa\u010dasn\u00e1 veda vych\u00e1dza z pozorovania, alebo experimentu, pri\u010dom tieto musia by\u0165 opakovate\u013en\u00e9 a vo\u013ene pr\u00edstupn\u00e9. Zmyslom tejto \u010dinnosti je formulovanie&nbsp;hypot\u00e9z, vyvodzovanie predpoved\u00ed a [&hellip;]<\/p>\n","protected":false},"author":1,"featured_media":0,"parent":0,"menu_order":0,"comment_status":"closed","ping_status":"closed","template":"","meta":{"footnotes":""},"class_list":["post-42","page","type-page","status-publish","hentry"],"_links":{"self":[{"href":"https:\/\/7hi7.com\/sk-sk\/wp-json\/wp\/v2\/pages\/42","targetHints":{"allow":["GET"]}}],"collection":[{"href":"https:\/\/7hi7.com\/sk-sk\/wp-json\/wp\/v2\/pages"}],"about":[{"href":"https:\/\/7hi7.com\/sk-sk\/wp-json\/wp\/v2\/types\/page"}],"author":[{"embeddable":true,"href":"https:\/\/7hi7.com\/sk-sk\/wp-json\/wp\/v2\/users\/1"}],"replies":[{"embeddable":true,"href":"https:\/\/7hi7.com\/sk-sk\/wp-json\/wp\/v2\/comments?post=42"}],"version-history":[{"count":1,"href":"https:\/\/7hi7.com\/sk-sk\/wp-json\/wp\/v2\/pages\/42\/revisions"}],"predecessor-version":[{"id":43,"href":"https:\/\/7hi7.com\/sk-sk\/wp-json\/wp\/v2\/pages\/42\/revisions\/43"}],"wp:attachment":[{"href":"https:\/\/7hi7.com\/sk-sk\/wp-json\/wp\/v2\/media?parent=42"}],"curies":[{"name":"wp","href":"https:\/\/api.w.org\/{rel}","templated":true}]}}