{"id":40,"date":"2022-03-25T12:50:47","date_gmt":"2022-03-25T12:50:47","guid":{"rendered":"https:\/\/7hi7.com\/sk-sk\/?page_id=40"},"modified":"2022-03-25T12:50:47","modified_gmt":"2022-03-25T12:50:47","slug":"umenie","status":"publish","type":"page","link":"https:\/\/7hi7.com\/sk-sk\/umenie\/","title":{"rendered":"Umenie"},"content":{"rendered":"\n<h1 class=\"wp-block-heading\" id=\"firstHeading\">Umenie<\/h1>\n\n\n\n<p>\u013eudsk\u00e1 tvoriv\u00e1 \u010dinnos\u0165 alebo diela s hlavne estetickou alebo emocion\u00e1lnou silou<\/p>\n\n\n\n<p>Umenie\u00a0je individu\u00e1lnym prejavom kreat\u00edvnej schopnosti du\u0161e &#8211; jedna z foriem osvojovania si sveta\u00a0\u010dlovekom. Je predmetom sk\u00famania estetiky, umenovedy a filozofie umenia.<\/p>\n\n\n\n<p>Umenie m\u00f4\u017ee znamena\u0165 aj pou\u017e\u00edvanie ist\u00fdch duchovn\u00fdch kval\u00edt alebo manu\u00e1lnej zru\u010dnosti pri realiz\u00e1cii ur\u010dit\u00e9ho diela s cie\u013eom urobi\u0165 svet umelo kraj\u0161\u00edm a lep\u0161\u00edm.<\/p>\n\n\n\n<p>Umenie je forma maxim\u00e1lneho bytia \u010dloveka. Spo\u010d\u00edva v cie\u013eavedomom pretv\u00e1ran\u00ed \u0161kared\u00e9ho alebo esteticky ne\u00fa\u010dinn\u00e9ho \u010di menej \u00fa\u010dinn\u00e9ho na kr\u00e1su v koncentrovanej podobe.<\/p>\n\n\n\n<p><a href=\"https:\/\/sk.m.wikipedia.org\/wiki\/Umenie\">https:\/\/sk.m.wikipedia.org\/wiki\/Umenie<\/a><\/p>\n","protected":false},"excerpt":{"rendered":"<p>Umenie \u013eudsk\u00e1 tvoriv\u00e1 \u010dinnos\u0165 alebo diela s hlavne estetickou alebo emocion\u00e1lnou silou Umenie\u00a0je individu\u00e1lnym prejavom kreat\u00edvnej schopnosti du\u0161e &#8211; jedna z foriem osvojovania si sveta\u00a0\u010dlovekom. Je predmetom sk\u00famania estetiky, umenovedy a filozofie umenia. Umenie m\u00f4\u017ee znamena\u0165 aj pou\u017e\u00edvanie ist\u00fdch duchovn\u00fdch kval\u00edt alebo manu\u00e1lnej zru\u010dnosti pri realiz\u00e1cii ur\u010dit\u00e9ho diela s cie\u013eom urobi\u0165 svet umelo kraj\u0161\u00edm a [&hellip;]<\/p>\n","protected":false},"author":1,"featured_media":0,"parent":0,"menu_order":0,"comment_status":"closed","ping_status":"closed","template":"","meta":{"footnotes":""},"class_list":["post-40","page","type-page","status-publish","hentry"],"_links":{"self":[{"href":"https:\/\/7hi7.com\/sk-sk\/wp-json\/wp\/v2\/pages\/40","targetHints":{"allow":["GET"]}}],"collection":[{"href":"https:\/\/7hi7.com\/sk-sk\/wp-json\/wp\/v2\/pages"}],"about":[{"href":"https:\/\/7hi7.com\/sk-sk\/wp-json\/wp\/v2\/types\/page"}],"author":[{"embeddable":true,"href":"https:\/\/7hi7.com\/sk-sk\/wp-json\/wp\/v2\/users\/1"}],"replies":[{"embeddable":true,"href":"https:\/\/7hi7.com\/sk-sk\/wp-json\/wp\/v2\/comments?post=40"}],"version-history":[{"count":1,"href":"https:\/\/7hi7.com\/sk-sk\/wp-json\/wp\/v2\/pages\/40\/revisions"}],"predecessor-version":[{"id":41,"href":"https:\/\/7hi7.com\/sk-sk\/wp-json\/wp\/v2\/pages\/40\/revisions\/41"}],"wp:attachment":[{"href":"https:\/\/7hi7.com\/sk-sk\/wp-json\/wp\/v2\/media?parent=40"}],"curies":[{"name":"wp","href":"https:\/\/api.w.org\/{rel}","templated":true}]}}