{"id":38,"date":"2022-03-25T08:19:32","date_gmt":"2022-03-25T08:19:32","guid":{"rendered":"https:\/\/7hi7.com\/sk-sk\/?page_id=38"},"modified":"2022-03-25T08:19:32","modified_gmt":"2022-03-25T08:19:32","slug":"clovek-rozumny","status":"publish","type":"page","link":"https:\/\/7hi7.com\/sk-sk\/clovek-rozumny\/","title":{"rendered":"\u010clovek rozumn\u00fd"},"content":{"rendered":"\n<h1 class=\"wp-block-heading\" id=\"firstHeading\">\u010clovek rozumn\u00fd<\/h1>\n\n\n\n<p>jedin\u00fd \u017eij\u00faci druh rodu Homo<\/p>\n\n\n\n<p>\u010clovek rozumn\u00fd\u00a0(in\u00e9 n\u00e1zvy:\u00a0rozumn\u00fd \u010dlovek,[1], zriedkavo:\u00a0homo sapiens[2][3], star\u0161ie:\u00a0\u010dlovek m\u00fadry[4][5], \u010fal\u0161ie synonym\u00e1\u00a0pozri ni\u017e\u0161ie;\u00a0lat.\u00a0Homo sapiens) je jedin\u00fd recentn\u00fd druh rodu\u00a0\u010dlovek (Homo). V s\u00fa\u010dasnosti ob\u00fdva plan\u00e9tu\u00a0Zem\u00a0a\u00a0Medzin\u00e1rodn\u00fa vesm\u00edrnu stanicu\u00a0na obe\u017enej dr\u00e1he Zeme.<\/p>\n\n\n\n<p>Je pre\u0148ho charakteristick\u00e9 vertik\u00e1lne dr\u017eanie tela,\u00a0inteligencia, vyu\u017e\u00edvanie\u00a0odevu,\u00a0schopnos\u0165 hovori\u0165[6]\u00a0a pomocou\u00a0r\u00fak\u00a0pou\u017e\u00edva\u0165 n\u00e1stroje. Vytv\u00e1ra ve\u013ek\u00e9 a hierarchicky komplikovan\u00e9 spolo\u010denstv\u00e1. Ako\u00a0bytos\u0165\u00a0si uvedomuje sama seba a je schopn\u00e1 abstraktn\u00e9ho myslenia a\u00a0vedeck\u00e9ho b\u00e1dania.<\/p>\n\n\n\n<p>Homo sapiens v u\u017e\u0161om zmysle (vysvetlenie pozri ni\u017e\u0161ie) sa ozna\u010duje aj ako&nbsp;homo sapiens sapiens,&nbsp;\u010dlovek rozumn\u00fd dne\u0161n\u00fd,&nbsp;\u010dlovek dne\u0161n\u00e9ho typu,&nbsp;\u010dlovek s\u00fa\u010dasn\u00e9ho typu,&nbsp;\u010dlovek vyspel\u00fd,&nbsp;sapient&nbsp;(t. j. latinsky&nbsp;Homo sapiens sapiens[7]) alebo sk\u00f4r neform\u00e1lne ako&nbsp;neantrop,&nbsp;neantrop\u00edn&nbsp;(lat.&nbsp;Neoanthropus) \u010di&nbsp;homo. S. Sergi a jeho nasledovn\u00edci pou\u017e\u00edvaj\u00fa vedeck\u00fd term\u00edn&nbsp;Phaneranthropus&nbsp;\u010di&nbsp;Phaneranthropi[8], G. Sergi (otec S. Sergiho) pou\u017e\u00edval rodov\u00e9 ozna\u010denia&nbsp;Notanthropus&nbsp;(pre z\u00e1padn\u00fdch Eur\u00f3panov a Afri\u010danov) a&nbsp;Heoanthropus&nbsp;(pre Rusov a podobne) a&nbsp;Hesperanthropus&nbsp;(pre Indi\u00e1nov a Eskim\u00e1kov)[9].<\/p>\n\n\n\n<p>Star\u0161ie n\u00e1lezy z Homo sapiens v u\u017e\u0161om zmysle sa zvykn\u00fa ozna\u010dova\u0165 aj ako\u00a0anatomicky modern\u00fd \u010dlovek,\u00a0ran\u00fd modern\u00fd \u010dlovek,\u00a0\u010dlovek predvek\u00fd\u00a0\u010di\u00a0\u010dlovek pravek\u00fd.<\/p>\n\n\n\n<p><a href=\"https:\/\/sk.m.wikipedia.org\/wiki\/%C4%8Clovek_rozumn%C3%BD\">https:\/\/sk.m.wikipedia.org\/wiki\/%C4%8Clovek_rozumn%C3%BD<\/a><\/p>\n","protected":false},"excerpt":{"rendered":"<p>\u010clovek rozumn\u00fd jedin\u00fd \u017eij\u00faci druh rodu Homo \u010clovek rozumn\u00fd\u00a0(in\u00e9 n\u00e1zvy:\u00a0rozumn\u00fd \u010dlovek,[1], zriedkavo:\u00a0homo sapiens[2][3], star\u0161ie:\u00a0\u010dlovek m\u00fadry[4][5], \u010fal\u0161ie synonym\u00e1\u00a0pozri ni\u017e\u0161ie;\u00a0lat.\u00a0Homo sapiens) je jedin\u00fd recentn\u00fd druh rodu\u00a0\u010dlovek (Homo). V s\u00fa\u010dasnosti ob\u00fdva plan\u00e9tu\u00a0Zem\u00a0a\u00a0Medzin\u00e1rodn\u00fa vesm\u00edrnu stanicu\u00a0na obe\u017enej dr\u00e1he Zeme. Je pre\u0148ho charakteristick\u00e9 vertik\u00e1lne dr\u017eanie tela,\u00a0inteligencia, vyu\u017e\u00edvanie\u00a0odevu,\u00a0schopnos\u0165 hovori\u0165[6]\u00a0a pomocou\u00a0r\u00fak\u00a0pou\u017e\u00edva\u0165 n\u00e1stroje. Vytv\u00e1ra ve\u013ek\u00e9 a hierarchicky komplikovan\u00e9 spolo\u010denstv\u00e1. Ako\u00a0bytos\u0165\u00a0si uvedomuje sama seba a [&hellip;]<\/p>\n","protected":false},"author":1,"featured_media":0,"parent":0,"menu_order":0,"comment_status":"closed","ping_status":"closed","template":"","meta":{"footnotes":""},"class_list":["post-38","page","type-page","status-publish","hentry"],"_links":{"self":[{"href":"https:\/\/7hi7.com\/sk-sk\/wp-json\/wp\/v2\/pages\/38","targetHints":{"allow":["GET"]}}],"collection":[{"href":"https:\/\/7hi7.com\/sk-sk\/wp-json\/wp\/v2\/pages"}],"about":[{"href":"https:\/\/7hi7.com\/sk-sk\/wp-json\/wp\/v2\/types\/page"}],"author":[{"embeddable":true,"href":"https:\/\/7hi7.com\/sk-sk\/wp-json\/wp\/v2\/users\/1"}],"replies":[{"embeddable":true,"href":"https:\/\/7hi7.com\/sk-sk\/wp-json\/wp\/v2\/comments?post=38"}],"version-history":[{"count":1,"href":"https:\/\/7hi7.com\/sk-sk\/wp-json\/wp\/v2\/pages\/38\/revisions"}],"predecessor-version":[{"id":39,"href":"https:\/\/7hi7.com\/sk-sk\/wp-json\/wp\/v2\/pages\/38\/revisions\/39"}],"wp:attachment":[{"href":"https:\/\/7hi7.com\/sk-sk\/wp-json\/wp\/v2\/media?parent=38"}],"curies":[{"name":"wp","href":"https:\/\/api.w.org\/{rel}","templated":true}]}}