{"id":34,"date":"2022-03-12T14:32:40","date_gmt":"2022-03-12T14:32:40","guid":{"rendered":"https:\/\/7hi7.com\/sk-sk\/?page_id=34"},"modified":"2022-03-12T14:32:40","modified_gmt":"2022-03-12T14:32:40","slug":"rodina","status":"publish","type":"page","link":"https:\/\/7hi7.com\/sk-sk\/rodina\/","title":{"rendered":"Rodina"},"content":{"rendered":"\n<h1 class=\"wp-block-heading\">Rodina<\/h1>\n\n\n\n<p>Rodina\u00a0je soci\u00e1lna skupina (prim\u00e1rna skupina) tvoren\u00e1 aspo\u0148 jedn\u00fdm\u00a0rodi\u010dom\u00a0a\u00a0die\u0165a\u0165om. Je malou soci\u00e1lnou skupinou, tvorenou\u00a0jednotlivcami\u00a0sp\u00e4t\u00fdmi\u00a0man\u017eelstvom,\u00a0pokrvn\u00fdm pr\u00edbuzenstvom\u00a0alebo\u00a0adopciou. \u010clenovia rodiny sa riadia ust\u00e1len\u00fdmi vzormi spr\u00e1vania sa, ka\u017ed\u00fd \u010dlen rodiny pln\u00ed ur\u010dit\u00fa soci\u00e1lnu \u00falohu. Rodina m\u00e1 reproduk\u010dn\u00fa, v\u00fdchovn\u00fa (je to v\u00fdchovn\u00e1 in\u0161tit\u00facia), ekonomick\u00fa pr\u00edpadne v\u00fdrobn\u00fa (je ekonomickou in\u0161tit\u00faciou), ochrann\u00fa, emocion\u00e1lnu funkciu.<\/p>\n\n\n\n<p>Rodina ako prostredie, s ktor\u00fdm sme najviac sp\u00e4t\u00ed, n\u00e1s v\u00fdrazne ovplyv\u0148uje a my ovplyv\u0148ujeme ju. Vytv\u00e1ra vlastn\u00e9 kult\u00farne prostredie, ktor\u00e9 formuje osobnos\u0165 det\u00ed. Ale je aj obrazom doby a jej politick\u00fdch, soci\u00e1lnych, ekonomick\u00fdch, kult\u00farnych, ekologick\u00fdch a in\u00fdch podmienok a z\u00e1sad. Rodina je prv\u00e1 skupina, ktorej \u010dlenom sa \u010dlovek st\u00e1va hne\u010f po svojom naroden\u00ed. Rodine z\u00e1le\u017e\u00ed na tom, aby spr\u00e1vne plnila \u00falohy v oblasti socializ\u00e1cie svojich \u010dlenov. Rodina odovzd\u00e1va kult\u00farne dedi\u010dstvo nasleduj\u00facim pokoleniam. Rodina realizuje spolo\u010densk\u00fa kontrolu nad svojimi pr\u00edslu\u0161n\u00edkmi. Rodina zais\u0165uje rovnov\u00e1hu medzi emocion\u00e1lnymi potrebami svojich \u010dlenov.<\/p>\n\n\n\n<p>Rodina m\u00e1 reproduk\u010dn\u00fa, v\u00fdchovn\u00fa, ekonomick\u00fa pr\u00edpadne v\u00fdrobn\u00fa ochrann\u00fa, emocion\u00e1lnu funkciu. Rodina ako prostredie, s ktor\u00fdm sme najviac sp\u00e4t\u00ed, n\u00e1s v\u00fdrazne ovplyv\u0148uje a my ovplyv\u0148ujeme ju. Vytv\u00e1ra vlastn\u00e9 kult\u00farne prostredie, ktor\u00e9 formuje osobnos\u0165 det\u00ed. Ale je aj obrazom doby a jej politick\u00fdch, soci\u00e1lnych, ekonomick\u00fdch, kult\u00farnych, ekologick\u00fdch a in\u00fdch podmienok a z\u00e1sad. Rodina je prv\u00e1 skupina, ktorej \u010dlenom sa \u010dlovek st\u00e1va hne\u010f po svojom naroden\u00ed.<\/p>\n\n\n\n<p>Rodine z\u00e1le\u017e\u00ed na tom, aby spr\u00e1vne plnila \u00falohy v oblasti socializ\u00e1cie svojich \u010dlenov. Rodina odovzd\u00e1va kult\u00farne dedi\u010dstvo nasleduj\u00facim pokoleniam. Rodina realizuje spolo\u010densk\u00fa kontrolu nad svojimi pr\u00edslu\u0161n\u00edkmi. Rodina zais\u0165uje rovnov\u00e1hu medzi emocion\u00e1lnymi potrebami svojich \u010dlenov.<\/p>\n\n\n\n<p><a href=\"https:\/\/sk.m.wikipedia.org\/wiki\/Rodina\">https:\/\/sk.m.wikipedia.org\/wiki\/Rodina<\/a><\/p>\n","protected":false},"excerpt":{"rendered":"<p>Rodina Rodina\u00a0je soci\u00e1lna skupina (prim\u00e1rna skupina) tvoren\u00e1 aspo\u0148 jedn\u00fdm\u00a0rodi\u010dom\u00a0a\u00a0die\u0165a\u0165om. Je malou soci\u00e1lnou skupinou, tvorenou\u00a0jednotlivcami\u00a0sp\u00e4t\u00fdmi\u00a0man\u017eelstvom,\u00a0pokrvn\u00fdm pr\u00edbuzenstvom\u00a0alebo\u00a0adopciou. \u010clenovia rodiny sa riadia ust\u00e1len\u00fdmi vzormi spr\u00e1vania sa, ka\u017ed\u00fd \u010dlen rodiny pln\u00ed ur\u010dit\u00fa soci\u00e1lnu \u00falohu. Rodina m\u00e1 reproduk\u010dn\u00fa, v\u00fdchovn\u00fa (je to v\u00fdchovn\u00e1 in\u0161tit\u00facia), ekonomick\u00fa pr\u00edpadne v\u00fdrobn\u00fa (je ekonomickou in\u0161tit\u00faciou), ochrann\u00fa, emocion\u00e1lnu funkciu. Rodina ako prostredie, s ktor\u00fdm sme najviac sp\u00e4t\u00ed, [&hellip;]<\/p>\n","protected":false},"author":1,"featured_media":0,"parent":0,"menu_order":0,"comment_status":"closed","ping_status":"closed","template":"","meta":{"footnotes":""},"class_list":["post-34","page","type-page","status-publish","hentry"],"_links":{"self":[{"href":"https:\/\/7hi7.com\/sk-sk\/wp-json\/wp\/v2\/pages\/34","targetHints":{"allow":["GET"]}}],"collection":[{"href":"https:\/\/7hi7.com\/sk-sk\/wp-json\/wp\/v2\/pages"}],"about":[{"href":"https:\/\/7hi7.com\/sk-sk\/wp-json\/wp\/v2\/types\/page"}],"author":[{"embeddable":true,"href":"https:\/\/7hi7.com\/sk-sk\/wp-json\/wp\/v2\/users\/1"}],"replies":[{"embeddable":true,"href":"https:\/\/7hi7.com\/sk-sk\/wp-json\/wp\/v2\/comments?post=34"}],"version-history":[{"count":1,"href":"https:\/\/7hi7.com\/sk-sk\/wp-json\/wp\/v2\/pages\/34\/revisions"}],"predecessor-version":[{"id":35,"href":"https:\/\/7hi7.com\/sk-sk\/wp-json\/wp\/v2\/pages\/34\/revisions\/35"}],"wp:attachment":[{"href":"https:\/\/7hi7.com\/sk-sk\/wp-json\/wp\/v2\/media?parent=34"}],"curies":[{"name":"wp","href":"https:\/\/api.w.org\/{rel}","templated":true}]}}