{"id":30,"date":"2022-03-08T11:58:24","date_gmt":"2022-03-08T11:58:24","guid":{"rendered":"https:\/\/7hi7.com\/sk-sk\/?page_id=30"},"modified":"2022-03-08T11:58:24","modified_gmt":"2022-03-08T11:58:24","slug":"zdravie","status":"publish","type":"page","link":"https:\/\/7hi7.com\/sk-sk\/zdravie\/","title":{"rendered":"Zdravie"},"content":{"rendered":"\n<h1 class=\"wp-block-heading\" id=\"firstHeading\">Zdravie<\/h1>\n\n\n\n<p>telesn\u00e9, du\u0161evn\u00e9 a soci\u00e1lne blaho<\/p>\n\n\n\n<p>Zdravie&nbsp;je stav telesn\u00e9ho, du\u0161evn\u00e9ho a soci\u00e1lneho blaha. Je to opak&nbsp;choroby, nielen jej nepr\u00edtomnos\u0165 alebo poruchy funkcie. Zdravie je forma existencie organizmu, ktor\u00e1 sa bu\u010f vylu\u010duje s chorobou, alebo prech\u00e1dza do choroby.<\/p>\n\n\n\n<p>Svetov\u00e1 zdravotn\u00edcka organiz\u00e1cia&nbsp;definuje zdravie ako \u201estav kompletnej fyzickej, du\u0161evnej a soci\u00e1lnej pohody a nielen ako stav nepr\u00edtomnosti choroby a slabosti\u201d. Napriek tomu, \u017ee to je u\u017eito\u010dn\u00e1 a presn\u00e1 defin\u00edcia, niekto to m\u00f4\u017ee pova\u017eova\u0165 za idealistick\u00e9 a nere\u00e1lne. Pod\u013ea tejto defin\u00edcie SZO, 70&nbsp;\u2013&nbsp;95&nbsp;% popul\u00e1cie je nezdrav\u00fdch.<\/p>\n\n\n\n<p>Zdravie je optim\u00e1lny funk\u010dn\u00fd stav \u017eiv\u00e9ho syst\u00e9mu v totalite jeho akt\u00edvnych a reakt\u00edvnych \u017eivotn\u00fdch prejavov. Toto optimum ako konkr\u00e9tna totalita mo\u017en\u00fdch \u017eivotn\u00fdch prejavov je rozdielne u jednotliv\u00fdch druhov a v r\u00e1mci druhov u popul\u00e1ci\u00ed, pohlav\u00ed, indiv\u00eddu\u00ed, resp. v jednotliv\u00fdch \u0161t\u00e1di\u00e1ch individu\u00e1lneho v\u00fdvinu.<\/p>\n\n\n\n<p>Pod\u013ea v\u0161etk\u00e9ho, \u010do bolo doteraz povedan\u00e9, nie je zdravie trval\u00fd a nepremenn\u00fd stav. Ide o dynamick\u00fd proces, ktor\u00fd vych\u00e1dza zo s\u00fastavn\u00e9ho vz\u00e1jomn\u00e9ho p\u00f4sobenia&nbsp;organizmu&nbsp;na prostredie a naopak, vedie k maxim\u00e1lnemu rozvoju dan\u00fdch mo\u017enost\u00ed organizmu a prostredia, je to schopnos\u0165 vyv\u00e1\u017ei\u0165 zmeny vonkaj\u0161ieho prostredia. Zmier\u0148uje stupnicu n\u00e1rokov na prostredie. Pod n\u00e1rokmi prostredia sa rozumej\u00fa extr\u00e9mne, teplotn\u00e9, tlakov\u00e9 a in\u00e9 v\u00fdkyvy vonkaj\u0161ieho prostredia a zdravie je schopnos\u0165 organizmu adaptova\u0165 sa na toto vonkaj\u0161ie prostredie. Na vonkaj\u0161ie prostredie a interakciu organizmu s n\u00edm sa d\u00edvame z fyzik\u00e1lneho, chemick\u00e9ho, biologick\u00e9ho a psychick\u00e9ho aspektu, ktor\u00fd treba ch\u00e1pa\u0165 v dimenzi\u00e1ch objektivity a subjektivity, kvality a kvantity.<\/p>\n\n\n\n<p>Pojem zdravia je z\u00e1kladn\u00fdm pojmom v\u0161eobecnej\u00a0biol\u00f3gie\u00a0a\u00a0medic\u00edny.<\/p>\n\n\n\n<p><a href=\"https:\/\/sk.m.wikipedia.org\/wiki\/Zdravie\">https:\/\/sk.m.wikipedia.org\/wiki\/Zdravie<\/a><\/p>\n","protected":false},"excerpt":{"rendered":"<p>Zdravie telesn\u00e9, du\u0161evn\u00e9 a soci\u00e1lne blaho Zdravie&nbsp;je stav telesn\u00e9ho, du\u0161evn\u00e9ho a soci\u00e1lneho blaha. Je to opak&nbsp;choroby, nielen jej nepr\u00edtomnos\u0165 alebo poruchy funkcie. Zdravie je forma existencie organizmu, ktor\u00e1 sa bu\u010f vylu\u010duje s chorobou, alebo prech\u00e1dza do choroby. Svetov\u00e1 zdravotn\u00edcka organiz\u00e1cia&nbsp;definuje zdravie ako \u201estav kompletnej fyzickej, du\u0161evnej a soci\u00e1lnej pohody a nielen ako stav nepr\u00edtomnosti choroby [&hellip;]<\/p>\n","protected":false},"author":1,"featured_media":0,"parent":0,"menu_order":0,"comment_status":"closed","ping_status":"closed","template":"","meta":{"footnotes":""},"class_list":["post-30","page","type-page","status-publish","hentry"],"_links":{"self":[{"href":"https:\/\/7hi7.com\/sk-sk\/wp-json\/wp\/v2\/pages\/30","targetHints":{"allow":["GET"]}}],"collection":[{"href":"https:\/\/7hi7.com\/sk-sk\/wp-json\/wp\/v2\/pages"}],"about":[{"href":"https:\/\/7hi7.com\/sk-sk\/wp-json\/wp\/v2\/types\/page"}],"author":[{"embeddable":true,"href":"https:\/\/7hi7.com\/sk-sk\/wp-json\/wp\/v2\/users\/1"}],"replies":[{"embeddable":true,"href":"https:\/\/7hi7.com\/sk-sk\/wp-json\/wp\/v2\/comments?post=30"}],"version-history":[{"count":1,"href":"https:\/\/7hi7.com\/sk-sk\/wp-json\/wp\/v2\/pages\/30\/revisions"}],"predecessor-version":[{"id":31,"href":"https:\/\/7hi7.com\/sk-sk\/wp-json\/wp\/v2\/pages\/30\/revisions\/31"}],"wp:attachment":[{"href":"https:\/\/7hi7.com\/sk-sk\/wp-json\/wp\/v2\/media?parent=30"}],"curies":[{"name":"wp","href":"https:\/\/api.w.org\/{rel}","templated":true}]}}