{"id":28,"date":"2022-03-04T13:46:22","date_gmt":"2022-03-04T13:46:22","guid":{"rendered":"https:\/\/7hi7.com\/sk-sk\/?page_id=28"},"modified":"2022-03-04T13:46:22","modified_gmt":"2022-03-04T13:46:22","slug":"sloboda","status":"publish","type":"page","link":"https:\/\/7hi7.com\/sk-sk\/sloboda\/","title":{"rendered":"Sloboda"},"content":{"rendered":"\n<h1 class=\"wp-block-heading\" id=\"firstHeading\">Sloboda<\/h1>\n\n\n\n<p>nepr\u00edtomnos\u0165 donucovania<\/p>\n\n\n\n<p>Sloboda\u00a0je nepr\u00edtomnos\u0165 donucovania: nemusenie robi\u0165 to, \u010do sa nechce, z \u010doho v\u0161ak nevypl\u00fdva smie\u0165 robi\u0165, \u010do sa chce; preto sa pojem slobody odli\u0161uje od pojmu svojv\u00f4le. Pojem slobody je ve\u013emi mnohozna\u010dn\u00fd, \u010do sa zneu\u017eiva na ideologick\u00fa\u00a0manipul\u00e1ciu; preto sa pri vyjadrovan\u00ed pojmu slobody obzvl\u00e1\u0161\u0165 odpor\u00fa\u010da\u00a0indexovanie.<\/p>\n\n\n\n<p>Sloboda je jedna zo z\u00e1kladn\u00fdch\u00a0spolo\u010densk\u00fdch hodn\u00f4t.<\/p>\n\n\n\n<p><a href=\"https:\/\/sk.m.wikipedia.org\/wiki\/Sloboda\">https:\/\/sk.m.wikipedia.org\/wiki\/Sloboda<\/a><\/p>\n","protected":false},"excerpt":{"rendered":"<p>Sloboda nepr\u00edtomnos\u0165 donucovania Sloboda\u00a0je nepr\u00edtomnos\u0165 donucovania: nemusenie robi\u0165 to, \u010do sa nechce, z \u010doho v\u0161ak nevypl\u00fdva smie\u0165 robi\u0165, \u010do sa chce; preto sa pojem slobody odli\u0161uje od pojmu svojv\u00f4le. Pojem slobody je ve\u013emi mnohozna\u010dn\u00fd, \u010do sa zneu\u017eiva na ideologick\u00fa\u00a0manipul\u00e1ciu; preto sa pri vyjadrovan\u00ed pojmu slobody obzvl\u00e1\u0161\u0165 odpor\u00fa\u010da\u00a0indexovanie. Sloboda je jedna zo z\u00e1kladn\u00fdch\u00a0spolo\u010densk\u00fdch hodn\u00f4t. https:\/\/sk.m.wikipedia.org\/wiki\/Sloboda<\/p>\n","protected":false},"author":1,"featured_media":0,"parent":0,"menu_order":0,"comment_status":"closed","ping_status":"closed","template":"","meta":{"footnotes":""},"class_list":["post-28","page","type-page","status-publish","hentry"],"_links":{"self":[{"href":"https:\/\/7hi7.com\/sk-sk\/wp-json\/wp\/v2\/pages\/28","targetHints":{"allow":["GET"]}}],"collection":[{"href":"https:\/\/7hi7.com\/sk-sk\/wp-json\/wp\/v2\/pages"}],"about":[{"href":"https:\/\/7hi7.com\/sk-sk\/wp-json\/wp\/v2\/types\/page"}],"author":[{"embeddable":true,"href":"https:\/\/7hi7.com\/sk-sk\/wp-json\/wp\/v2\/users\/1"}],"replies":[{"embeddable":true,"href":"https:\/\/7hi7.com\/sk-sk\/wp-json\/wp\/v2\/comments?post=28"}],"version-history":[{"count":1,"href":"https:\/\/7hi7.com\/sk-sk\/wp-json\/wp\/v2\/pages\/28\/revisions"}],"predecessor-version":[{"id":29,"href":"https:\/\/7hi7.com\/sk-sk\/wp-json\/wp\/v2\/pages\/28\/revisions\/29"}],"wp:attachment":[{"href":"https:\/\/7hi7.com\/sk-sk\/wp-json\/wp\/v2\/media?parent=28"}],"curies":[{"name":"wp","href":"https:\/\/api.w.org\/{rel}","templated":true}]}}