{"id":26,"date":"2022-03-04T07:15:42","date_gmt":"2022-03-04T07:15:42","guid":{"rendered":"https:\/\/7hi7.com\/sk-sk\/?page_id=26"},"modified":"2025-12-02T16:22:21","modified_gmt":"2025-12-02T16:22:21","slug":"klaudia","status":"publish","type":"page","link":"https:\/\/7hi7.com\/sk-sk\/klaudia\/","title":{"rendered":"Klaudia"},"content":{"rendered":"\n<h3 class=\"has-text-align-center wp-block-heading\">1. Intelektu\u00e1lny rozvoj. 2. Duchovn\u00fd rozvoj. Relax\u00e1cia, najlep\u0161ie medit\u00e1cie, afirm\u00e1cie, dobr\u00e9 \u00famysly, sebasugescie, muzikoterapia.<\/h3>\n\n\n\n<h3 class=\"wp-block-heading\">Kan\u00e1l YouTube \u2013 Klaudia Pingot SpecBabka:<\/h3>\n\n\n\n<p><a href=\"https:\/\/m.youtube.com\/channel\/UCTQoTy2IzS-NgX1yysc17YQ\">https:\/\/m.youtube.com\/channel\/UCTQoTy2IzS-NgX1yysc17YQ<\/a><\/p>\n\n\n\n<h3 class=\"wp-block-heading\">Facebook:<\/h3>\n\n\n\n<p><a href=\"https:\/\/m.facebook.com\/SpecBabka\/\">https:\/\/m.facebook.com\/SpecBabka\/<\/a><\/p>\n\n\n\n<h3 class=\"wp-block-heading\">127 silov\u00fdch potvrden\u00ed, 432 Hz. Po\u010d\u00favajte ka\u017ed\u00fd de\u0148. Viac m\u00e1gie ka\u017ed\u00fd de\u0148.<\/h3>\n\n\n\n<figure class=\"wp-block-embed is-type-video is-provider-youtube wp-block-embed-youtube wp-embed-aspect-16-9 wp-has-aspect-ratio\"><div class=\"wp-block-embed__wrapper\">\n<iframe loading=\"lazy\" title=\"127 afirmacji mocy, 432 Hz. S\u0142uchaj ka\u017cdego dnia. Wi\u0119cej magii na co dzie\u0144.\" width=\"580\" height=\"326\" src=\"https:\/\/www.youtube.com\/embed\/k6CstcOCyH0?feature=oembed\" frameborder=\"0\" allow=\"accelerometer; autoplay; clipboard-write; encrypted-media; gyroscope; picture-in-picture; web-share\" referrerpolicy=\"strict-origin-when-cross-origin\" allowfullscreen><\/iframe>\n<\/div><\/figure>\n\n\n\n<p>&#8222;0. Pl\u00e1vam \u010falej a hlb\u0161ie.&#8220;<\/p>\n\n\n\n<p>1. Moje my\u0161lienky ovplyv\u0148uj\u00fa to, \u010do bolo a \u010do bude.<br>2. Som.<br>3. Som a c\u00edtim silu pr\u00fadiacu z tohto slova.<br>4. Som tu a teraz.<br>5. Som s\u00fa\u010das\u0165ou vesm\u00edru.<br>6. Som du\u0161a v tele a telo v du\u0161i.<br>7. Som spojen\u00edm energie a hmoty.<br>8. Nie som tu n\u00e1hodou.<br>9. Som tu z nejak\u00e9ho d\u00f4vodu.<br>10. Som m\u00fadros\u0165 svojich sk\u00fasenost\u00ed.<br>11. Som potenci\u00e1l svojich pocitov a my\u0161lienok.<br>12. Som v\u00fdsledkom svojich rozhodnut\u00ed.<br>13. Som dokonalos\u0165 vo svojej nedokonalosti.<br>14. Som hodnota sama o sebe.<br>15. Som tu a st\u00e1le som.<br>16. Som, aj ke\u010f ni\u010d nem\u00e1m.<br>17. Som aj vtedy, ke\u010f si ma nikto nev\u0161\u00edma.<br>18. Ja som svetlo v tme.<br>19. Som dych v tichu.<br>20. Som tvorcom svojho \u017eivota.<br>21. Som a c\u00edtim to vo svojom srdci.<br>22. Som, preto\u017ee Ty si.<br>23. Si, preto\u017ee ja som.<br>24. Pl\u00e1vam \u010falej a hlb\u0161ie.<br>25. Moje my\u0161lienky ovplyv\u0148uj\u00fa to, \u010do bolo a \u010do bude.<br>26. \u017dijem.<br>27. Som na\u017eive a c\u00edtim silu pr\u00fadiacu z tohto slova.<br>28. \u017dijem, preto\u017ee viem, \u017ee tento \u017eivot sa mi st\u00e1va.<br>29. Som na\u017eive a toto je najv\u00e4\u010d\u0161\u00ed dar.<br>30. \u017dijem a v\u010faka tomu m\u00f4\u017eem pre\u017e\u00edva\u0165 l\u00e1sku.<br>31. Som na\u017eive, a preto sa m\u00f4\u017eem pou\u010di\u0165 zo svojich ch\u00fdb.<br>32. Som na\u017eive a m\u00f4\u017eem za\u010da\u0165 ka\u017ed\u00fd de\u0148 odznova.<br>33. Som na\u017eive a m\u00e1m pr\u00e1vo v tomto \u017eivote presta\u0165.<br>34. \u017dijem, aby som z\u00edskaval nov\u00e9 sk\u00fasenosti.<br>35. \u017dijem preto, aby som sa rozv\u00edjal a spozn\u00e1val.<br>36. \u017dijem, aby som i\u0161iel pr\u00edkladom.<br>37. \u017dijem, aby som pre\u017e\u00edval rados\u0165 a v\u010fa\u010dnos\u0165.<br>38. \u017dijem tak, \u017ee prech\u00e1dzam t\u00fdmto \u017eivotom s odvahou a zvedavos\u0165ou.<br>39. \u017dijem a c\u00edtim to vo svojom srdci.<br>40. Toto je m\u00f4j \u017eivot a m\u00f4j \u010das.<br>41. Toto je moja cesta a moje dobrodru\u017estvo.<br>42. \u017dijem, preto\u017ee \u017eivot stoj\u00ed za to.<br>43. Pl\u00e1vam \u010falej a hlb\u0161ie.<br>44. Moje my\u0161lienky ovplyv\u0148uj\u00fa to, \u010do bolo a \u010do bude.<br>45. Prij\u00edmam.<br>46. Prij\u00edmam a c\u00edtim silu tohto slova.<br>47. Prij\u00edmam, aby som utrpenie zmenil na pochopenie.<br>48. Prij\u00edmam realitu tak\u00fa, ak\u00e1 je.<br>49. Prij\u00edmam sa tak\u00fd, ak\u00fd som.<br>50. Prij\u00edmam svoje svetl\u00e1 a tiene.<br>51. Prij\u00edmam sa tam, kde som.<br>52. Prij\u00edmam to, \u010do sa mi stalo a deje.<br>53. Prij\u00edmam svoje vlastn\u00e9 chyby a zlyhania.<br>54. Akceptujem \u013eud\u00ed a ich rozmanitos\u0165.<br>55. Akceptujem zlo\u017eitos\u0165 \u017eivota<br>56. Prij\u00edmam svoj hnev a bezmocnos\u0165.<br>57. Prij\u00edmam svoju minulos\u0165.<br>58. Prij\u00edmam to a c\u00edtim to vo svojom srdci.<br>59. Akceptujem, \u017ee nie v\u0161etko je tak\u00e9, ak\u00e9 chcem.<br>60. N\u00e1mietku nahr\u00e1dzam prijat\u00edm.<br>61. Ke\u010f to prijmem, moje telo sa uvo\u013en\u00ed a uzdrav\u00ed.<br>62. Prijatie zah\u0155\u0148a m\u0148a a svet.<br>63. Pl\u00e1vam \u010falej a hlb\u0161ie.<br>64. Moje my\u0161lienky ovplyv\u0148uj\u00fa to, \u010do bolo a \u010do bude.<br>65. Odp\u00fa\u0161\u0165am.<br>66. Odp\u00fa\u0161\u0165am a c\u00edtim silu toho slova.<br>67. Odp\u00fa\u0161\u0165am pusti\u0165 bremeno.<br>68. Odp\u00fa\u0161\u0165am si chyby.<br>69. Odp\u00fa\u0161\u0165am svetovej nespravodlivosti.<br>70. Odp\u00fa\u0161\u0165am si, \u017ee niekedy zlyh\u00e1m.<br>71. Odp\u00fa\u0161\u0165am t\u00fdm, kv\u00f4li ktor\u00fdm trp\u00edm.<br>72. Odp\u00fa\u0161\u0165am a m\u00e1m s\u00facit.<br>73. Ke\u010f odpust\u00edm, moje telo sa stane \u013eahk\u00fdm a moje srdce sa oslobod\u00ed.<br>74. Obj\u00edmam seba a svet s odpusten\u00edm a s\u00facitom.<br>75. Pl\u00e1vam \u010falej a hlb\u0161ie.<br>76. Moje my\u0161lienky ovplyv\u0148uj\u00fa to, \u010do bolo a \u010do bude.<br>77. M\u00e1m pr\u00e1vo by\u0165 s\u00e1m sebou.<br>78. M\u00e1m pr\u00e1vo poveda\u0165 \u201enie\u201c<br>79. M\u00e1m schopnos\u0165 poveda\u0165: \u201eChcem\u201c<br>80. M\u00e1m oblohu nad hlavou.<br>81. M\u00e1m zem pod nohami.<br>82. M\u00e1m okolo seba pr\u00edrodu.<br>83. M\u00e1m seba.<br>84. M\u00e1m srdce, ktor\u00e9 bije.<br>85. M\u00e1m l\u00e1sku v sebe a okolo seba.<br>86. Uvedomujem si, \u010do je d\u00f4le\u017eit\u00e9.<br>87. M\u00e1m dych, ktor\u00fd mi d\u00e1va \u017eivot.<br>88. M\u00e1m \u017eivot, ktor\u00fd je cestou.<br>89. M\u00e1m dos\u0165 na to, aby som c\u00edtil rados\u0165.<br>90. M\u00e1m dos\u0165 na to, aby som c\u00edtil v\u010fa\u010dnos\u0165.<br>91. Ke\u010f c\u00edtim, \u017ee toho m\u00e1m tak ve\u013ea, moje telo stuhne a moje srdce je v pohode.<br>92. Pl\u00e1vam \u010falej a hlb\u0161ie.<br>93. Moje my\u0161lienky ovplyv\u0148uj\u00fa to, \u010do bolo a \u010do bude.<br>94. Dovo\u013eujem si pusti\u0165 to, \u010do mi nesl\u00fa\u017ei.<br>95. Dovoli\u0165 si za\u017ei\u0165 to, \u010do potrebujem.<br>96. Dovo\u013eujem si c\u00edti\u0165 svetlo v sebe.<br>97. Dovo\u013eujem si by\u0165 s\u00e1m sebou.<br>98. Dovo\u013eujem si oddychova\u0165.<br>99. Dovo\u013eujem svojej intu\u00edcii, aby ma podporovala.<br>100. Nech\u00e1vam svoju minulos\u0165, aby mi dala m\u00fadros\u0165 sk\u00fasenost\u00ed.<br>101. Dovo\u013eujem, aby ma moja bud\u00facnos\u0165 viedla k tomu najlep\u0161iemu.<br>102. Dovo\u013eujem, aby moje tu a teraz bolo chv\u00ed\u013eou sily.<br>103. Ke\u010f sa venujem tomu, \u010do je d\u00f4le\u017eit\u00e9, moje telo mi d\u00e1va kr\u00eddla a srdce mi rytmicky bije.<br>104. Pl\u00e1vam \u010falej a hlb\u0161ie.<br>105. Moje my\u0161lienky ovplyv\u0148uj\u00fa to, \u010do bolo a \u010do bude.<br>106. Otv\u00e1ram sa.<br>107. Otv\u00e1ram sa a c\u00edtim silu pr\u00fadiacu z tohto slova.<br>108. Som otvoren\u00fd l\u00e1ske.<br>109. Som otvoren\u00fd dobru.<br>110. Otv\u00e1ram sa nezn\u00e1mu.<br>111. Som otvoren\u00fd svojim potenci\u00e1lom.<br>112. Som otvoren\u00fd \u013eu\u010fom.<br>113. Otv\u00e1ram sa s\u00e1m sebe.<br>114. Som otvoren\u00fd v\u0161etk\u00e9mu, \u010do nov\u00fd de\u0148 prinesie.<br>115. Som otvoren\u00fd pr\u00edle\u017eitostiam a pou\u010deniam z \u0165a\u017ek\u00fdch sk\u00fasenost\u00ed.<br>116. Som otvoren\u00fd hojnosti a hojnosti.<br>117. Som otvoren\u00fd zmen\u00e1m.<br>118. Ke\u010f otvor\u00edm svoju myse\u013e, moje telo sa c\u00edti siln\u00e9 a moje srdce odv\u00e1\u017ene.<br>119. Pl\u00e1vam \u010falej a hlb\u0161ie.<br>120. Moje my\u0161lienky ovplyv\u0148uj\u00fa to, \u010do bolo a \u010do bude.<br>121. Vyrovn\u00e1vam energiu v sebe a vo v\u0161etk\u00fdch energetick\u00fdch centr\u00e1ch.<br>122. Vyva\u017eujem kore\u0148ov\u00fa \u010dakru, aby som sa c\u00edtil bezpe\u010dne.<br>123. Vyrovn\u00e1vam sakr\u00e1lnu \u010dakru, aby som za\u017eil ne\u017enos\u0165.<br>124. Vyva\u017eujem svoju \u010dakru solar plexu, aby som c\u00edtil agent\u00faru.<br>125. Vyva\u017eujem svoju srdcov\u00fa \u010dakru l\u00e1skou.<br>126. Vyrovn\u00e1vam svoju kr\u010dn\u00fa \u010dakru, aby som \u017eil svoju pravdu.<br>127. Vyva\u017eujem \u010dakru tretieho oka, aby som si bol vedom\u00fd.<br>128. Otv\u00e1ram korunn\u00fa \u010dakru, aby som sa spojil so svoj\u00edm vy\u0161\u0161\u00edm ja.<br>129. Ke\u010f vyrovn\u00e1vam svoju energiu, moje telo sa uzdravuje a moje srdce je naplnen\u00e9 l\u00e1skou.<br>130. Pl\u00e1vam \u010falej a hlb\u0161ie.<br>131. Moje my\u0161lienky ovplyv\u0148uj\u00fa to, \u010do bolo a \u010do bude.<br>132. D\u00fdcham a c\u00edtim, ako z toho pr\u00fadi sila.<br>133. Vo\u013ene d\u00fdcham.<br>134. D\u00fdcham, preto\u017ee \u017eijem.<br>135. D\u00fdcham, aby som si dal \u017eivot.<br>136. D\u00fdcham l\u00e1sku.<br>137. D\u00fdcham s\u00facitom.<br>138. Dobre sa mi d\u00fdcha.<br>139. D\u00fdcham naplnenie.<br>140. D\u00fdcham plynule a zhlboka.<br>141. D\u00fdcham vedome.<br>142. D\u00fdcham so stromami.<br>143. D\u00fdcham a p\u00fa\u0161\u0165am to, \u010do mi nesl\u00fa\u017ei.<br>144. D\u00fdcham rozp\u00fa\u0161\u0165an\u00edm my\u0161lienok.<br>145. D\u00fdcham, ke\u010f sa sp\u00e1jam s pr\u00edtomn\u00fdm okamihom.<br>146. D\u00fdcham a c\u00edtim, \u017ee v\u0161etko pre m\u0148a funguje.<\/p>\n\n\n\n<p>Ke\u010f u\u017e budete vedie\u0165 a poc\u00edtite, ako m\u00f4\u017eu va\u0161e my\u0161lienky a pocity ovplyvni\u0165 v\u00e1s a v\u00e1\u0161 \u017eivot, nechajte sa ka\u017ed\u00fd de\u0148 vies\u0165 najlep\u0161\u00edmi \u00famyslami a va\u0161e srdce sa stane va\u0161\u00edm kompasom. Ubuntu &#8222;.<\/p>\n\n\n\n<p>.&#8220;<br><\/p>\n\n\n\n<p>Text a predstavenie medit\u00e1cie: Klaudia Pingot<\/p>\n\n\n\n<p>Hudba: Mariusz Maciej Drozdowski<\/p>\n\n\n\n<p>&#8230;<\/p>\n\n\n\n<p>14 x zdvojn\u00e1soben\u00e9:<br>\u201ePl\u00e1vam \u010falej a hlb\u0161ie.\u201c<br>\u201eMoje my\u0161lienky ovplyv\u0148uj\u00fa to, \u010do bolo a \u010do bude.\u201c<\/p>\n\n\n\n<p>146 \u2013 14 = 132<\/p>\n\n\n\n<p>\u201eSom\u201c.<br>\u201e\u017dijem\u201c.<br>\u201ePrij\u00edmam\u201c.<br>\u201eOdp\u00fa\u0161\u0165am\u201c.<br>\u201eOtv\u00e1ram\u201c.<\/p>\n\n\n\n<p>Toto s\u00fa d\u00f4le\u017eitej\u0161ie afirm\u00e1cie, preto\u017ee s\u00fa tie\u017e zdvojen\u00e9: \u201e[&#8230;] a c\u00edtim silu pr\u00fadiacu z tohto slova.\u201c<\/p>\n\n\n\n<p>132-5 = 127<\/p>\n\n\n\n<h3 class=\"wp-block-heading\">432 Hz najlep\u0161ia medit\u00e1cia na za\u010diatok d\u0148a. V\u010fa\u010dnos\u0165, sila z\u00e1meru a vibr\u00e1cie.<\/h3>\n\n\n\n<figure class=\"wp-block-embed is-type-video is-provider-youtube wp-block-embed-youtube wp-embed-aspect-16-9 wp-has-aspect-ratio\"><div class=\"wp-block-embed__wrapper\">\n<iframe loading=\"lazy\" title=\"432 Hz najlepsza medytacja na pocz\u0105tek dnia. Wdzi\u0119czno\u015b\u0107, moc intencji i wibracje.\" width=\"580\" height=\"326\" src=\"https:\/\/www.youtube.com\/embed\/3LQkLlwyo0A?feature=oembed\" frameborder=\"0\" allow=\"accelerometer; autoplay; clipboard-write; encrypted-media; gyroscope; picture-in-picture; web-share\" referrerpolicy=\"strict-origin-when-cross-origin\" allowfullscreen><\/iframe>\n<\/div><\/figure>\n\n\n\n<h3 class=\"wp-block-heading\">Vypo\u010dujte si 107 afirm\u00e1ci\u00ed denne. Pril\u00e1kajte l\u00e1sku, hojnos\u0165 a budujte si seba\u00factu.<\/h3>\n\n\n\n<figure class=\"wp-block-embed is-type-video is-provider-youtube wp-block-embed-youtube wp-embed-aspect-16-9 wp-has-aspect-ratio\"><div class=\"wp-block-embed__wrapper\">\n<iframe loading=\"lazy\" title=\"S\u0142uchaj codziennie 107 afirmacji. Przyci\u0105gaj mi\u0142o\u015b\u0107, obfito\u015b\u0107 i zbuduj poczucie w\u0142asnej warto\u015bci.\" width=\"580\" height=\"326\" src=\"https:\/\/www.youtube.com\/embed\/S50eSbpVS0M?feature=oembed\" frameborder=\"0\" allow=\"accelerometer; autoplay; clipboard-write; encrypted-media; gyroscope; picture-in-picture; web-share\" referrerpolicy=\"strict-origin-when-cross-origin\" allowfullscreen><\/iframe>\n<\/div><\/figure>\n\n\n\n<p>&#8222;5. Uvo\u013e\u0148ujem nap\u00e4tie v celom tele. Telo prep\u00fa\u0161\u0165a nap\u00e4tie.<br>4. Uvo\u013e\u0148ujem svoju myse\u013e od my\u0161lienok. Myse\u013e je osloboden\u00e1 od my\u0161lienok.<br>3. Dovo\u013eujem seba, aby som sa vzdal kontroly.<br>2. Sp\u00e1jam sa v pr\u00edtomnom okamihu.<br>1. Odovzd\u00e1vam sa svojmu vy\u0161\u0161iemu \u201eja\u201c, m\u00fadrosti svojho srdca a sile svojej mysle.<\/p>\n\n\n\n<p>6. Pl\u00e1vam \u010falej a hlb\u0161ie.<br>7. Dovo\u013eujem si c\u00edti\u0165 energiu, ktor\u00e1 ma nap\u013a\u0148a a obklopuje.<br>8. M\u00f4j dych sa st\u00e1va energiou.<br>9. Energia je teplo, ktor\u00e9 c\u00edtim v hrudi.<br>10. Moje my\u0161lienky s\u00fa energia.<br>11. Moje my\u0161lienky sa st\u00e1vaj\u00fa ako mot\u00fdle lietaj\u00face okolo.<br>12. D\u00e1vaj\u00fa mi rados\u0165 a \u00fa\u013eavu.<br>13. Moje telo nap\u013a\u0148a \u00fa\u013eava a v\u0161etka realita okolo m\u0148a sa hojd\u00e1 ako pokojn\u00e9 vlny oce\u00e1nu.<br>14. Otv\u00e1ram svoje srdce \u017eivotu, otv\u00e1ram svoje srdce sebe.<br>15. Otv\u00e1ram svoje srdce dobru a kr\u00e1se.<br>16. Dovo\u013eujem, aby ku mne pr\u00fadila kr\u00e1sa a dobro.<br>17. C\u00edtim ich ako energiu.<br>18. Odovzd\u00e1vam sa tomu, \u010do prich\u00e1dza, a ver\u00edm, \u017ee to, \u010do prich\u00e1dza, mi bude sl\u00fa\u017ei\u0165.<br>19. \u017dijem t\u00fato chv\u00ed\u013eu &#8211; teraz.<br>20. Op\u00fa\u0161\u0165am to, \u010do mi nesl\u00fa\u017ei.<br>21. Viem, \u017ee ka\u017ed\u00e1 sk\u00fasenos\u0165 ma buduje a obohacuje m\u00f4j pr\u00edbeh.<br>22. Oslobodzujem sa od hnevu, viny a strachu.<br>23. Prepustil som \u017eiarlivos\u0165 a \u013e\u00fatos\u0165.<br>24. S ka\u017ed\u00fdm vedom\u00fdm n\u00e1dychom op\u00fa\u0161\u0165am to, \u010do bolo bremeno.<br>25. Odhadzujem zbyto\u010dn\u00e9 bremeno my\u0161lienok a em\u00f3ci\u00ed.<br>26. Moje svaly uvo\u013e\u0148uj\u00fa nap\u00e4tie a moja myse\u013e sa st\u00e1va \u013eahkou a pr\u00edjemnou.<br>27. U\u017e ma neovl\u00e1daj\u00fa \u017eiadne em\u00f3cie.<br>28. C\u00edtim slobodu.<br>29. Pri poh\u013eade na stromy a horizonty c\u00edtim nesp\u00fatan\u00fa rados\u0165.<br>30. C\u00edtim sa svie\u017eo, ke\u010f si uvedomujem vzduch, ktor\u00fd obklopuje moje telo.<br>31. C\u00edtim sa v harm\u00f3nii, ke\u010f vedome a pravidelne d\u00fdcham.<br>32. Ka\u017ed\u00fd okamih je v mojom \u017eivote d\u00f4le\u017eit\u00fd.<br>33. C\u00edtim v\u010fa\u010dnos\u0165, \u017ee som tu a som t\u00fdm, k\u00fdm som.<br>34. Je vo mne neobmedzen\u00e1 moc tvori\u0165 seba a svoju hist\u00f3riu.<br>35. Vyber\u00e1m si m\u00fadro a moj\u00edm najlep\u0161\u00edm radcom je mier.<br>36. Dnes sa naplno otv\u00e1ram l\u00e1ske, hojnosti a zdravej seba\u00facte.<br>37. Nechajte ma to c\u00edti\u0165.<br>38. Som otvoren\u00fd l\u00e1ske.<br>39. L\u00e1ska je energia, ktor\u00fa poz\u00fdvam a s ktorou rezonujem.<br>40. Prin\u00e1\u0161am vedomie do svojho srdca a prij\u00edmam svet srdcom.<br>41. C\u00edtim, ak\u00e9 dobr\u00e9 je pozera\u0165 sa na \u017eivot srdcom.<br>42. Dovo\u013eujem, aby moje srdce naplnilo l\u00e1sku cel\u00e9ho vesm\u00edru.<br>43. C\u00edtim l\u00e1sku, ktor\u00e1 nap\u013a\u0148a moje srdce, telo, myse\u013e a cel\u00fd priestor okolo m\u0148a.<br>44. L\u00e1ska ma obklopuje.<br>45. Stala som sa l\u00e1skou.<br>46. Ka\u017ed\u00e1 bunka v mojom tele vibruje s frekvenciou l\u00e1sky.<br>47. Kdeko\u013evek som, d\u00e1vam a pri\u0165ahujem l\u00e1sku.<br>48. Zasl\u00fa\u017eim si bezpodmiene\u010dn\u00fa l\u00e1sku.<br>49. Dok\u00e1\u017eem bezpodmiene\u010dne milova\u0165 \u2013 aj seba.<br>50. Uvo\u013e\u0148ujem \u013e\u00fatos\u0165 a o\u010dak\u00e1vania.<br>51. Zameriavam sa na bl\u00edzkos\u0165 a d\u00f4veru.<br>52. M\u00f4\u017eem d\u00f4verova\u0165 a z\u00e1rove\u0148 m\u00f4\u017eem nastavi\u0165 limity.<br>53. Dok\u00e1\u017eem sa naplno milova\u0165 a z\u00e1rove\u0148 si nikdy nedovoli\u0165 ubli\u017eova\u0165.<br>54. Uvo\u013e\u0148ujem strach z ubl\u00ed\u017eenia, preto\u017ee l\u00e1ska, ktor\u00fa v sebe m\u00e1m, prekon\u00e1 ka\u017ed\u00fd strach.<br>55. U\u017e sa ni\u010doho neboj\u00edm, preto\u017ee viem, ko\u013eko sily je vo mne.<br>56. Som spokojn\u00fd s t\u00fdm, \u010do je.<br>57. Chcem existova\u0165 zo v\u0161etk\u00fdch s\u00edl s l\u00e1skou v srdci.<br>58. Tak\u017ee od dne\u0161n\u00e9ho d\u0148a budem existova\u0165 zo v\u0161etk\u00fdch s\u00edl, s l\u00e1skou v srdci.<br>59. Moj\u00edm z\u00e1merom je c\u00edti\u0165 l\u00e1sku ka\u017ed\u00fd de\u0148 \u2013 k \u017eivotu, k sebe aj k ostatn\u00fdm.<br>60. Moj\u00edm z\u00e1merom je by\u0165 s \u010dlovekom, ktor\u00fd je ma hoden a koho som hoden ja.<br>61. L\u00e1ska je mocn\u00e1 sila, ktor\u00fa si zasl\u00fa\u017eim a ktorou sa st\u00e1vam.<\/p>\n\n\n\n<p>62. Otv\u00e1ram sa hojnosti.<br>63. Hojnos\u0165 je energia, ktor\u00fa poz\u00fdvam a s ktorou rezonujem.<br>64. Zbavil som sa strachu o peniaze a zistil som, \u017ee som v bezpe\u010d\u00ed.<br>65. Som pripraven\u00fd d\u00e1va\u0165 a bra\u0165, preto\u017ee viem, \u017ee bohatstvo je pohyb a tok. 66. C\u00edtim obrovsk\u00fa hodnotu svojej existencie a moja existencia stoj\u00ed za v\u0161etky peniaze.<br>67. M\u00e1m v sebe ve\u013ea talentov a moje schopnosti m\u00f4\u017eu sl\u00fa\u017ei\u0165 in\u00fdm.<br>68. Som otvoren\u00fd nezn\u00e1memu a z\u00e1rove\u0148 sa m\u00f4\u017eem c\u00edti\u0165 bezpe\u010dne.<br>69. Zbavil som sa negat\u00edvnych presved\u010den\u00ed o sebe a peniazoch.<br>70. V\u0161etky hmotn\u00e9 statky s\u00fa energiou, ktor\u00fa m\u00f4\u017eem \u010derpa\u0165 z neobmedzen\u00e9ho zdroja.<br>71. Zasl\u00fa\u017eim si hojnos\u0165 a hojnos\u0165, ktor\u00e9 mi sl\u00fa\u017eia a umo\u017e\u0148uj\u00fa mi kona\u0165 viac dobra aj pre druh\u00fdch.<br>72. Peniaze a materi\u00e1lne statky s\u00fa energia, rovnako ako l\u00e1ska a v\u010fa\u010dnos\u0165.<br>73. Otvoren\u00edm sa bohatstvu m\u00f4\u017eem st\u00e1le \u017ei\u0165 v s\u00falade so svojimi hodnotami.<br>74. Hojnos\u0165 v mojom \u017eivote je moj\u00edm z\u00e1merom.<br>75. Moj\u00edm z\u00e1merom je c\u00edti\u0165 ka\u017ed\u00fd de\u0148 pln\u00fd tok energie.<\/p>\n\n\n\n<p>76. Otv\u00e1ram sa, aby som c\u00edtil svoju pln\u00fa hodnotu.<br>77. Hodnota mojej existencie je nespochybnite\u013en\u00e1.<br>78. Obj\u00edmam svoje vn\u00fatorn\u00e9 die\u0165a, ktor\u00e9 si zasl\u00fa\u017ei l\u00e1sku a dobro.<br>79. Posielam l\u00e1sku ku d\u0148u svojho narodenia.<br>80. Moja existencia je svetlo, bo\u017esk\u00e1 vibr\u00e1cia l\u00e1sky a stvorenia.<br>81. Dovo\u013eujem si vzda\u0165 sa v\u0161etk\u00fdch obmedzuj\u00facich a zl\u00fdch my\u0161lienok o sebe, preto\u017ee nie s\u00fa moje.<br>82. Som naplnen\u00fd pocitom by\u0165 v jednote so svetom a v jednote so svetlom.<br>83. Viem, \u017ee vo mne je vn\u00fatorn\u00e1 m\u00fadros\u0165, ktor\u00e1 vystupuje do popredia, ke\u010f c\u00edtim pokoj.<br>84. C\u00edtim, \u017ee vesm\u00edr je pre m\u0148a priazniv\u00fd a sl\u00fa\u017ei mi.<br>85. M\u00e1m pr\u00e1vo na \u0161\u0165astie a rados\u0165, preto si vyber\u00e1m rados\u0165 a \u0161\u0165astie.<br>86. Viem by\u0165 na seba dobr\u00fd.<br>87. Viem by\u0165 k sebe zhovievav\u00fd.<br>88. Odp\u00fa\u0161\u0165am si to, \u010do si mus\u00edm odpusti\u0165.<br>89. Odp\u00fa\u0161\u0165am druh\u00fdm to, \u010do mus\u00edm odpusti\u0165 druh\u00fdm, preto\u017ee chcem \u00eds\u0165 \u017eivotom s pocitom \u013eahkosti a pokory.<br>90. D\u00e1vam si pochopenie.<br>91. Posielam l\u00e1sku a v\u010faku do celej mojej existencie \u2013 do mojej minulosti a bud\u00facnosti, pred moj\u00edm naroden\u00edm a po mojej smrti.<br>92. Predpoklad\u00e1m, \u017ee moje vedomie, du\u0161a, moje vy\u0161\u0161ie \u201eja\u201c bude vies\u0165 m\u00f4j \u017eivot spr\u00e1vnym sp\u00f4sobom, ke\u010f budem d\u00f4verova\u0165 svojej neobmedzenej hodnote, ke\u010f v sebe c\u00edtim svetlo.<br>93. Dnes sa st\u00e1vam jedn\u00fdm s vesm\u00edrom.<br>94. Odovzd\u00e1vam sa vy\u0161\u0161iemu \u201eja\u201c, ktor\u00e9 ma bude m\u00fadro vies\u0165 \u017eivotom a nasleduj\u00facim d\u0148om.<br>95. Som si vedom\u00fd toho, \u017ee moje my\u0161lienky ved\u00fa m\u00f4j \u017eivot, tak nech sa moje my\u0161lienky stan\u00fa dobr\u00fdmi a priazniv\u00fdmi \u2013 teraz a nav\u017edy.<br>96. Zameriavam sa na to, \u010do je d\u00f4le\u017eit\u00e9 a \u010do je dobr\u00e9.<br>97. Svoju bud\u00facnos\u0165 tvor\u00edm prostredn\u00edctvom svojej predstavivosti a v\u00edzi\u00ed.<br>98. Nech m\u00f4j \u017eivot in\u0161piruje ostatn\u00fdch<br>99. Nech\u00e1vam sa pritiahnu\u0165 k t\u00fdm najlep\u0161\u00edm.<br>100. Moj\u00edm z\u00e1merom je, aby ma up\u00fatalo to najlep\u0161ie.<br>101. Odovzd\u00e1vam sa teda v\u0161etk\u00fdm kr\u00e1snym veciam, ktor\u00e9 mi pr\u00eddu do cesty, a ver\u00edm v nezn\u00e1me.<br>102. Sp\u00e1jam sa s neobmedzen\u00fdm priestorom a \u010dasom.<br>103. Sp\u00e1jam sa s bo\u017eskou energiou, so svetlom, s Kvantom &#8211; po\u013eom neobmedzen\u00fdch mo\u017enost\u00ed.<br>104. D\u00e1vam si \u010das, aby v\u0161etky tieto slov\u00e1, pocity a vibr\u00e1cie vst\u00fapili do mojej mysle, tela, srdca a \u017eivotn\u00e9ho priestoru.<br>105. D\u00e1vam si \u010das, aby som to prec\u00edtil.<br>106. My\u0161lienky a slov\u00e1 mizn\u00fa &#8211; zost\u00e1va len energia a hudba.<br>107. Pon\u00e1ram sa do nich.<\/p>\n\n\n\n<p>Ke\u010f u\u017e budete vedie\u0165 a poc\u00edtite, ako m\u00f4\u017eu va\u0161e my\u0161lienky a pocity ovplyvni\u0165 v\u00e1s a v\u00e1\u0161 \u017eivot, nechajte sa ka\u017ed\u00fd de\u0148 vies\u0165 svojimi najlep\u0161\u00edmi \u00famyslami.<br>Nechajte em\u00f3cie a udalosti, aby v\u00e1s nezhodili zo spr\u00e1vnej cesty.<br>Nechajte srdce sta\u0148 sa tvoj\u00edm kompasom.<br>Som, preto\u017ee si ty.<br>Budem s tebou v\u017edy a a\u017e do konca, ak bude\u0161 chcie\u0165.<\/p>\n\n\n\n<p>&#8212;<\/p>\n\n\n\n<p><strong>Vypo\u010dujte si 107 afirm\u00e1ci\u00ed denne. Pril\u00e1kajte l\u00e1sku, hojnos\u0165 a budujte si seba\u00factu.<\/strong><\/p>\n\n\n\n<p>Medit\u00e1cia trv\u00e1 35 min\u00fat. Ka\u017ed\u00fd de\u0148, ke\u010f idete spa\u0165 alebo sa zobud\u00edte, v\u00e1\u0161 mozog pracuje vo frekvenci\u00e1ch theta v\u013an. Theta s\u00fa vlny takzvan\u00e9ho \u201eprogramovania mysle\u201c. Metaforicky \u2013 va\u0161a myse\u013e je v tomto stave ako magnetof\u00f3n, ktor\u00fd zaznamen\u00e1va to, \u010do pr\u00fadi do v\u00e1\u0161ho podvedomia. Tak\u00fdmto sp\u00f4sobom v sebe prebud\u00edte to najlep\u0161ie. Po\u010d\u00favajte t\u00fato nahr\u00e1vku ka\u017ed\u00fd de\u0148, aby ste odomkli svoj potenci\u00e1l l\u00e1sky, hojnosti, pokoja, kreativity a seba\u00facty. Prvou \u010das\u0165ou medit\u00e1cie je uvies\u0165 svoju myse\u013e do stavu hlbok\u00e9ho uvo\u013enenia, potom budete po\u010du\u0165 afirm\u00e1cie o naplnen\u00ed, opusten\u00ed nepotrebn\u00e9ho, \u200b\u200bl\u00e1ske, hojnosti a seba\u00facte.\u201c<br>Klaudia Pingot<\/p>\n\n\n\n<p><\/p>\n\n\n\n<h3 class=\"has-text-align-center wp-block-heading\">Viac: <a href=\"https:\/\/12r.tv\/klaudia\/\">https:\/\/12r.tv\/klaudia\/<\/a><\/h3>\n\n\n\n<hr class=\"wp-block-separator\"\/>\n","protected":false},"excerpt":{"rendered":"<p>1. Intelektu\u00e1lny rozvoj. 2. Duchovn\u00fd rozvoj. Relax\u00e1cia, najlep\u0161ie medit\u00e1cie, afirm\u00e1cie, dobr\u00e9 \u00famysly, sebasugescie, muzikoterapia. Kan\u00e1l YouTube \u2013 Klaudia Pingot SpecBabka: https:\/\/m.youtube.com\/channel\/UCTQoTy2IzS-NgX1yysc17YQ Facebook: https:\/\/m.facebook.com\/SpecBabka\/ 127 silov\u00fdch potvrden\u00ed, 432 Hz. Po\u010d\u00favajte ka\u017ed\u00fd de\u0148. Viac m\u00e1gie ka\u017ed\u00fd de\u0148. &#8222;0. Pl\u00e1vam \u010falej a hlb\u0161ie.&#8220; 1. Moje my\u0161lienky ovplyv\u0148uj\u00fa to, \u010do bolo a \u010do bude.2. Som.3. Som a c\u00edtim silu [&hellip;]<\/p>\n","protected":false},"author":1,"featured_media":0,"parent":0,"menu_order":0,"comment_status":"closed","ping_status":"closed","template":"","meta":{"footnotes":""},"class_list":["post-26","page","type-page","status-publish","hentry"],"_links":{"self":[{"href":"https:\/\/7hi7.com\/sk-sk\/wp-json\/wp\/v2\/pages\/26","targetHints":{"allow":["GET"]}}],"collection":[{"href":"https:\/\/7hi7.com\/sk-sk\/wp-json\/wp\/v2\/pages"}],"about":[{"href":"https:\/\/7hi7.com\/sk-sk\/wp-json\/wp\/v2\/types\/page"}],"author":[{"embeddable":true,"href":"https:\/\/7hi7.com\/sk-sk\/wp-json\/wp\/v2\/users\/1"}],"replies":[{"embeddable":true,"href":"https:\/\/7hi7.com\/sk-sk\/wp-json\/wp\/v2\/comments?post=26"}],"version-history":[{"count":3,"href":"https:\/\/7hi7.com\/sk-sk\/wp-json\/wp\/v2\/pages\/26\/revisions"}],"predecessor-version":[{"id":49,"href":"https:\/\/7hi7.com\/sk-sk\/wp-json\/wp\/v2\/pages\/26\/revisions\/49"}],"wp:attachment":[{"href":"https:\/\/7hi7.com\/sk-sk\/wp-json\/wp\/v2\/media?parent=26"}],"curies":[{"name":"wp","href":"https:\/\/api.w.org\/{rel}","templated":true}]}}