{"id":24,"date":"2022-03-02T11:04:19","date_gmt":"2022-03-02T11:04:19","guid":{"rendered":"https:\/\/7hi7.com\/sk-sk\/?page_id=24"},"modified":"2022-03-02T11:04:19","modified_gmt":"2022-03-02T11:04:19","slug":"laska","status":"publish","type":"page","link":"https:\/\/7hi7.com\/sk-sk\/laska\/","title":{"rendered":"L\u00e1ska"},"content":{"rendered":"\n<h1 class=\"wp-block-heading\" id=\"firstHeading\">L\u00e1ska<\/h1>\n\n\n\n<p>druh silnej pozit\u00edvnej em\u00f3cie zalo\u017eenej na n\u00e1klonnosti<\/p>\n\n\n\n<p>Slovo&nbsp;<strong>l\u00e1ska<\/strong>&nbsp;m\u00f4\u017ee ma\u0165 viac v\u00fdznamov:<\/p>\n\n\n\n<ul class=\"wp-block-list\"><li>emocion\u00e1lny pocit n\u00e1klonnosti k nejakej osobe (napr. matersk\u00e1 l\u00e1ska, partnersk\u00e1 l\u00e1ska)<\/li><li>citov\u00fd vz\u0165ah k veci, my\u0161lienke a pod. (napr. l\u00e1ska k peniazom, l\u00e1ska k pr\u00edrode, k jedlu, k \u0161portu, k vlasti&#8230;)<\/li><li>dobr\u00fd skutok vo\u010di druh\u00e9mu: prejav l\u00e1sky, ktor\u00fd m\u00f4\u017ee ale aj nemus\u00ed vych\u00e1dza\u0165 z citov\u00fdch pohn\u00fatok (l\u00e1ska k nepriate\u013eovi)<\/li><li>erotick\u00e1 pr\u00ed\u0165a\u017elivos\u0165 mu\u017ea a \u017eeny, alebo dvoch \u013eud\u00ed rovnak\u00e9ho pohlavia (sexu\u00e1lny styk sa tie\u017e ozna\u010duje ako &#8222;milovanie&#8220;)<\/li><li>hovorovo: predmet l\u00e1sky (napr. on\/to je moja ve\u013ek\u00e1 l\u00e1ska)<\/li><\/ul>\n\n\n\n<p>Z psychologick\u00e9ho h\u013eadiska sa rad\u00ed medzi prim\u00e1rne \u013eudsk\u00e9 potreby. Pre svoj ve\u013ek\u00fd psychologick\u00fd v\u00fdznam je l\u00e1ska jedn\u00fdm z najd\u00f4le\u017eitej\u0161\u00edch n\u00e1metov v umen\u00ed. Ve\u013ea&nbsp;filmov&nbsp;opisuje pr\u00edbeh l\u00e1sky a v\u00e4\u010d\u0161ina&nbsp;popul\u00e1rnej hudby&nbsp;je o l\u00e1ske.<\/p>\n\n\n\n<p>L\u00e1ska existuje vo v\u0161etk\u00fdch kult\u00farach a typ l\u00e1sky existuj\u00faci v danej kult\u00fare nazna\u010duje individu\u00e1lne ch\u00e1panie, \u010do l\u00e1ska je. R\u00f4zni \u013eudia hodnotia r\u00f4zne typy l\u00e1sky odli\u0161ne, \u010do jeden pova\u017euje za l\u00e1skavos\u0165 in\u00fd m\u00f4\u017ee pova\u017eova\u0165 za ubl\u00ed\u017eenie. L\u00e1ska je abstraktn\u00e1 a existuje okolo nej mnoho ot\u00e1zok.<\/p>\n\n\n\n<p>De\u0148\u00a0sv\u00e4t\u00e9ho Valent\u00edna\u00a0je oslavovan\u00fd ako sviatok sn\u00fabeneckej l\u00e1sky, na z\u00e1klade legendy, kde k\u0148az Valent\u00edn napriek z\u00e1kazu tajne sob\u00e1\u0161il vojakov.<\/p>\n\n\n\n<p><a href=\"https:\/\/sk.m.wikipedia.org\/wiki\/L%C3%A1ska\">https:\/\/sk.m.wikipedia.org\/wiki\/L%C3%A1ska<\/a><\/p>\n","protected":false},"excerpt":{"rendered":"<p>L\u00e1ska druh silnej pozit\u00edvnej em\u00f3cie zalo\u017eenej na n\u00e1klonnosti Slovo&nbsp;l\u00e1ska&nbsp;m\u00f4\u017ee ma\u0165 viac v\u00fdznamov: emocion\u00e1lny pocit n\u00e1klonnosti k nejakej osobe (napr. matersk\u00e1 l\u00e1ska, partnersk\u00e1 l\u00e1ska) citov\u00fd vz\u0165ah k veci, my\u0161lienke a pod. (napr. l\u00e1ska k peniazom, l\u00e1ska k pr\u00edrode, k jedlu, k \u0161portu, k vlasti&#8230;) dobr\u00fd skutok vo\u010di druh\u00e9mu: prejav l\u00e1sky, ktor\u00fd m\u00f4\u017ee ale aj nemus\u00ed vych\u00e1dza\u0165 [&hellip;]<\/p>\n","protected":false},"author":1,"featured_media":0,"parent":0,"menu_order":0,"comment_status":"closed","ping_status":"closed","template":"","meta":{"footnotes":""},"class_list":["post-24","page","type-page","status-publish","hentry"],"_links":{"self":[{"href":"https:\/\/7hi7.com\/sk-sk\/wp-json\/wp\/v2\/pages\/24","targetHints":{"allow":["GET"]}}],"collection":[{"href":"https:\/\/7hi7.com\/sk-sk\/wp-json\/wp\/v2\/pages"}],"about":[{"href":"https:\/\/7hi7.com\/sk-sk\/wp-json\/wp\/v2\/types\/page"}],"author":[{"embeddable":true,"href":"https:\/\/7hi7.com\/sk-sk\/wp-json\/wp\/v2\/users\/1"}],"replies":[{"embeddable":true,"href":"https:\/\/7hi7.com\/sk-sk\/wp-json\/wp\/v2\/comments?post=24"}],"version-history":[{"count":1,"href":"https:\/\/7hi7.com\/sk-sk\/wp-json\/wp\/v2\/pages\/24\/revisions"}],"predecessor-version":[{"id":25,"href":"https:\/\/7hi7.com\/sk-sk\/wp-json\/wp\/v2\/pages\/24\/revisions\/25"}],"wp:attachment":[{"href":"https:\/\/7hi7.com\/sk-sk\/wp-json\/wp\/v2\/media?parent=24"}],"curies":[{"name":"wp","href":"https:\/\/api.w.org\/{rel}","templated":true}]}}