{"id":21,"date":"2022-02-28T12:28:50","date_gmt":"2022-02-28T12:28:50","guid":{"rendered":"https:\/\/7hi7.com\/sk-sk\/?page_id=21"},"modified":"2022-02-28T12:28:50","modified_gmt":"2022-02-28T12:28:50","slug":"mier","status":"publish","type":"page","link":"https:\/\/7hi7.com\/sk-sk\/mier\/","title":{"rendered":"Mier"},"content":{"rendered":"\n<h2 class=\"wp-block-heading\">Mier<\/h2>\n\n\n\n<p>Mier\u00a0je stav bez vojny \u010di bojov, stav absencie konfliktov. Ako mier sa ozna\u010duje aj dohoda\/zmluva o takomto stave.<\/p>\n\n\n\n<p>Existencia mieru spravidla zabezpe\u010duje optim\u00e1lne podmienky na rozvoj infra\u0161trukt\u00fary, industrializ\u00e1cie, vzdel\u00e1vania a \u017eivotnej \u00farovne obyvate\u013estva.&nbsp;Hist\u00f3ria&nbsp;dokumentuje fakt, \u017ee mier ako absencia konfliktu je produkt intenz\u00edvnych negoci\u00e1ci\u00ed reprezentantov zainteresovan\u00fdch subjektov a stabilita mieru je podmienen\u00e1 permanentnou kooper\u00e1ciou.<\/p>\n\n\n\n<p>Realiz\u00e1ciu mieru v praxi kontroluje\u00a0OSN,\u00a0EU\u00a0a \u010fal\u0161ie medzin\u00e1rodn\u00e9 subjekty.<\/p>\n\n\n\n<p><a href=\"https:\/\/sk.m.wikipedia.org\/wiki\/Mier\">https:\/\/sk.m.wikipedia.org\/wiki\/Mier<\/a><\/p>\n","protected":false},"excerpt":{"rendered":"<p>Mier Mier\u00a0je stav bez vojny \u010di bojov, stav absencie konfliktov. Ako mier sa ozna\u010duje aj dohoda\/zmluva o takomto stave. Existencia mieru spravidla zabezpe\u010duje optim\u00e1lne podmienky na rozvoj infra\u0161trukt\u00fary, industrializ\u00e1cie, vzdel\u00e1vania a \u017eivotnej \u00farovne obyvate\u013estva.&nbsp;Hist\u00f3ria&nbsp;dokumentuje fakt, \u017ee mier ako absencia konfliktu je produkt intenz\u00edvnych negoci\u00e1ci\u00ed reprezentantov zainteresovan\u00fdch subjektov a stabilita mieru je podmienen\u00e1 permanentnou kooper\u00e1ciou. Realiz\u00e1ciu [&hellip;]<\/p>\n","protected":false},"author":1,"featured_media":0,"parent":0,"menu_order":0,"comment_status":"closed","ping_status":"closed","template":"","meta":{"footnotes":""},"class_list":["post-21","page","type-page","status-publish","hentry"],"_links":{"self":[{"href":"https:\/\/7hi7.com\/sk-sk\/wp-json\/wp\/v2\/pages\/21","targetHints":{"allow":["GET"]}}],"collection":[{"href":"https:\/\/7hi7.com\/sk-sk\/wp-json\/wp\/v2\/pages"}],"about":[{"href":"https:\/\/7hi7.com\/sk-sk\/wp-json\/wp\/v2\/types\/page"}],"author":[{"embeddable":true,"href":"https:\/\/7hi7.com\/sk-sk\/wp-json\/wp\/v2\/users\/1"}],"replies":[{"embeddable":true,"href":"https:\/\/7hi7.com\/sk-sk\/wp-json\/wp\/v2\/comments?post=21"}],"version-history":[{"count":1,"href":"https:\/\/7hi7.com\/sk-sk\/wp-json\/wp\/v2\/pages\/21\/revisions"}],"predecessor-version":[{"id":23,"href":"https:\/\/7hi7.com\/sk-sk\/wp-json\/wp\/v2\/pages\/21\/revisions\/23"}],"wp:attachment":[{"href":"https:\/\/7hi7.com\/sk-sk\/wp-json\/wp\/v2\/media?parent=21"}],"curies":[{"name":"wp","href":"https:\/\/api.w.org\/{rel}","templated":true}]}}