{"id":48,"date":"2022-03-27T13:03:32","date_gmt":"2022-03-27T13:03:32","guid":{"rendered":"https:\/\/7hi7.com\/ro-ro\/?page_id=48"},"modified":"2022-03-27T13:03:32","modified_gmt":"2022-03-27T13:03:32","slug":"dieta","status":"publish","type":"page","link":"https:\/\/7hi7.com\/ro-ro\/dieta\/","title":{"rendered":"Diet\u0103"},"content":{"rendered":"\n<h1 class=\"wp-block-heading\">Diet\u0103<\/h1>\n\n\n\n<p>\u00cen medicin\u0103 \u0219i nutri\u021bie, termenul\u00a0diet\u0103\u00a0se refer\u0103 la un regim alimentar special, recomandat fie \u00een cazul unei maladii fie, mai curent, pentru men\u021binerea st\u0103rii de s\u0103n\u0103tate, pentru p\u0103strarea sau atingerea unei anumite greut\u0103\u021bi corporale etc. O diet\u0103 const\u0103 practic \u00eentr-un set de reguli alimentare, reguli care impun consumul de nutrien\u021bi \u00een anumite cantit\u0103\u021bi \u0219i din anumite grupuri de alimente. Aceste reguli sunt dependente de datele biologice ale individului care urmeaz\u0103 dieta \u0219i variaz\u0103 de la o diet\u0103 la alta.<\/p>\n\n\n\n<p><a href=\"https:\/\/ro.m.wikipedia.org\/wiki\/Diet%C4%83\">https:\/\/ro.m.wikipedia.org\/wiki\/Diet%C4%83<\/a><\/p>\n","protected":false},"excerpt":{"rendered":"<p>Diet\u0103 \u00cen medicin\u0103 \u0219i nutri\u021bie, termenul\u00a0diet\u0103\u00a0se refer\u0103 la un regim alimentar special, recomandat fie \u00een cazul unei maladii fie, mai curent, pentru men\u021binerea st\u0103rii de s\u0103n\u0103tate, pentru p\u0103strarea sau atingerea unei anumite greut\u0103\u021bi corporale etc. O diet\u0103 const\u0103 practic \u00eentr-un set de reguli alimentare, reguli care impun consumul de nutrien\u021bi \u00een anumite cantit\u0103\u021bi \u0219i din [&hellip;]<\/p>\n","protected":false},"author":1,"featured_media":0,"parent":0,"menu_order":0,"comment_status":"closed","ping_status":"closed","template":"","meta":{"footnotes":""},"class_list":["post-48","page","type-page","status-publish","hentry"],"_links":{"self":[{"href":"https:\/\/7hi7.com\/ro-ro\/wp-json\/wp\/v2\/pages\/48","targetHints":{"allow":["GET"]}}],"collection":[{"href":"https:\/\/7hi7.com\/ro-ro\/wp-json\/wp\/v2\/pages"}],"about":[{"href":"https:\/\/7hi7.com\/ro-ro\/wp-json\/wp\/v2\/types\/page"}],"author":[{"embeddable":true,"href":"https:\/\/7hi7.com\/ro-ro\/wp-json\/wp\/v2\/users\/1"}],"replies":[{"embeddable":true,"href":"https:\/\/7hi7.com\/ro-ro\/wp-json\/wp\/v2\/comments?post=48"}],"version-history":[{"count":1,"href":"https:\/\/7hi7.com\/ro-ro\/wp-json\/wp\/v2\/pages\/48\/revisions"}],"predecessor-version":[{"id":49,"href":"https:\/\/7hi7.com\/ro-ro\/wp-json\/wp\/v2\/pages\/48\/revisions\/49"}],"wp:attachment":[{"href":"https:\/\/7hi7.com\/ro-ro\/wp-json\/wp\/v2\/media?parent=48"}],"curies":[{"name":"wp","href":"https:\/\/api.w.org\/{rel}","templated":true}]}}