{"id":40,"date":"2022-03-25T06:50:20","date_gmt":"2022-03-25T06:50:20","guid":{"rendered":"https:\/\/7hi7.com\/ro-ro\/?page_id=40"},"modified":"2022-03-25T06:50:20","modified_gmt":"2022-03-25T06:50:20","slug":"om","status":"publish","type":"page","link":"https:\/\/7hi7.com\/ro-ro\/om\/","title":{"rendered":"Om"},"content":{"rendered":"\n<h1 class=\"wp-block-heading\" id=\"firstHeading\">Om<\/h1>\n\n\n\n<p>specie din familia Hominidae, unicul reprezentant contemporan al genului Homo<\/p>\n\n\n\n<p>Oamenii\u00a0(Homo sapiens) sunt o specie de\u00a0primate. Ei sunt singurii membri existen\u021bi ai subtribului\u00a0Hominina\u00a0\u0219i \u2013 \u00eempreun\u0103 cu\u00a0cimpanzeii,\u00a0gorilele\u00a0\u0219i\u00a0urangutanii\u00a0\u2013 fac parte din familia\u00a0Hominidae\u00a0(maimu\u021be mari sau\u00a0hominizi). Oamenii sunt\u00a0animale\u00a0de uscat, caracterizate prin postura erect\u0103 \u0219i locomo\u021bia biped\u0103, dexteritate manual\u0103 mare \u0219i utilizare intens\u0103 a uneltelor comparativ cu alte animale, utilizarea\u00a0limbajului\u00a0complex \u00een compara\u021bie cu alte comunica\u021bii animale,\u00a0creiere\u00a0mai mari, mai complexe dec\u00e2t alte primate \u0219i\u00a0societ\u0103\u021bi\u00a0foarte avansate \u0219i organizate.[3][4]<\/p>\n\n\n\n<p>C\u00e2\u021biva hominizi timpurii au folosit focul \u0219i au ocupat o mare parte din Eurasia. Se crede c\u0103 primii oameni moderni s-au desprins \u00een Africa dintr-un hominid anterior cu aproximativ 300.000 de ani \u00een urm\u0103, cele mai vechi dovezi fosile de&nbsp;Homo sapiens&nbsp;ap\u0103r\u00e2nd acum aproximativ 300.000 de ani \u00een Africa.[5]&nbsp;Oamenii au \u00eenceput s\u0103 prezinte dovezi ale modernit\u0103\u021bii comportamentale cel pu\u021bin acum aproximativ 100.000-70.000 de ani (\u0219i posibil mai devreme).[6][7][8][9][10]&nbsp;\u00cen mai multe valuri de migra\u021bie,&nbsp;H. sapiens&nbsp;s-a aventurat din Africa \u0219i a populat cea mai mare parte a lumii.[11][12]&nbsp;R\u0103sp\u00e2ndirea unei popula\u021bii mari \u0219i \u00een cre\u0219tere de oameni a afectat profund&nbsp;biosfera&nbsp;\u0219i milioane de specii \u00een \u00eentreaga lume. Printre avantajele cheie care explic\u0103 acest succes evolutiv se num\u0103r\u0103 prezen\u021ba unui creier mai mare, bine dezvoltat, care permite&nbsp;ra\u021bionamente&nbsp;abstracte avansate, limbaj, rezolvarea problemelor, socialitate \u0219i&nbsp;cultur\u0103&nbsp;prin \u00eenv\u0103\u021bare social\u0103. Oamenii folosesc unelte mai frecvent \u0219i mai eficient dec\u00e2t orice alt animal: ei reprezint\u0103 singura specie existent\u0103 cunoscut\u0103 care produce foc, g\u0103te\u0219te hrana, se \u00eembrac\u0103 \u0219i creeaz\u0103 \u0219i utilizeaz\u0103 numeroase alte&nbsp;tehnologii&nbsp;\u0219i&nbsp;arte.<\/p>\n\n\n\n<p>Oamenii folosesc \u00een mod unic sisteme de comunicare simbolic\u0103, cum ar fi limbajul \u0219i arta, pentru a se exprima \u0219i a face schimb de idei, precum \u0219i pentru a se organiza \u00een grupuri. Oamenii creeaz\u0103 structuri sociale complexe compuse din multe grupuri care coopereaz\u0103 \u0219i concureaz\u0103, de la familii \u0219i re\u021bele de rudenie la state politice. Interac\u021biunile sociale dintre oameni au stabilit o varietate extrem de larg\u0103 de valori,[13]&nbsp;norme sociale \u0219i ritualuri, care \u00eempreun\u0103 stau la baza societ\u0103\u021bii umane. Curiozitatea \u0219i dorin\u021ba uman\u0103 de a \u00een\u021belege \u0219i de a influen\u021ba mediul \u00eenconjur\u0103tor \u0219i de a explica \u0219i manipula fenomenele, au motivat dezvoltarea&nbsp;\u0219tiin\u021bei,&nbsp;filosofiei,&nbsp;mitologiei,&nbsp;religiei&nbsp;\u0219i a altor domenii ale&nbsp;cunoa\u0219terii.<\/p>\n\n\n\n<p>De\u0219i cea mai mare parte a existen\u021bei umane a fost sus\u021binut\u0103 de societ\u0103\u021bi de trib de\u00a0v\u00e2n\u0103tori-culeg\u0103tori,[14]\u00a0multe societ\u0103\u021bi umane au trecut la\u00a0agricultur\u0103\u00a0\u00een urm\u0103 cu aproximativ 10.000 de ani,[15]\u00a0domesticind\u00a0plante\u00a0\u0219i\u00a0animale, permi\u021b\u00e2nd astfel dezvoltarea\u00a0civiliza\u021biei. Popula\u021bia lumii este de aproximativ 7,8 miliarde \u00een 2021.[16][17]<\/p>\n\n\n\n<p><a href=\"https:\/\/ro.m.wikipedia.org\/wiki\/Om\">https:\/\/ro.m.wikipedia.org\/wiki\/Om<\/a><\/p>\n","protected":false},"excerpt":{"rendered":"<p>Om specie din familia Hominidae, unicul reprezentant contemporan al genului Homo Oamenii\u00a0(Homo sapiens) sunt o specie de\u00a0primate. Ei sunt singurii membri existen\u021bi ai subtribului\u00a0Hominina\u00a0\u0219i \u2013 \u00eempreun\u0103 cu\u00a0cimpanzeii,\u00a0gorilele\u00a0\u0219i\u00a0urangutanii\u00a0\u2013 fac parte din familia\u00a0Hominidae\u00a0(maimu\u021be mari sau\u00a0hominizi). Oamenii sunt\u00a0animale\u00a0de uscat, caracterizate prin postura erect\u0103 \u0219i locomo\u021bia biped\u0103, dexteritate manual\u0103 mare \u0219i utilizare intens\u0103 a uneltelor comparativ cu alte animale, [&hellip;]<\/p>\n","protected":false},"author":1,"featured_media":0,"parent":0,"menu_order":0,"comment_status":"closed","ping_status":"closed","template":"","meta":{"footnotes":""},"class_list":["post-40","page","type-page","status-publish","hentry"],"_links":{"self":[{"href":"https:\/\/7hi7.com\/ro-ro\/wp-json\/wp\/v2\/pages\/40","targetHints":{"allow":["GET"]}}],"collection":[{"href":"https:\/\/7hi7.com\/ro-ro\/wp-json\/wp\/v2\/pages"}],"about":[{"href":"https:\/\/7hi7.com\/ro-ro\/wp-json\/wp\/v2\/types\/page"}],"author":[{"embeddable":true,"href":"https:\/\/7hi7.com\/ro-ro\/wp-json\/wp\/v2\/users\/1"}],"replies":[{"embeddable":true,"href":"https:\/\/7hi7.com\/ro-ro\/wp-json\/wp\/v2\/comments?post=40"}],"version-history":[{"count":1,"href":"https:\/\/7hi7.com\/ro-ro\/wp-json\/wp\/v2\/pages\/40\/revisions"}],"predecessor-version":[{"id":41,"href":"https:\/\/7hi7.com\/ro-ro\/wp-json\/wp\/v2\/pages\/40\/revisions\/41"}],"wp:attachment":[{"href":"https:\/\/7hi7.com\/ro-ro\/wp-json\/wp\/v2\/media?parent=40"}],"curies":[{"name":"wp","href":"https:\/\/api.w.org\/{rel}","templated":true}]}}