{"id":32,"date":"2022-03-08T11:07:55","date_gmt":"2022-03-08T11:07:55","guid":{"rendered":"https:\/\/7hi7.com\/ro-ro\/?page_id=32"},"modified":"2022-03-08T11:07:55","modified_gmt":"2022-03-08T11:07:55","slug":"sanatate","status":"publish","type":"page","link":"https:\/\/7hi7.com\/ro-ro\/sanatate\/","title":{"rendered":"S\u0103n\u0103tate"},"content":{"rendered":"\n<h1 class=\"wp-block-heading\">S\u0103n\u0103tate<\/h1>\n\n\n\n<p>S\u0103n\u0103tatea\u00a0se define\u0219te \u00een mod curent ca starea unui\u00a0organism\u00a0la care func\u021bionarea tuturor\u00a0organelor\u00a0se face \u00een mod normal \u0219i regulat.<\/p>\n\n\n\n<p>Organiza\u021bia Mondial\u0103 a S\u0103n\u0103t\u0103\u021bii\u00a0a propus \u00een\u00a01946\u00a0defini\u021bia urm\u0103toare:\u00a0\u201eS\u0103n\u0103tatea este o stare pe deplin favorabil\u0103 at\u00e2t fizic, mental c\u00e2t \u0219i social, \u0219i nu doar absen\u021ba bolilor sau a infirmit\u0103\u021bilor\u201d. Mai t\u00e2rziu a fost inclus\u0103 \u00een aceast\u0103 defini\u021bie \u0219i\u00a0\u201ecapacitatea de a duce o via\u021b\u0103 productiv\u0103 social \u0219i economic\u201d.<\/p>\n\n\n\n<p>Organiza\u021bia Mondial\u0103 a S\u0103n\u0103t\u0103\u021bii&nbsp;a propus \u00een 1946 defini\u021bia urm\u0103toare:&nbsp;\u201eS\u0103n\u0103tatea este o stare pe deplin favorabil\u0103 at\u00e2t fizic, mental c\u00e2t \u0219i social, \u0219i nu doar absen\u021ba bolilor sau a infirmit\u0103\u021bilor\u201d.[1][2]&nbsp;Mai t\u00e2rziu a fost inclus\u0103 \u00een aceast\u0103 defini\u021bie \u0219i&nbsp;\u201ecapacitatea de a duce o via\u021b\u0103 productiv\u0103 social \u0219i economic\u201d.[3]&nbsp;Defini\u021bia&nbsp;OMS&nbsp;nu este lipsit\u0103 de critici, dup\u0103 cum unii sus\u021bin c\u0103 s\u0103n\u0103tatea nu poate fi definit\u0103 ca o stare, ci trebuie s\u0103 fie v\u0103zut\u0103 ca un proces continuu de adaptare la cerin\u021bele \u00een schimbare ale vie\u021bii \u0219i ale sensurilor pe care le d\u0103m vie\u021bii. Defini\u021bia OMS este, prin urmare, considerat\u0103 de mul\u021bi ca fiind un scop idealist, mai degrab\u0103 dec\u00e2t o propunere realist\u0103.[4]<\/p>\n\n\n\n<p>S\u0103n\u0103tatea este eficien\u021ba func\u021bional\u0103 \u0219i\/sau metabolic\u0103 a unui&nbsp;organism, \u00een orice moment, at\u00e2t la nivel celular c\u00e2t \u0219i global. Toate organismele individuale, de la cele mai simple la cele mai complexe, variaz\u0103 \u00eentre o s\u0103n\u0103tate optim\u0103 \u0219i s\u0103n\u0103tate zero (mort).<\/p>\n\n\n\n<p>\u00cen domeniul&nbsp;medical, s\u0103n\u0103tatea este de obicei definit\u0103 ca abilitatea unui organism de a r\u0103spunde eficient provoc\u0103rilor (stres), precum \u0219i \u00een mod eficient a restabili \u0219i sus\u021bine o &#8222;stare de echilibru&#8221;, cunoscut sub numele de&nbsp;homeostazie.[4]<\/p>\n\n\n\n<p>Raportul LaLonde a sugerat c\u0103 exist\u0103 patru&nbsp;factori&nbsp;determinan\u021bi ai s\u0103n\u0103t\u0103\u021bii generale pe care el le-a numit &#8222;biologia uman\u0103&#8221;, &#8222;mediu&#8221;, &#8222;stilul de via\u021b\u0103&#8221;, \u0219i &#8222;asisten\u021b\u0103 medical\u0103 de organizare&#8221;.[5]&nbsp;Astfel, s\u0103n\u0103tatea este men\u021binut\u0103 prin \u0219tiin\u021ba \u0219i practica medical\u0103, dar poate fi, de asemenea, \u00eembun\u0103t\u0103\u021bit\u0103 prin efort individual. Aptitudinile fizice, pierderea \u00een greutate, alimenta\u021bia s\u0103n\u0103toas\u0103, managementul stresului \u0219i renun\u021barea la fumat \u0219i alte abuzuri de substan\u021be, sunt exemple de m\u0103suri pentru a \u00eembun\u0103t\u0103\u021bi s\u0103n\u0103tatea cuiva. Programele la locul de munc\u0103 sunt recunoscute de c\u0103tre un num\u0103r tot mai mare de companii pentru valoarea lor \u00een \u00eembun\u0103t\u0103\u021birea s\u0103n\u0103t\u0103\u021bii \u0219i bun\u0103st\u0103rii angaja\u021bilor lor, \u0219i cre\u0219terea moralului, loialit\u0103\u021bii \u0219i productivit\u0103\u021bii la locul de munc\u0103. O companie poate oferi o sal\u0103 de sport cu echipamente de fitness, ini\u021bia programe de renun\u021bare la fumat, asigura un management pentru nutri\u021bie, greutate sau stres. Alte programe pot include evalu\u0103ri de risc de s\u0103n\u0103tate, proiec\u021bii de s\u0103n\u0103tate \u0219i monitorizarea indicelui de mas\u0103 corporal\u0103.[5]<\/p>\n\n\n\n<p>Un indice tot mai important al s\u0103n\u0103t\u0103\u021bii popula\u021biei este \u00een\u0103l\u021bimea, care este puternic influen\u021bat\u0103 de nutri\u021bie \u0219i s\u0103n\u0103tatea public\u0103, printre alte standarde de trai \u0219i calitate a vie\u021bii. Studiul cre\u0219terii umane, cauzele \u0219i implica\u021biile sale, este cunoscut sub numele de&nbsp;auxologie.[6]<\/p>\n\n\n\n<p>Bun\u0103starea\u00a0este un termen folosit uneori pentru a descrie starea psihologic\u0103 de a fi s\u0103n\u0103tos, dar este cel mai des utilizat \u00een domeniul medicinei alternative pentru a descrie starea cuiva.[7][8]<\/p>\n\n\n\n<p><a href=\"https:\/\/ro.m.wikipedia.org\/wiki\/S%C4%83n%C4%83tate\">https:\/\/ro.m.wikipedia.org\/wiki\/S%C4%83n%C4%83tate<\/a><\/p>\n","protected":false},"excerpt":{"rendered":"<p>S\u0103n\u0103tate S\u0103n\u0103tatea\u00a0se define\u0219te \u00een mod curent ca starea unui\u00a0organism\u00a0la care func\u021bionarea tuturor\u00a0organelor\u00a0se face \u00een mod normal \u0219i regulat. Organiza\u021bia Mondial\u0103 a S\u0103n\u0103t\u0103\u021bii\u00a0a propus \u00een\u00a01946\u00a0defini\u021bia urm\u0103toare:\u00a0\u201eS\u0103n\u0103tatea este o stare pe deplin favorabil\u0103 at\u00e2t fizic, mental c\u00e2t \u0219i social, \u0219i nu doar absen\u021ba bolilor sau a infirmit\u0103\u021bilor\u201d. Mai t\u00e2rziu a fost inclus\u0103 \u00een aceast\u0103 defini\u021bie \u0219i\u00a0\u201ecapacitatea de [&hellip;]<\/p>\n","protected":false},"author":1,"featured_media":0,"parent":0,"menu_order":0,"comment_status":"closed","ping_status":"closed","template":"","meta":{"footnotes":""},"class_list":["post-32","page","type-page","status-publish","hentry"],"_links":{"self":[{"href":"https:\/\/7hi7.com\/ro-ro\/wp-json\/wp\/v2\/pages\/32","targetHints":{"allow":["GET"]}}],"collection":[{"href":"https:\/\/7hi7.com\/ro-ro\/wp-json\/wp\/v2\/pages"}],"about":[{"href":"https:\/\/7hi7.com\/ro-ro\/wp-json\/wp\/v2\/types\/page"}],"author":[{"embeddable":true,"href":"https:\/\/7hi7.com\/ro-ro\/wp-json\/wp\/v2\/users\/1"}],"replies":[{"embeddable":true,"href":"https:\/\/7hi7.com\/ro-ro\/wp-json\/wp\/v2\/comments?post=32"}],"version-history":[{"count":1,"href":"https:\/\/7hi7.com\/ro-ro\/wp-json\/wp\/v2\/pages\/32\/revisions"}],"predecessor-version":[{"id":33,"href":"https:\/\/7hi7.com\/ro-ro\/wp-json\/wp\/v2\/pages\/32\/revisions\/33"}],"wp:attachment":[{"href":"https:\/\/7hi7.com\/ro-ro\/wp-json\/wp\/v2\/media?parent=32"}],"curies":[{"name":"wp","href":"https:\/\/api.w.org\/{rel}","templated":true}]}}