{"id":24,"date":"2022-03-02T10:54:12","date_gmt":"2022-03-02T10:54:12","guid":{"rendered":"https:\/\/7hi7.com\/ro-ro\/?page_id=24"},"modified":"2022-03-02T10:54:12","modified_gmt":"2022-03-02T10:54:12","slug":"dragoste","status":"publish","type":"page","link":"https:\/\/7hi7.com\/ro-ro\/dragoste\/","title":{"rendered":"Dragoste"},"content":{"rendered":"\n<h1 class=\"wp-block-heading\" id=\"firstHeading\">Dragoste<\/h1>\n\n\n\n<p>concept emo\u021bional<\/p>\n\n\n\n<p>Dragostea\u00a0este un\u00a0sentiment\u00a0complex, manifestat prin\u00a0afec\u021biune\u00a0puternic\u0103.\u00a0Definirea\u00a0sa este un demers dificil, cauzat de complexitatea manifest\u0103rii sale, dar \u0219i de diversitatea leg\u0103turilor afective cuprinse de acest\u00a0termen. Dragostea se poate manifesta fa\u021b\u0103 de:\u00a0familie\u00a0(p\u0103rin\u021bi,\u00a0copii\u00a0sau alte rude),\u00a0prieteni,\u00a0parteneri romantici,\u00a0Divinitate,\u00a0animale, obiecte,\u00a0patrie,\u00a0frumos,\u00a0art\u0103\u00a0\u0219.a.m.d. O nevoie important\u0103 a dragostei (care este inclus\u0103 uneori \u00een \u00eens\u0103\u0219i defini\u021bia ei) este de\u00a0reciprocitate\u00a0\u2013 \u00een unele cazuri, aceasta este resim\u021bit\u0103 de c\u0103tre subiect f\u0103r\u0103 o ac\u021biune fizic\u0103 a obiectului (de exemplu, \u00een cazul dragostei fa\u021b\u0103 de Divinitate, fa\u021b\u0103 de obiecte ori diverse\u00a0concepte\u00a0neaplicate). Spre deosebire de toate celelalte cazuri,\u00a0Dragostea \u00een care sunt implica\u021bi parteneri romantici\u00a0se serve\u0219te de\u00a0sexualitate\u00a0ca dovad\u0103 a\u00a0intimit\u0103\u021bii\u00a0(prin expresia \u201ea face dragoste\u201d se \u00een\u021belege a avea o\u00a0rela\u021bie sexual\u0103). Dragostea interpersonal\u0103 poate fi\u00a0platonic\u0103, concept prin care se \u00een\u021belege o afec\u021biune purificat\u0103 de gesturi sau dovezi de natur\u0103 fizic\u0103.<\/p>\n\n\n\n<p>Termenul \u201edragoste\u201d are ca\u00a0sinonime\u00a0variantele\u00a0iubire\u00a0(sinonim total),\u00a0amor\u00a0\u0219i\u00a0libov\u00a0(par\u021biale). \u00cen afar\u0103 de \u201eamor\u201d de\u00a0origine\u00a0latineasc\u0103, toate celelalte cuvinte au fost preluate din\u00a0limbile slave. \u00cen timp ce \u201edragoste\u201d \u0219i \u201eiubire\u201d sunt \u00eentrebuin\u021bate pentru orice categorie a respectivului sentiment, ceilal\u021bi termeni vizeaz\u0103 numai unele posibilit\u0103\u021bi. Astfel, \u201elibov\u201d poate exista numai \u00eentre parteneri romantici (termenul mai are \u0219i \u00een\u021belesul de\u00a0comportare\u00a0politicoas\u0103), \u00een vreme ce \u201eamor\u201d cuprinde acest \u00een\u021beles (\u201ea face dragoste\u201d se mai poate spune \u201ea face amor\u201d) \u0219i pe acela de dragoste pentru art\u0103 (amorul artei).<\/p>\n\n\n\n<p><a href=\"https:\/\/ro.m.wikipedia.org\/wiki\/Dragoste\">https:\/\/ro.m.wikipedia.org\/wiki\/Dragoste<\/a><\/p>\n","protected":false},"excerpt":{"rendered":"<p>Dragoste concept emo\u021bional Dragostea\u00a0este un\u00a0sentiment\u00a0complex, manifestat prin\u00a0afec\u021biune\u00a0puternic\u0103.\u00a0Definirea\u00a0sa este un demers dificil, cauzat de complexitatea manifest\u0103rii sale, dar \u0219i de diversitatea leg\u0103turilor afective cuprinse de acest\u00a0termen. Dragostea se poate manifesta fa\u021b\u0103 de:\u00a0familie\u00a0(p\u0103rin\u021bi,\u00a0copii\u00a0sau alte rude),\u00a0prieteni,\u00a0parteneri romantici,\u00a0Divinitate,\u00a0animale, obiecte,\u00a0patrie,\u00a0frumos,\u00a0art\u0103\u00a0\u0219.a.m.d. O nevoie important\u0103 a dragostei (care este inclus\u0103 uneori \u00een \u00eens\u0103\u0219i defini\u021bia ei) este de\u00a0reciprocitate\u00a0\u2013 \u00een unele cazuri, aceasta este [&hellip;]<\/p>\n","protected":false},"author":1,"featured_media":0,"parent":0,"menu_order":0,"comment_status":"closed","ping_status":"closed","template":"","meta":{"footnotes":""},"class_list":["post-24","page","type-page","status-publish","hentry"],"_links":{"self":[{"href":"https:\/\/7hi7.com\/ro-ro\/wp-json\/wp\/v2\/pages\/24","targetHints":{"allow":["GET"]}}],"collection":[{"href":"https:\/\/7hi7.com\/ro-ro\/wp-json\/wp\/v2\/pages"}],"about":[{"href":"https:\/\/7hi7.com\/ro-ro\/wp-json\/wp\/v2\/types\/page"}],"author":[{"embeddable":true,"href":"https:\/\/7hi7.com\/ro-ro\/wp-json\/wp\/v2\/users\/1"}],"replies":[{"embeddable":true,"href":"https:\/\/7hi7.com\/ro-ro\/wp-json\/wp\/v2\/comments?post=24"}],"version-history":[{"count":1,"href":"https:\/\/7hi7.com\/ro-ro\/wp-json\/wp\/v2\/pages\/24\/revisions"}],"predecessor-version":[{"id":25,"href":"https:\/\/7hi7.com\/ro-ro\/wp-json\/wp\/v2\/pages\/24\/revisions\/25"}],"wp:attachment":[{"href":"https:\/\/7hi7.com\/ro-ro\/wp-json\/wp\/v2\/media?parent=24"}],"curies":[{"name":"wp","href":"https:\/\/api.w.org\/{rel}","templated":true}]}}