{"id":21,"date":"2022-02-28T13:03:52","date_gmt":"2022-02-28T13:03:52","guid":{"rendered":"https:\/\/7hi7.com\/ro-ro\/?page_id=21"},"modified":"2022-02-28T13:03:52","modified_gmt":"2022-02-28T13:03:52","slug":"pace","status":"publish","type":"page","link":"https:\/\/7hi7.com\/ro-ro\/pace\/","title":{"rendered":"Pace"},"content":{"rendered":"\n<h2 class=\"wp-block-heading\">Pace<\/h2>\n\n\n\n<p>Cuv\u00e2ntul\u00a0pace\u00a0deriv\u0103 din\u00a0latinescul\u00a0pax. El\u00a0define\u0219te\u00a0\u00een general, \u00een sens pozitiv, o stare de lini\u0219te, o stare lipsit\u0103 de conflicte militare.<\/p>\n\n\n\n<p>Pentru alte sensuri, vede\u021bi&nbsp;Pace (dezambiguizare).<\/p>\n\n\n\n<p>Pace este un cuv\u00e2nt provenit din limba latinaMotto:&nbsp;Pacea nu este dec\u00e2t o scurt\u0103 pauz\u0103 \u00eentre dou\u0103 r\u0103zboaie.&nbsp;(Constantin Kiri\u021bescu&nbsp;&#8211; &#8222;Istoria r\u0103zboiului pentru \u00eentregirea Rom\u00e2niei: 1916-1919&#8221;)[1].<\/p>\n\n\n\n<p>\u00cen\u00a0Grecia\u00a0antic\u0103, ideea de pace era legat\u0103 de\u00a0v\u00e2rsta de aur\u00a0ini\u021bial\u0103 a umanit\u0103\u021bii. \u00cen\u00a0mitologia greac\u0103, Irina (Eirene) este o zei\u021b\u0103 alegoric\u0103 personific\u00e2nd pacea. Simbolul porumbelului cu ramur\u0103 de m\u0103slin, este izvor\u00e2t tot din mitologia antic\u0103\u00a0: aleg\u00e2nd casca lui\u00a0Ares\u00a0(Marte), zeul r\u0103zboiului, pentru a cuib\u0103ri, aceast\u0103 pas\u0103re sacr\u0103 prelungi starea de pace, \u00eempiedic\u00e2nd zeul s\u0103-\u0219i \u00eendeplineasc\u0103 func\u021bia.<\/p>\n\n\n\n<p><a href=\"https:\/\/ro.m.wikipedia.org\/wiki\/Pace\">https:\/\/ro.m.wikipedia.org\/wiki\/Pace<\/a><\/p>\n","protected":false},"excerpt":{"rendered":"<p>Pace Cuv\u00e2ntul\u00a0pace\u00a0deriv\u0103 din\u00a0latinescul\u00a0pax. El\u00a0define\u0219te\u00a0\u00een general, \u00een sens pozitiv, o stare de lini\u0219te, o stare lipsit\u0103 de conflicte militare. Pentru alte sensuri, vede\u021bi&nbsp;Pace (dezambiguizare). Pace este un cuv\u00e2nt provenit din limba latinaMotto:&nbsp;Pacea nu este dec\u00e2t o scurt\u0103 pauz\u0103 \u00eentre dou\u0103 r\u0103zboaie.&nbsp;(Constantin Kiri\u021bescu&nbsp;&#8211; &#8222;Istoria r\u0103zboiului pentru \u00eentregirea Rom\u00e2niei: 1916-1919&#8221;)[1]. \u00cen\u00a0Grecia\u00a0antic\u0103, ideea de pace era legat\u0103 de\u00a0v\u00e2rsta de [&hellip;]<\/p>\n","protected":false},"author":1,"featured_media":0,"parent":0,"menu_order":0,"comment_status":"closed","ping_status":"closed","template":"","meta":{"footnotes":""},"class_list":["post-21","page","type-page","status-publish","hentry"],"_links":{"self":[{"href":"https:\/\/7hi7.com\/ro-ro\/wp-json\/wp\/v2\/pages\/21","targetHints":{"allow":["GET"]}}],"collection":[{"href":"https:\/\/7hi7.com\/ro-ro\/wp-json\/wp\/v2\/pages"}],"about":[{"href":"https:\/\/7hi7.com\/ro-ro\/wp-json\/wp\/v2\/types\/page"}],"author":[{"embeddable":true,"href":"https:\/\/7hi7.com\/ro-ro\/wp-json\/wp\/v2\/users\/1"}],"replies":[{"embeddable":true,"href":"https:\/\/7hi7.com\/ro-ro\/wp-json\/wp\/v2\/comments?post=21"}],"version-history":[{"count":1,"href":"https:\/\/7hi7.com\/ro-ro\/wp-json\/wp\/v2\/pages\/21\/revisions"}],"predecessor-version":[{"id":23,"href":"https:\/\/7hi7.com\/ro-ro\/wp-json\/wp\/v2\/pages\/21\/revisions\/23"}],"wp:attachment":[{"href":"https:\/\/7hi7.com\/ro-ro\/wp-json\/wp\/v2\/media?parent=21"}],"curies":[{"name":"wp","href":"https:\/\/api.w.org\/{rel}","templated":true}]}}