{"id":79,"date":"2019-10-23T17:44:01","date_gmt":"2019-10-23T15:44:01","guid":{"rendered":"https:\/\/7hi7.com\/pl\/?page_id=79"},"modified":"2020-03-20T10:15:39","modified_gmt":"2020-03-20T09:15:39","slug":"z","status":"publish","type":"page","link":"https:\/\/7hi7.com\/pl\/z\/","title":{"rendered":"Z"},"content":{"rendered":"\n<p>Z<\/p>\n\n\n\n<p><a href=\"https:\/\/pl.m.wikipedia.org\/wiki\/Specjalna:Wszystkie_strony?from=Z&amp;to=&amp;namespace=0\">https:\/\/pl.m.wikipedia.org\/wiki\/Specjalna:Wszystkie_strony?from=Z&amp;to=&amp;namespace=0<\/a><\/p>\n\n\n\n<p><a href=\"https:\/\/encyklopedia.pwn.pl\/lista\/Z.html\">https:\/\/encyklopedia.pwn.pl\/lista\/Z.html<\/a><\/p>\n\n\n\n<h1 class=\"wp-block-heading\" id=\"section_0\">Ziemia<\/h1>\n\n\n\n<p>trzecia planeta od S\u0142o\u0144ca<\/p>\n\n\n\n<p><a href=\"https:\/\/pl.m.wikipedia.org\/wiki\/Ziemia\">https:\/\/pl.m.wikipedia.org\/wiki\/Ziemia<\/a><\/p>\n\n\n\n<h2 class=\"wp-block-heading\">Ziemia &#8211; Earth<\/h2>\n\n\n\n<p><a href=\"https:\/\/m.wikidata.org\/wiki\/Q2\">https:\/\/m.wikidata.org\/wiki\/Q2<\/a><\/p>\n\n\n\n<h1 class=\"wp-block-heading\" id=\"section_0\">Zwierz\u0119ta<\/h1>\n\n\n\n<p>kr\u00f3lestwo organizm\u00f3w<\/p>\n\n\n\n<p><a href=\"https:\/\/pl.m.wikipedia.org\/wiki\/Zwierz%C4%99ta\">https:\/\/pl.m.wikipedia.org\/wiki\/Zwierz%C4%99ta<\/a><\/p>\n\n\n\n<p>Zwierz\u0119ta<\/p>\n\n\n\n<p><a href=\"https:\/\/encyklopedia.pwn.pl\/szukaj\/Zwierz%C4%99ta.html\">https:\/\/encyklopedia.pwn.pl\/szukaj\/Zwierz%C4%99ta.html<\/a><\/p>\n\n\n\n<h1 class=\"wp-block-heading\" id=\"section_0\">Zelandia (mikrokontynent)<\/h1>\n\n\n\n<p>mikrokontynent obejmuj\u0105cy Now\u0105 Zelandi\u0119 i Now\u0105 Kaledoni\u0119<\/p>\n\n\n\n<p><a href=\"https:\/\/pl.m.wikipedia.org\/wiki\/Zelandia_(mikrokontynent)\">https:\/\/pl.m.wikipedia.org\/wiki\/Zelandia_(mikrokontynent)<\/a><\/p>\n\n\n\n<h2 class=\"wp-block-heading\">Zelandia &#8211; Zealandia<\/h2>\n\n\n\n<p><a href=\"https:\/\/m.wikidata.org\/wiki\/Q150408\">https:\/\/m.wikidata.org\/wiki\/Q150408<\/a><\/p>\n\n\n\n<h1 class=\"wp-block-heading\" id=\"section_0\">Zasada (fizyka)<\/h1>\n\n\n\n<p><a href=\"https:\/\/pl.m.wikipedia.org\/wiki\/Zasada_(fizyka)\">https:\/\/pl.m.wikipedia.org\/wiki\/Zasada_(fizyka)<\/a><\/p>\n\n\n\n<h1 class=\"wp-block-heading\" id=\"section_0\">Zjawisko fizyczne<\/h1>\n\n\n\n<p><a href=\"https:\/\/pl.m.wikipedia.org\/wiki\/Zjawisko_fizyczne\">https:\/\/pl.m.wikipedia.org\/wiki\/Zjawisko_fizyczne<\/a><\/p>\n\n\n\n<h1 class=\"wp-block-heading\" id=\"section_0\">Zakopane<\/h1>\n\n\n\n<p>miasto w wojew\u00f3dztwie ma\u0142opolskim<\/p>\n\n\n\n<p><a href=\"https:\/\/pl.m.wikipedia.org\/wiki\/Zakopane\">https:\/\/pl.m.wikipedia.org\/wiki\/Zakopane<\/a><\/p>\n\n\n\n<h1 class=\"wp-block-heading\" id=\"section_0\">Kategoria:Zakopane<\/h1>\n\n\n\n<p><a href=\"https:\/\/pl.m.wikipedia.org\/wiki\/Kategoria:Zakopane\">https:\/\/pl.m.wikipedia.org\/wiki\/Kategoria:Zakopane<\/a><\/p>\n","protected":false},"excerpt":{"rendered":"<p>Z https:\/\/pl.m.wikipedia.org\/wiki\/Specjalna:Wszystkie_strony?from=Z&amp;to=&amp;namespace=0 https:\/\/encyklopedia.pwn.pl\/lista\/Z.html Ziemia trzecia planeta od S\u0142o\u0144ca https:\/\/pl.m.wikipedia.org\/wiki\/Ziemia Ziemia &#8211; Earth https:\/\/m.wikidata.org\/wiki\/Q2 Zwierz\u0119ta kr\u00f3lestwo organizm\u00f3w https:\/\/pl.m.wikipedia.org\/wiki\/Zwierz%C4%99ta Zwierz\u0119ta https:\/\/encyklopedia.pwn.pl\/szukaj\/Zwierz%C4%99ta.html Zelandia (mikrokontynent) mikrokontynent obejmuj\u0105cy Now\u0105 Zelandi\u0119 i Now\u0105 Kaledoni\u0119 https:\/\/pl.m.wikipedia.org\/wiki\/Zelandia_(mikrokontynent) Zelandia &#8211; Zealandia https:\/\/m.wikidata.org\/wiki\/Q150408 Zasada (fizyka) https:\/\/pl.m.wikipedia.org\/wiki\/Zasada_(fizyka) Zjawisko fizyczne https:\/\/pl.m.wikipedia.org\/wiki\/Zjawisko_fizyczne Zakopane miasto w wojew\u00f3dztwie ma\u0142opolskim https:\/\/pl.m.wikipedia.org\/wiki\/Zakopane Kategoria:Zakopane https:\/\/pl.m.wikipedia.org\/wiki\/Kategoria:Zakopane<\/p>\n","protected":false},"author":1,"featured_media":0,"parent":0,"menu_order":0,"comment_status":"closed","ping_status":"closed","template":"","meta":{"footnotes":""},"class_list":["post-79","page","type-page","status-publish","hentry"],"_links":{"self":[{"href":"https:\/\/7hi7.com\/pl\/wp-json\/wp\/v2\/pages\/79","targetHints":{"allow":["GET"]}}],"collection":[{"href":"https:\/\/7hi7.com\/pl\/wp-json\/wp\/v2\/pages"}],"about":[{"href":"https:\/\/7hi7.com\/pl\/wp-json\/wp\/v2\/types\/page"}],"author":[{"embeddable":true,"href":"https:\/\/7hi7.com\/pl\/wp-json\/wp\/v2\/users\/1"}],"replies":[{"embeddable":true,"href":"https:\/\/7hi7.com\/pl\/wp-json\/wp\/v2\/comments?post=79"}],"version-history":[{"count":14,"href":"https:\/\/7hi7.com\/pl\/wp-json\/wp\/v2\/pages\/79\/revisions"}],"predecessor-version":[{"id":559,"href":"https:\/\/7hi7.com\/pl\/wp-json\/wp\/v2\/pages\/79\/revisions\/559"}],"wp:attachment":[{"href":"https:\/\/7hi7.com\/pl\/wp-json\/wp\/v2\/media?parent=79"}],"curies":[{"name":"wp","href":"https:\/\/api.w.org\/{rel}","templated":true}]}}