{"id":67,"date":"2019-10-23T17:42:30","date_gmt":"2019-10-23T15:42:30","guid":{"rendered":"https:\/\/7hi7.com\/pl\/?page_id=67"},"modified":"2020-03-20T11:36:44","modified_gmt":"2020-03-20T10:36:44","slug":"t","status":"publish","type":"page","link":"https:\/\/7hi7.com\/pl\/t\/","title":{"rendered":"T"},"content":{"rendered":"\n<p>T<\/p>\n\n\n\n<p><a href=\"https:\/\/pl.m.wikipedia.org\/wiki\/Specjalna:Wszystkie_strony?from=T&amp;to=&amp;namespace=0\">https:\/\/pl.m.wikipedia.org\/wiki\/Specjalna:Wszystkie_strony?from=T&amp;to=&amp;namespace=0<\/a><\/p>\n\n\n\n<p><a href=\"https:\/\/encyklopedia.pwn.pl\/lista\/T.html\">https:\/\/encyklopedia.pwn.pl\/lista\/T.html<\/a><\/p>\n\n\n\n<h1 class=\"wp-block-heading\" id=\"section_0\">Toru\u0144<\/h1>\n\n\n\n<p>miasto w wojew\u00f3dztwie kujawsko-pomorskim<\/p>\n\n\n\n<p><a href=\"https:\/\/pl.m.wikipedia.org\/wiki\/Toru%C5%84\">https:\/\/pl.m.wikipedia.org\/wiki\/Toru%C5%84<\/a><\/p>\n\n\n\n<h1 class=\"wp-block-heading\" id=\"section_0\">Portal:Toru\u0144<\/h1>\n\n\n\n<p><a href=\"https:\/\/pl.m.wikipedia.org\/wiki\/Portal:Toru%C5%84\">https:\/\/pl.m.wikipedia.org\/wiki\/Portal:Toru%C5%84<\/a><\/p>\n\n\n\n<h1 class=\"wp-block-heading\" id=\"section_0\">Kategoria:Toru\u0144<\/h1>\n\n\n\n<p><a href=\"https:\/\/pl.m.wikipedia.org\/wiki\/Kategoria:Toru%C5%84\">https:\/\/pl.m.wikipedia.org\/wiki\/Kategoria:Toru%C5%84<\/a><\/p>\n\n\n\n<h1 class=\"wp-block-heading\" id=\"section_0\">Tr\u00f3jmiasto<\/h1>\n\n\n\n<p>konurbacja w wojew\u00f3dztwie pomorskim<\/p>\n\n\n\n<p><a href=\"https:\/\/pl.m.wikipedia.org\/wiki\/Tr%C3%B3jmiasto\">https:\/\/pl.m.wikipedia.org\/wiki\/Tr%C3%B3jmiasto<\/a><\/p>\n\n\n\n<h1 class=\"wp-block-heading\" id=\"section_0\">Kategoria:Tr\u00f3jmiasto<\/h1>\n\n\n\n<p><a href=\"https:\/\/pl.m.wikipedia.org\/wiki\/Kategoria:Tr%C3%B3jmiasto\">https:\/\/pl.m.wikipedia.org\/wiki\/Kategoria:Tr%C3%B3jmiasto<\/a><\/p>\n\n\n\n<h1 class=\"wp-block-heading\" id=\"section_0\">Triskaidekafobia<\/h1>\n\n\n\n<p>l\u0119k przed liczb\u0105 trzyna\u015bcie<\/p>\n\n\n\n<p><a href=\"https:\/\/pl.m.wikipedia.org\/wiki\/Triskaidekafobia\">https:\/\/pl.m.wikipedia.org\/wiki\/Triskaidekafobia<\/a><\/p>\n\n\n\n<h2 class=\"wp-block-heading\">Triskaidekaphobia<\/h2>\n\n\n\n<p><a href=\"https:\/\/m.wikidata.org\/wiki\/Q13\">https:\/\/m.wikidata.org\/wiki\/Q13<\/a><\/p>\n\n\n\n<p>Tvn24.pl<\/p>\n\n\n\n<p><a href=\"https:\/\/www.tvn24.pl\/\">https:\/\/www.tvn24.pl\/<\/a><\/p>\n\n\n\n<p>Tvp.pl<\/p>\n\n\n\n<p><a href=\"https:\/\/www.tvp.pl\/\">https:\/\/www.tvp.pl\/<\/a><\/p>\n","protected":false},"excerpt":{"rendered":"<p>T https:\/\/pl.m.wikipedia.org\/wiki\/Specjalna:Wszystkie_strony?from=T&amp;to=&amp;namespace=0 https:\/\/encyklopedia.pwn.pl\/lista\/T.html Toru\u0144 miasto w wojew\u00f3dztwie kujawsko-pomorskim https:\/\/pl.m.wikipedia.org\/wiki\/Toru%C5%84 Portal:Toru\u0144 https:\/\/pl.m.wikipedia.org\/wiki\/Portal:Toru%C5%84 Kategoria:Toru\u0144 https:\/\/pl.m.wikipedia.org\/wiki\/Kategoria:Toru%C5%84 Tr\u00f3jmiasto konurbacja w wojew\u00f3dztwie pomorskim https:\/\/pl.m.wikipedia.org\/wiki\/Tr%C3%B3jmiasto Kategoria:Tr\u00f3jmiasto https:\/\/pl.m.wikipedia.org\/wiki\/Kategoria:Tr%C3%B3jmiasto Triskaidekafobia l\u0119k przed liczb\u0105 trzyna\u015bcie https:\/\/pl.m.wikipedia.org\/wiki\/Triskaidekafobia Triskaidekaphobia https:\/\/m.wikidata.org\/wiki\/Q13 Tvn24.pl https:\/\/www.tvn24.pl\/ Tvp.pl https:\/\/www.tvp.pl\/<\/p>\n","protected":false},"author":1,"featured_media":0,"parent":0,"menu_order":0,"comment_status":"closed","ping_status":"closed","template":"","meta":{"footnotes":""},"class_list":["post-67","page","type-page","status-publish","hentry"],"_links":{"self":[{"href":"https:\/\/7hi7.com\/pl\/wp-json\/wp\/v2\/pages\/67","targetHints":{"allow":["GET"]}}],"collection":[{"href":"https:\/\/7hi7.com\/pl\/wp-json\/wp\/v2\/pages"}],"about":[{"href":"https:\/\/7hi7.com\/pl\/wp-json\/wp\/v2\/types\/page"}],"author":[{"embeddable":true,"href":"https:\/\/7hi7.com\/pl\/wp-json\/wp\/v2\/users\/1"}],"replies":[{"embeddable":true,"href":"https:\/\/7hi7.com\/pl\/wp-json\/wp\/v2\/comments?post=67"}],"version-history":[{"count":9,"href":"https:\/\/7hi7.com\/pl\/wp-json\/wp\/v2\/pages\/67\/revisions"}],"predecessor-version":[{"id":581,"href":"https:\/\/7hi7.com\/pl\/wp-json\/wp\/v2\/pages\/67\/revisions\/581"}],"wp:attachment":[{"href":"https:\/\/7hi7.com\/pl\/wp-json\/wp\/v2\/media?parent=67"}],"curies":[{"name":"wp","href":"https:\/\/api.w.org\/{rel}","templated":true}]}}