{"id":49,"date":"2019-10-23T17:40:21","date_gmt":"2019-10-23T15:40:21","guid":{"rendered":"https:\/\/7hi7.com\/pl\/?page_id=49"},"modified":"2020-03-20T10:58:10","modified_gmt":"2020-03-20T09:58:10","slug":"k","status":"publish","type":"page","link":"https:\/\/7hi7.com\/pl\/k\/","title":{"rendered":"K"},"content":{"rendered":"\n<p>K<\/p>\n\n\n\n<p><a href=\"https:\/\/pl.m.wikipedia.org\/wiki\/Specjalna:Wszystkie_strony?from=K&amp;to=&amp;namespace=0\">https:\/\/pl.m.wikipedia.org\/wiki\/Specjalna:Wszystkie_strony?from=K&amp;to=&amp;namespace=0<\/a><\/p>\n\n\n\n<p><a href=\"https:\/\/encyklopedia.pwn.pl\/lista\/K.html\">https:\/\/encyklopedia.pwn.pl\/lista\/K.html<\/a><\/p>\n\n\n\n<h1 class=\"wp-block-heading\" id=\"section_0\">Kr\u00f3lestwo (biologia)<\/h1>\n\n\n\n<p>kategoria systematyczna w biologii<\/p>\n\n\n\n<p><a href=\"https:\/\/pl.m.wikipedia.org\/wiki\/Kr%C3%B3lestwo_(biologia)\">https:\/\/pl.m.wikipedia.org\/wiki\/Kr%C3%B3lestwo_(biologia)<\/a><\/p>\n\n\n\n<h1 class=\"wp-block-heading\" id=\"section_0\">Kontynent<\/h1>\n\n\n\n<p>bardzo du\u017ca masa l\u0105dowa<\/p>\n\n\n\n<p><a href=\"https:\/\/pl.m.wikipedia.org\/wiki\/Kontynent\">https:\/\/pl.m.wikipedia.org\/wiki\/Kontynent<\/a><\/p>\n\n\n\n<p><strong>Kontynent &#8211; <\/strong>continent<\/p>\n\n\n\n<p><a href=\"https:\/\/m.wikidata.org\/wiki\/Q5107\">https:\/\/m.wikidata.org\/wiki\/Q5107<\/a><\/p>\n\n\n\n<h1 class=\"wp-block-heading\" id=\"section_0\">Kometa<\/h1>\n\n\n\n<p>ma\u0142e cia\u0142o niebieskie<\/p>\n\n\n\n<p><a href=\"https:\/\/pl.m.wikipedia.org\/wiki\/Kometa\">https:\/\/pl.m.wikipedia.org\/wiki\/Kometa<\/a><\/p>\n\n\n\n<h1 class=\"wp-block-heading\" id=\"section_0\">Kosmologia<\/h1>\n\n\n\n<p><a href=\"https:\/\/pl.m.wikipedia.org\/wiki\/Kosmologia\">https:\/\/pl.m.wikipedia.org\/wiki\/Kosmologia<\/a><\/p>\n\n\n\n<h1 class=\"wp-block-heading\" id=\"section_0\">Ksi\u0119\u017cyc &#8211; Naturalny satelita<\/h1>\n\n\n\n<p>cia\u0142o niebieskie kr\u0105\u017c\u0105ce wok\u00f3\u0142 innego cia\u0142a, nieb\u0119d\u0105cego gwiazd\u0105<\/p>\n\n\n\n<p><a href=\"https:\/\/pl.m.wikipedia.org\/wiki\/Naturalny_satelita\">https:\/\/pl.m.wikipedia.org\/wiki\/Naturalny_satelita<\/a><\/p>\n\n\n\n<h1 class=\"wp-block-heading\" id=\"section_0\">Kwant<\/h1>\n\n\n\n<p>najmniejsza porcja danej wielko\u015bci fizycznej uczestnicz\u0105ca w pojedynczym zdarzeniu<\/p>\n\n\n\n<p><a href=\"https:\/\/pl.m.wikipedia.org\/wiki\/Kwant\">https:\/\/pl.m.wikipedia.org\/wiki\/Kwant<\/a><\/p>\n\n\n\n<h1 class=\"wp-block-heading\" id=\"section_0\">Krak\u00f3w<\/h1>\n\n\n\n<p>miasto w Polsce<\/p>\n\n\n\n<p><a href=\"https:\/\/pl.m.wikipedia.org\/wiki\/Krak%C3%B3w\">https:\/\/pl.m.wikipedia.org\/wiki\/Krak%C3%B3w<\/a><\/p>\n\n\n\n<h1 class=\"wp-block-heading\" id=\"section_0\">Portal:Krak\u00f3w<\/h1>\n\n\n\n<p><a href=\"https:\/\/pl.m.wikipedia.org\/wiki\/Portal:Krak%C3%B3w\">https:\/\/pl.m.wikipedia.org\/wiki\/Portal:Krak%C3%B3w<\/a><\/p>\n\n\n\n<h1 class=\"wp-block-heading\" id=\"section_0\">Kategoria:Krak\u00f3w<\/h1>\n\n\n\n<p><a href=\"https:\/\/pl.m.wikipedia.org\/wiki\/Kategoria:Krak%C3%B3w\">https:\/\/pl.m.wikipedia.org\/wiki\/Kategoria:Krak%C3%B3w<\/a><\/p>\n\n\n\n<h1 class=\"wp-block-heading\" id=\"section_0\">Katowice<\/h1>\n\n\n\n<p>miasto w Polsce<\/p>\n\n\n\n<p><a href=\"https:\/\/pl.m.wikipedia.org\/wiki\/Katowice\">https:\/\/pl.m.wikipedia.org\/wiki\/Katowice<\/a><\/p>\n\n\n\n<h1 class=\"wp-block-heading\" id=\"section_0\">Portal:Katowice<\/h1>\n\n\n\n<p><a href=\"https:\/\/pl.m.wikipedia.org\/wiki\/Portal:Katowice\">https:\/\/pl.m.wikipedia.org\/wiki\/Portal:Katowice<\/a><\/p>\n\n\n\n<h1 class=\"wp-block-heading\" id=\"section_0\">Kategoria:Katowice<\/h1>\n\n\n\n<p><a href=\"https:\/\/pl.m.wikipedia.org\/wiki\/Kategoria:Katowice\">https:\/\/pl.m.wikipedia.org\/wiki\/Kategoria:Katowice<\/a><\/p>\n\n\n\n<h1 class=\"wp-block-heading\" id=\"section_0\">Kalendarium dzie\u0144 po dniu<\/h1>\n\n\n\n<p>lista w projekcie Wikimedia<\/p>\n\n\n\n<p><a href=\"https:\/\/pl.m.wikipedia.org\/wiki\/Kalendarium_dzie%C5%84_po_dniu\">https:\/\/pl.m.wikipedia.org\/wiki\/Kalendarium_dzie%C5%84_po_dniu<\/a><\/p>\n\n\n\n<h1 class=\"wp-block-heading\" id=\"section_0\">Kal\u00e3darium<\/h1>\n\n\n\n<p><a href=\"https:\/\/csb.m.wikipedia.org\/wiki\/Kal%C3%A3darium\">https:\/\/csb.m.wikipedia.org\/wiki\/Kal%C3%A3darium<\/a><\/p>\n","protected":false},"excerpt":{"rendered":"<p>K https:\/\/pl.m.wikipedia.org\/wiki\/Specjalna:Wszystkie_strony?from=K&amp;to=&amp;namespace=0 https:\/\/encyklopedia.pwn.pl\/lista\/K.html Kr\u00f3lestwo (biologia) kategoria systematyczna w biologii https:\/\/pl.m.wikipedia.org\/wiki\/Kr%C3%B3lestwo_(biologia) Kontynent bardzo du\u017ca masa l\u0105dowa https:\/\/pl.m.wikipedia.org\/wiki\/Kontynent Kontynent &#8211; continent https:\/\/m.wikidata.org\/wiki\/Q5107 Kometa ma\u0142e cia\u0142o niebieskie https:\/\/pl.m.wikipedia.org\/wiki\/Kometa Kosmologia https:\/\/pl.m.wikipedia.org\/wiki\/Kosmologia Ksi\u0119\u017cyc &#8211; Naturalny satelita cia\u0142o niebieskie kr\u0105\u017c\u0105ce wok\u00f3\u0142 innego cia\u0142a, nieb\u0119d\u0105cego gwiazd\u0105 https:\/\/pl.m.wikipedia.org\/wiki\/Naturalny_satelita Kwant najmniejsza porcja danej wielko\u015bci fizycznej uczestnicz\u0105ca w pojedynczym zdarzeniu https:\/\/pl.m.wikipedia.org\/wiki\/Kwant Krak\u00f3w miasto w Polsce [&hellip;]<\/p>\n","protected":false},"author":1,"featured_media":0,"parent":0,"menu_order":0,"comment_status":"closed","ping_status":"closed","template":"","meta":{"footnotes":""},"class_list":["post-49","page","type-page","status-publish","hentry"],"_links":{"self":[{"href":"https:\/\/7hi7.com\/pl\/wp-json\/wp\/v2\/pages\/49","targetHints":{"allow":["GET"]}}],"collection":[{"href":"https:\/\/7hi7.com\/pl\/wp-json\/wp\/v2\/pages"}],"about":[{"href":"https:\/\/7hi7.com\/pl\/wp-json\/wp\/v2\/types\/page"}],"author":[{"embeddable":true,"href":"https:\/\/7hi7.com\/pl\/wp-json\/wp\/v2\/users\/1"}],"replies":[{"embeddable":true,"href":"https:\/\/7hi7.com\/pl\/wp-json\/wp\/v2\/comments?post=49"}],"version-history":[{"count":18,"href":"https:\/\/7hi7.com\/pl\/wp-json\/wp\/v2\/pages\/49\/revisions"}],"predecessor-version":[{"id":565,"href":"https:\/\/7hi7.com\/pl\/wp-json\/wp\/v2\/pages\/49\/revisions\/565"}],"wp:attachment":[{"href":"https:\/\/7hi7.com\/pl\/wp-json\/wp\/v2\/media?parent=49"}],"curies":[{"name":"wp","href":"https:\/\/api.w.org\/{rel}","templated":true}]}}