{"id":47,"date":"2019-10-23T17:40:08","date_gmt":"2019-10-23T15:40:08","guid":{"rendered":"https:\/\/7hi7.com\/pl\/?page_id=47"},"modified":"2020-03-20T12:01:19","modified_gmt":"2020-03-20T11:01:19","slug":"j","status":"publish","type":"page","link":"https:\/\/7hi7.com\/pl\/j\/","title":{"rendered":"J"},"content":{"rendered":"\n<p>J<\/p>\n\n\n\n<p><a href=\"https:\/\/pl.m.wikipedia.org\/wiki\/Specjalna:Wszystkie_strony?from=J&amp;to=&amp;namespace=0\">https:\/\/pl.m.wikipedia.org\/wiki\/Specjalna:Wszystkie_strony?from=J&amp;to=&amp;namespace=0<\/a><\/p>\n\n\n\n<p><a href=\"https:\/\/encyklopedia.pwn.pl\/lista\/J.html\">https:\/\/encyklopedia.pwn.pl\/lista\/J.html<\/a><\/p>\n\n\n\n<h1 class=\"wp-block-heading\" id=\"section_0\">J\u0119zykoznawstwo<\/h1>\n\n\n\n<p>dziedzina nauki<\/p>\n\n\n\n<p><a href=\"https:\/\/pl.m.wikipedia.org\/wiki\/J%C4%99zykoznawstwo\">https:\/\/pl.m.wikipedia.org\/wiki\/J%C4%99zykoznawstwo<\/a><\/p>\n\n\n\n<h1 class=\"wp-block-heading\" id=\"section_0\">J\u0119zyki \u015bwiata<\/h1>\n\n\n\n<p><a href=\"https:\/\/pl.m.wikipedia.org\/wiki\/J%C4%99zyki_%C5%9Bwiata\">https:\/\/pl.m.wikipedia.org\/wiki\/J%C4%99zyki_%C5%9Bwiata<\/a><\/p>\n\n\n\n<h1 class=\"wp-block-heading\" id=\"section_0\">Najcz\u0119\u015bciej u\u017cywane j\u0119zyki \u015bwiata<\/h1>\n\n\n\n<p><a href=\"https:\/\/pl.m.wikipedia.org\/wiki\/Najcz%C4%99%C5%9Bciej_u%C5%BCywane_j%C4%99zyki_%C5%9Bwiata\">https:\/\/pl.m.wikipedia.org\/wiki\/Najcz%C4%99%C5%9Bciej_u%C5%BCywane_j%C4%99zyki_%C5%9Bwiata<\/a><\/p>\n\n\n\n<h1 class=\"wp-block-heading\" id=\"section_0\">J\u0119zyki w Europie<\/h1>\n\n\n\n<p><a href=\"https:\/\/pl.m.wikipedia.org\/wiki\/J%C4%99zyki_w_Europie\">https:\/\/pl.m.wikipedia.org\/wiki\/J%C4%99zyki_w_Europie<\/a><\/p>\n\n\n\n<h1 class=\"wp-block-heading\" id=\"section_0\">J\u0119zyki w Unii Europejskiej<\/h1>\n\n\n\n<p><a href=\"https:\/\/pl.m.wikipedia.org\/wiki\/J%C4%99zyki_w_Unii_Europejskiej\">https:\/\/pl.m.wikipedia.org\/wiki\/J%C4%99zyki_w_Unii_Europejskiej<\/a><\/p>\n\n\n\n<h1 class=\"wp-block-heading\" id=\"section_0\">J\u0119zyk polski<\/h1>\n\n\n\n<p>j\u0119zyk indoeuropejski z grupy zachodnios\u0142owia\u0144skiej<\/p>\n\n\n\n<p><a href=\"https:\/\/pl.m.wikipedia.org\/wiki\/J%C4%99zyk_polski\">https:\/\/pl.m.wikipedia.org\/wiki\/J%C4%99zyk_polski<\/a><\/p>\n\n\n\n<h1 class=\"wp-block-heading\" id=\"section_0\">J\u0119zyk kaszubski<\/h1>\n\n\n\n<p>mowa zachodnios\u0142owia\u0144skia i lechicka, kt\u00f3r\u0105 m\u00f3wi oko\u0142o 108 tys. os\u00f3b<\/p>\n\n\n\n<p><a href=\"https:\/\/pl.m.wikipedia.org\/wiki\/J%C4%99zyk_kaszubski\">https:\/\/pl.m.wikipedia.org\/wiki\/J%C4%99zyk_kaszubski<\/a><\/p>\n\n\n\n<h1 class=\"wp-block-heading\" id=\"section_0\">Kasz\u00ebbsczi j\u00e3z\u00ebk<\/h1>\n\n\n\n<p>m\u00f2wa z z\u00f4p\u00f4dnos\u0142owia\u0144scz\u00e9g\u00f2 karna s\u0142owia\u0144sczich j\u00e3z\u00ebk\u00f3w<\/p>\n\n\n\n<p><a href=\"https:\/\/csb.m.wikipedia.org\/wiki\/Kasz%C3%ABbsczi_j%C3%A3z%C3%ABk\">https:\/\/csb.m.wikipedia.org\/wiki\/Kasz%C3%ABbsczi_j%C3%A3z%C3%ABk<\/a><\/p>\n\n\n\n<p>Alfabet kaszubski zawiera nast\u0119puj\u0105ce litery:<\/p>\n\n\n\n<p><a href=\"https:\/\/7hi7.com\/pl\/a\">A<\/a>a <a href=\"https:\/\/7hi7.com\/pl\/a-2\">\u0104<\/a>\u0105 <a href=\"https:\/\/7hi7.com\/pl\/a-3\">\u00c3<\/a>\u00e3 <a href=\"https:\/\/7hi7.com\/pl\/b\">B<\/a>b <a href=\"https:\/\/7hi7.com\/pl\/c\">C<\/a>c <a href=\"https:\/\/7hi7.com\/pl\/d\">D<\/a>d <a href=\"https:\/\/7hi7.com\/pl\/e\">E<\/a>e <a href=\"https:\/\/7hi7.com\/pl\/e-3\">\u00c9<\/a>\u00e9 <a href=\"https:\/\/7hi7.com\/pl\/e-4\">\u00cb<\/a>\u00eb <a href=\"https:\/\/7hi7.com\/pl\/f\">F<\/a>f <a href=\"https:\/\/7hi7.com\/pl\/g\">G<\/a>g <a href=\"https:\/\/7hi7.com\/pl\/h\">H<\/a>h <a href=\"https:\/\/7hi7.com\/pl\/i\">I<\/a>i <a href=\"https:\/\/7hi7.com\/pl\/j\">J<\/a>j <a href=\"https:\/\/7hi7.com\/pl\/k\">K<\/a>k <a href=\"https:\/\/7hi7.com\/pl\/l\">L<\/a>l <a href=\"https:\/\/7hi7.com\/pl\/l-2\">\u0141<\/a>\u0142 <a href=\"https:\/\/7hi7.com\/pl\/m\">M<\/a>m <a href=\"https:\/\/7hi7.com\/pl\/n\">N<\/a>n <a href=\"https:\/\/7hi7.com\/pl\/n-2\">\u0143<\/a>\u0144 <a href=\"https:\/\/7hi7.com\/pl\/o\">O<\/a>o <a href=\"https:\/\/7hi7.com\/pl\/o-3\">\u00d2<\/a>\u00f2 <a href=\"https:\/\/7hi7.com\/pl\/o-2\">\u00d3<\/a>\u00f3 <a href=\"https:\/\/7hi7.com\/pl\/o-4\">\u00d4<\/a>\u00f4 <a href=\"https:\/\/7hi7.com\/pl\/p\">P<\/a>p <a href=\"https:\/\/7hi7.com\/pl\/r\">R<\/a>r <a href=\"https:\/\/7hi7.com\/pl\/s\">S<\/a>s <a href=\"https:\/\/7hi7.com\/pl\/t\">T<\/a>t <a href=\"https:\/\/7hi7.com\/pl\/u\">U<\/a>u <a href=\"https:\/\/7hi7.com\/pl\/u-2\">\u00d9<\/a>\u00f9 <a href=\"https:\/\/7hi7.com\/pl\/w\">W<\/a>w <a href=\"https:\/\/7hi7.com\/pl\/y\">Y<\/a>y <a href=\"https:\/\/7hi7.com\/pl\/z\">Z<\/a>z <a href=\"https:\/\/7hi7.com\/pl\/z-3\">\u017b<\/a>\u017c<\/p>\n\n\n\n<p>P\u00f2lsczi j\u00e3z\u00ebk&nbsp;(j\u0119zyk polski) &#8211; j\u00e3z\u00ebk z&nbsp;z\u00f4padnos\u0142owia\u0144scz\u00e9g\u00f2&nbsp;karna&nbsp;s\u0142owia\u0144sczich j\u00e3z\u00ebk\u00f3w.<br>Alfab\u00e9t:<br>Aa,&nbsp;\u0104\u0105,&nbsp;Bb,&nbsp;Cc,&nbsp;<a href=\"https:\/\/7hi7.com\/pl\/c-2\">\u0106<\/a>\u0107,&nbsp;Dd,&nbsp;Ee,&nbsp;<a href=\"https:\/\/7hi7.com\/pl\/e-2\">\u0118<\/a>\u0119,&nbsp;Ff,&nbsp;Gg,&nbsp;Hh,&nbsp;Ii,&nbsp;Jj,&nbsp;Kk,&nbsp;Ll,&nbsp;\u0141\u0142,&nbsp;Mm,&nbsp;Nn,&nbsp;\u0143\u0144,&nbsp;Oo,&nbsp;\u00d3o,&nbsp;Pp,&nbsp;Rr,&nbsp;Ss,&nbsp;<a href=\"https:\/\/7hi7.com\/pl\/s-2\">\u015a<\/a>\u015b,&nbsp;Tt,&nbsp;Uu,&nbsp;Ww,&nbsp;Yy,&nbsp;Zz,&nbsp;<a href=\"https:\/\/7hi7.com\/pl\/z-2\">\u0179<\/a>\u017a,&nbsp;\u017b\u017c<\/p>\n\n\n\n<p>Wesp\u00f3\u0142czasny p\u00f2dstaw\u00f2wi \u0142acy\u0144sczi alfab\u00e9t: A B C D E F G H I J K L M N O P <a href=\"https:\/\/7hi7.com\/pl\/q\">Q<\/a> R S T U <a href=\"https:\/\/7hi7.com\/pl\/v\">V<\/a> W <a href=\"https:\/\/7hi7.com\/pl\/x\">X<\/a> Y Z<\/p>\n","protected":false},"excerpt":{"rendered":"<p>J https:\/\/pl.m.wikipedia.org\/wiki\/Specjalna:Wszystkie_strony?from=J&amp;to=&amp;namespace=0 https:\/\/encyklopedia.pwn.pl\/lista\/J.html J\u0119zykoznawstwo dziedzina nauki https:\/\/pl.m.wikipedia.org\/wiki\/J%C4%99zykoznawstwo J\u0119zyki \u015bwiata https:\/\/pl.m.wikipedia.org\/wiki\/J%C4%99zyki_%C5%9Bwiata Najcz\u0119\u015bciej u\u017cywane j\u0119zyki \u015bwiata https:\/\/pl.m.wikipedia.org\/wiki\/Najcz%C4%99%C5%9Bciej_u%C5%BCywane_j%C4%99zyki_%C5%9Bwiata J\u0119zyki w Europie https:\/\/pl.m.wikipedia.org\/wiki\/J%C4%99zyki_w_Europie J\u0119zyki w Unii Europejskiej https:\/\/pl.m.wikipedia.org\/wiki\/J%C4%99zyki_w_Unii_Europejskiej J\u0119zyk polski j\u0119zyk indoeuropejski z grupy zachodnios\u0142owia\u0144skiej https:\/\/pl.m.wikipedia.org\/wiki\/J%C4%99zyk_polski J\u0119zyk kaszubski mowa zachodnios\u0142owia\u0144skia i lechicka, kt\u00f3r\u0105 m\u00f3wi oko\u0142o 108 tys. os\u00f3b https:\/\/pl.m.wikipedia.org\/wiki\/J%C4%99zyk_kaszubski Kasz\u00ebbsczi j\u00e3z\u00ebk m\u00f2wa z z\u00f4p\u00f4dnos\u0142owia\u0144scz\u00e9g\u00f2 karna s\u0142owia\u0144sczich j\u00e3z\u00ebk\u00f3w https:\/\/csb.m.wikipedia.org\/wiki\/Kasz%C3%ABbsczi_j%C3%A3z%C3%ABk Alfabet [&hellip;]<\/p>\n","protected":false},"author":1,"featured_media":0,"parent":0,"menu_order":0,"comment_status":"closed","ping_status":"closed","template":"","meta":{"footnotes":""},"class_list":["post-47","page","type-page","status-publish","hentry"],"_links":{"self":[{"href":"https:\/\/7hi7.com\/pl\/wp-json\/wp\/v2\/pages\/47","targetHints":{"allow":["GET"]}}],"collection":[{"href":"https:\/\/7hi7.com\/pl\/wp-json\/wp\/v2\/pages"}],"about":[{"href":"https:\/\/7hi7.com\/pl\/wp-json\/wp\/v2\/types\/page"}],"author":[{"embeddable":true,"href":"https:\/\/7hi7.com\/pl\/wp-json\/wp\/v2\/users\/1"}],"replies":[{"embeddable":true,"href":"https:\/\/7hi7.com\/pl\/wp-json\/wp\/v2\/comments?post=47"}],"version-history":[{"count":18,"href":"https:\/\/7hi7.com\/pl\/wp-json\/wp\/v2\/pages\/47\/revisions"}],"predecessor-version":[{"id":583,"href":"https:\/\/7hi7.com\/pl\/wp-json\/wp\/v2\/pages\/47\/revisions\/583"}],"wp:attachment":[{"href":"https:\/\/7hi7.com\/pl\/wp-json\/wp\/v2\/media?parent=47"}],"curies":[{"name":"wp","href":"https:\/\/api.w.org\/{rel}","templated":true}]}}