{"id":411,"date":"2019-11-12T11:46:23","date_gmt":"2019-11-12T10:46:23","guid":{"rendered":"https:\/\/7hi7.com\/pl\/?page_id=411"},"modified":"2020-05-04T12:39:12","modified_gmt":"2020-05-04T10:39:12","slug":"e-3","status":"publish","type":"page","link":"https:\/\/7hi7.com\/pl\/e-3\/","title":{"rendered":"\u00c9"},"content":{"rendered":"\n<h1 class=\"wp-block-heading\" id=\"section_0\">\u00c9<\/h1>\n\n\n\n<h2 class=\"wp-block-heading\">Has\u0142a w pl.m.Wikipedia.org rozpoczynaj\u0105ce si\u0119 od litery \u00c9<\/h2>\n\n\n\n<p><a href=\"https:\/\/pl.m.wikipedia.org\/wiki\/Specjalna:Wszystkie_strony?from=%C3%89&amp;to=&amp;namespace=0\">https:\/\/pl.m.wikipedia.org\/wiki\/Specjalna:Wszystkie_strony?from=%C3%89&amp;to=&amp;namespace=0<\/a><\/p>\n\n\n\n<h2 class=\"wp-block-heading\">Definicja litery \u00c9 w pl.m.wikipedia.org<\/h2>\n\n\n\n<p><a href=\"https:\/\/pl.m.wikipedia.org\/wiki\/%C3%89\">https:\/\/pl.m.wikipedia.org\/wiki\/%C3%89<\/a><\/p>\n\n\n\n<h2 class=\"wp-block-heading\">Definicja litery \u00c9 w csb.m.wikipedia.org<\/h2>\n\n\n\n<p><a href=\"https:\/\/csb.m.wikipedia.org\/wiki\/%C3%89\">https:\/\/csb.m.wikipedia.org\/wiki\/%C3%89<\/a><\/p>\n\n\n\n<h2 class=\"wp-block-heading\">Definicja litery \u00c9 w en.m.wikipedia.org<\/h2>\n\n\n\n<p><a href=\"https:\/\/en.m.wikipedia.org\/wiki\/%C3%89\">https:\/\/en.m.wikipedia.org\/wiki\/%C3%89<\/a><\/p>\n\n\n\n<h2 class=\"wp-block-heading\">Has\u0142a w en.m.Wikipedia.org rozpoczynaj\u0105ce si\u0119 od litery \u00c9<\/h2>\n\n\n\n<p><a href=\"https:\/\/en.m.wikipedia.org\/wiki\/Special:AllPages?from=%C3%89&amp;to=&amp;namespace=0\">https:\/\/en.m.wikipedia.org\/wiki\/Special:AllPages?from=%C3%89&amp;to=&amp;namespace=0<\/a><\/p>\n","protected":false},"excerpt":{"rendered":"<p>\u00c9 Has\u0142a w pl.m.Wikipedia.org rozpoczynaj\u0105ce si\u0119 od litery \u00c9 https:\/\/pl.m.wikipedia.org\/wiki\/Specjalna:Wszystkie_strony?from=%C3%89&amp;to=&amp;namespace=0 Definicja litery \u00c9 w pl.m.wikipedia.org https:\/\/pl.m.wikipedia.org\/wiki\/%C3%89 Definicja litery \u00c9 w csb.m.wikipedia.org https:\/\/csb.m.wikipedia.org\/wiki\/%C3%89 Definicja litery \u00c9 w en.m.wikipedia.org https:\/\/en.m.wikipedia.org\/wiki\/%C3%89 Has\u0142a w en.m.Wikipedia.org rozpoczynaj\u0105ce si\u0119 od litery \u00c9 https:\/\/en.m.wikipedia.org\/wiki\/Special:AllPages?from=%C3%89&amp;to=&amp;namespace=0<\/p>\n","protected":false},"author":1,"featured_media":0,"parent":0,"menu_order":0,"comment_status":"closed","ping_status":"closed","template":"","meta":{"footnotes":""},"class_list":["post-411","page","type-page","status-publish","hentry"],"_links":{"self":[{"href":"https:\/\/7hi7.com\/pl\/wp-json\/wp\/v2\/pages\/411","targetHints":{"allow":["GET"]}}],"collection":[{"href":"https:\/\/7hi7.com\/pl\/wp-json\/wp\/v2\/pages"}],"about":[{"href":"https:\/\/7hi7.com\/pl\/wp-json\/wp\/v2\/types\/page"}],"author":[{"embeddable":true,"href":"https:\/\/7hi7.com\/pl\/wp-json\/wp\/v2\/users\/1"}],"replies":[{"embeddable":true,"href":"https:\/\/7hi7.com\/pl\/wp-json\/wp\/v2\/comments?post=411"}],"version-history":[{"count":4,"href":"https:\/\/7hi7.com\/pl\/wp-json\/wp\/v2\/pages\/411\/revisions"}],"predecessor-version":[{"id":619,"href":"https:\/\/7hi7.com\/pl\/wp-json\/wp\/v2\/pages\/411\/revisions\/619"}],"wp:attachment":[{"href":"https:\/\/7hi7.com\/pl\/wp-json\/wp\/v2\/media?parent=411"}],"curies":[{"name":"wp","href":"https:\/\/api.w.org\/{rel}","templated":true}]}}