{"id":37,"date":"2019-10-23T17:38:53","date_gmt":"2019-10-23T15:38:53","guid":{"rendered":"https:\/\/7hi7.com\/pl\/?page_id=37"},"modified":"2019-11-12T14:23:51","modified_gmt":"2019-11-12T13:23:51","slug":"e","status":"publish","type":"page","link":"https:\/\/7hi7.com\/pl\/e\/","title":{"rendered":"E"},"content":{"rendered":"\n<p>E<\/p>\n\n\n\n<p><a href=\"https:\/\/pl.m.wikipedia.org\/wiki\/Specjalna:Wszystkie_strony?from=E&amp;to=&amp;namespace=0\">https:\/\/pl.m.wikipedia.org\/wiki\/Specjalna:Wszystkie_strony?from=E&amp;to=&amp;namespace=0<\/a><\/p>\n\n\n\n<p><a href=\"https:\/\/encyklopedia.pwn.pl\/lista\/E.html\">https:\/\/encyklopedia.pwn.pl\/lista\/E.html<\/a><\/p>\n\n\n\n<h1 class=\"wp-block-heading\" id=\"section_0\">Eukarionty<\/h1>\n\n\n\n<p>organizmy \u017cywe, kt\u00f3rych kom\u00f3rki zawieraj\u0105 j\u0105dro kom\u00f3rkowe<\/p>\n\n\n\n<p><a href=\"https:\/\/pl.m.wikipedia.org\/wiki\/Eukarionty\">https:\/\/pl.m.wikipedia.org\/wiki\/Eukarionty<\/a><\/p>\n\n\n\n<p>Eukarionty<\/p>\n\n\n\n<p><a href=\"https:\/\/encyklopedia.pwn.pl\/szukaj\/Eukarionty.html\">https:\/\/encyklopedia.pwn.pl\/szukaj\/Eukarionty.html<\/a><\/p>\n\n\n\n<h1 class=\"wp-block-heading\" id=\"section_0\">Energia (fizyka)<\/h1>\n\n\n\n<p>skalarna wielko\u015b\u0107 fizyczna<\/p>\n\n\n\n<p><a href=\"https:\/\/pl.m.wikipedia.org\/wiki\/Energia_(fizyka)\">https:\/\/pl.m.wikipedia.org\/wiki\/Energia_(fizyka)<\/a><\/p>\n\n\n\n<h1 class=\"wp-block-heading\" id=\"section_0\">Europa<\/h1>\n\n\n\n<p>cz\u0119\u015b\u0107 \u015bwiata<\/p>\n\n\n\n<p><a href=\"https:\/\/pl.m.wikipedia.org\/wiki\/Europa\">https:\/\/pl.m.wikipedia.org\/wiki\/Europa<\/a><\/p>\n\n\n\n<h2 class=\"wp-block-heading\">Europa &#8211; Europe<\/h2>\n\n\n\n<p><a href=\"https:\/\/m.wikidata.org\/wiki\/Q46\">https:\/\/m.wikidata.org\/wiki\/Q46<\/a><\/p>\n\n\n\n<h1 class=\"wp-block-heading\" id=\"section_0\">Eurazja<\/h1>\n\n\n\n<p>kontynent<\/p>\n\n\n\n<p><a href=\"https:\/\/pl.m.wikipedia.org\/wiki\/Eurazja\">https:\/\/pl.m.wikipedia.org\/wiki\/Eurazja<\/a><\/p>\n\n\n\n<h2 class=\"wp-block-heading\">Eurazja \u2013 Eurasia<\/h2>\n\n\n\n<p><a href=\"https:\/\/m.wikidata.org\/wiki\/Q5401\">https:\/\/m.wikidata.org\/wiki\/Q5401<\/a><\/p>\n\n\n\n<h1 class=\"wp-block-heading\" id=\"section_0\">Electronic System for Travel Authorization<\/h1>\n\n\n\n<p><a href=\"https:\/\/pl.m.wikipedia.org\/wiki\/Electronic_System_for_Travel_Authorization\">https:\/\/pl.m.wikipedia.org\/wiki\/Electronic_System_for_Travel_Authorization<\/a><\/p>\n\n\n\n<p><a href=\"https:\/\/esta.cbp.dhs.gov\/esta\/\">https:\/\/esta.cbp.dhs.gov\/esta\/<\/a><\/p>\n","protected":false},"excerpt":{"rendered":"<p>E https:\/\/pl.m.wikipedia.org\/wiki\/Specjalna:Wszystkie_strony?from=E&amp;to=&amp;namespace=0 https:\/\/encyklopedia.pwn.pl\/lista\/E.html Eukarionty organizmy \u017cywe, kt\u00f3rych kom\u00f3rki zawieraj\u0105 j\u0105dro kom\u00f3rkowe https:\/\/pl.m.wikipedia.org\/wiki\/Eukarionty Eukarionty https:\/\/encyklopedia.pwn.pl\/szukaj\/Eukarionty.html Energia (fizyka) skalarna wielko\u015b\u0107 fizyczna https:\/\/pl.m.wikipedia.org\/wiki\/Energia_(fizyka) Europa cz\u0119\u015b\u0107 \u015bwiata https:\/\/pl.m.wikipedia.org\/wiki\/Europa Europa &#8211; Europe https:\/\/m.wikidata.org\/wiki\/Q46 Eurazja kontynent https:\/\/pl.m.wikipedia.org\/wiki\/Eurazja Eurazja \u2013 Eurasia https:\/\/m.wikidata.org\/wiki\/Q5401 Electronic System for Travel Authorization https:\/\/pl.m.wikipedia.org\/wiki\/Electronic_System_for_Travel_Authorization https:\/\/esta.cbp.dhs.gov\/esta\/<\/p>\n","protected":false},"author":1,"featured_media":0,"parent":0,"menu_order":0,"comment_status":"closed","ping_status":"closed","template":"","meta":{"footnotes":""},"class_list":["post-37","page","type-page","status-publish","hentry"],"_links":{"self":[{"href":"https:\/\/7hi7.com\/pl\/wp-json\/wp\/v2\/pages\/37","targetHints":{"allow":["GET"]}}],"collection":[{"href":"https:\/\/7hi7.com\/pl\/wp-json\/wp\/v2\/pages"}],"about":[{"href":"https:\/\/7hi7.com\/pl\/wp-json\/wp\/v2\/types\/page"}],"author":[{"embeddable":true,"href":"https:\/\/7hi7.com\/pl\/wp-json\/wp\/v2\/users\/1"}],"replies":[{"embeddable":true,"href":"https:\/\/7hi7.com\/pl\/wp-json\/wp\/v2\/comments?post=37"}],"version-history":[{"count":12,"href":"https:\/\/7hi7.com\/pl\/wp-json\/wp\/v2\/pages\/37\/revisions"}],"predecessor-version":[{"id":454,"href":"https:\/\/7hi7.com\/pl\/wp-json\/wp\/v2\/pages\/37\/revisions\/454"}],"wp:attachment":[{"href":"https:\/\/7hi7.com\/pl\/wp-json\/wp\/v2\/media?parent=37"}],"curies":[{"name":"wp","href":"https:\/\/api.w.org\/{rel}","templated":true}]}}