{"id":46,"date":"2022-10-01T13:58:29","date_gmt":"2022-10-01T13:58:29","guid":{"rendered":"https:\/\/7hi7.com\/nb-no\/?page_id=46"},"modified":"2022-10-01T13:58:29","modified_gmt":"2022-10-01T13:58:29","slug":"flyt","status":"publish","type":"page","link":"https:\/\/7hi7.com\/nb-no\/flyt\/","title":{"rendered":"Flyt"},"content":{"rendered":"\n<h2 class=\"wp-block-heading\">Flyt (psykologi)<\/h2>\n\n\n\n<p>Flyt&nbsp;(engelsk:&nbsp;flow) er et psykologisk begrep som f\u00f8rst og fremst er blitt utforsket av sosialpsykologen&nbsp;Mih\u00e1ly Cs\u00edkszentmih\u00e1lyi&nbsp;og betegner en tilstand der man blir s\u00e5 oppslukt av en aktivitet at man glemmer tid og sted[1]. En tilstand av flyt inneb\u00e6rer blant annet at man er motivert, tilfreds og g\u00e5r i ett med selve aktiviteten man holder p\u00e5 med slik at man glemmer seg selv og f\u00f8ler at man lever i nuet. Flyt oppst\u00e5r n\u00e5r man opplever at utfordringene aktiviteten stiller til en er i overensstemmelse med de forutsetningene man har for \u00e5 mestre utfordringene. Cs\u00edkszentmih\u00e1lyi begynte \u00e5 bruke begrepet etter \u00e5 ha sett kunstnere bli fullstendig oppslukt av arbeidet sitt, men utvidet siden med studier av folk som presterte ekstremt godt innen mange ulike felter.<\/p>\n\n\n\n<p>Flere universiteter ved den amerikanske vestkysten drev studier av hjerneaktiviteter i 1980-\u00e5rene. Foruten \u00e5 kartlegge hjernehalvdelenes betydning for forskjellige aktiviteter, kom en fram til at flyt-tilstanden ble oppn\u00e5dd ved at den h\u00f8yre hjernehalvdelen tok over styringen fra den tids- og detaljorienterte venstresiden.<\/p>\n\n\n\n<p><a href=\"https:\/\/no.m.wikipedia.org\/wiki\/Flyt_(psykologi)\">https:\/\/no.m.wikipedia.org\/wiki\/Flyt_(psykologi)<\/a><\/p>\n","protected":false},"excerpt":{"rendered":"<p>Flyt (psykologi) Flyt&nbsp;(engelsk:&nbsp;flow) er et psykologisk begrep som f\u00f8rst og fremst er blitt utforsket av sosialpsykologen&nbsp;Mih\u00e1ly Cs\u00edkszentmih\u00e1lyi&nbsp;og betegner en tilstand der man blir s\u00e5 oppslukt av en aktivitet at man glemmer tid og sted[1]. En tilstand av flyt inneb\u00e6rer blant annet at man er motivert, tilfreds og g\u00e5r i ett med selve aktiviteten man holder [&hellip;]<\/p>\n","protected":false},"author":1,"featured_media":0,"parent":0,"menu_order":0,"comment_status":"closed","ping_status":"closed","template":"","meta":{"footnotes":""},"class_list":["post-46","page","type-page","status-publish","hentry"],"_links":{"self":[{"href":"https:\/\/7hi7.com\/nb-no\/wp-json\/wp\/v2\/pages\/46","targetHints":{"allow":["GET"]}}],"collection":[{"href":"https:\/\/7hi7.com\/nb-no\/wp-json\/wp\/v2\/pages"}],"about":[{"href":"https:\/\/7hi7.com\/nb-no\/wp-json\/wp\/v2\/types\/page"}],"author":[{"embeddable":true,"href":"https:\/\/7hi7.com\/nb-no\/wp-json\/wp\/v2\/users\/1"}],"replies":[{"embeddable":true,"href":"https:\/\/7hi7.com\/nb-no\/wp-json\/wp\/v2\/comments?post=46"}],"version-history":[{"count":1,"href":"https:\/\/7hi7.com\/nb-no\/wp-json\/wp\/v2\/pages\/46\/revisions"}],"predecessor-version":[{"id":47,"href":"https:\/\/7hi7.com\/nb-no\/wp-json\/wp\/v2\/pages\/46\/revisions\/47"}],"wp:attachment":[{"href":"https:\/\/7hi7.com\/nb-no\/wp-json\/wp\/v2\/media?parent=46"}],"curies":[{"name":"wp","href":"https:\/\/api.w.org\/{rel}","templated":true}]}}