{"id":44,"date":"2022-03-27T10:00:11","date_gmt":"2022-03-27T10:00:11","guid":{"rendered":"https:\/\/7hi7.com\/nb-no\/?page_id=44"},"modified":"2022-03-27T10:00:11","modified_gmt":"2022-03-27T10:00:11","slug":"sport","status":"publish","type":"page","link":"https:\/\/7hi7.com\/nb-no\/sport\/","title":{"rendered":"Sport"},"content":{"rendered":"\n<h1 class=\"wp-block-heading\" id=\"firstHeading\">Sport<\/h1>\n\n\n\n<p>lek og fysisk aktivitet<\/p>\n\n\n\n<p>Sport\u00a0og\u00a0idrett\u00a0er n\u00e6r synonyme begrep som brukes om alle former for fysisk aktivitet som gjennom uformell eller organisert deltakelse, tar sikte p\u00e5 \u00e5 uttrykke eller bedre fysisk kondisjon og mental velv\u00e6re, danner sosiale relasjoner eller oppn\u00e5 resultater i konkurranse p\u00e5 alle niv\u00e5er. Enkelte ikke-fysiske aktiviteter har ogs\u00e5 status som sport.\u00a0Den internasjonale olympiske komit\u00e9\u00a0anerkjenner for eksempel b\u00e5de\u00a0bridge\u00a0og\u00a0sjakk\u00a0som sport.<\/p>\n\n\n\n<p>Det eksisterer hundrevis av forskjellige sporter og idretter.&nbsp;SportAccord, en sammenslutning av internasjonale sportsf\u00f8derasjoner, kategoriserer sport i fem hovedgrupper. Disse er prim\u00e6rt fysiske sporter, prim\u00e6rt tankesporter, prim\u00e6rt motoriserte sporter, prim\u00e6rt koordinative sporter og prim\u00e6rt dyresporter.<\/p>\n\n\n\n<p>Sports- og idrettskonkurranser er styrt av et sett med regler. Reglene brukes til \u00e5 sikre en rettferdig konkurranse og til \u00e5 avgj\u00f8re hvem som vinner. Hvem som vinner kan bestemmes av fysiske hendelser, som \u00e5 krysse en m\u00e5llinje f\u00f8rst eller score flest m\u00e5l, eller ved dommeravgj\u00f8relser. Dommere kan for eksempel vurdere en prestasjon opp mot kriterier for teknisk ytelse eller kunstnerisk uttrykk.<\/p>\n\n\n\n<p><a href=\"https:\/\/no.m.wikipedia.org\/wiki\/Sport\">https:\/\/no.m.wikipedia.org\/wiki\/Sport<\/a><\/p>\n","protected":false},"excerpt":{"rendered":"<p>Sport lek og fysisk aktivitet Sport\u00a0og\u00a0idrett\u00a0er n\u00e6r synonyme begrep som brukes om alle former for fysisk aktivitet som gjennom uformell eller organisert deltakelse, tar sikte p\u00e5 \u00e5 uttrykke eller bedre fysisk kondisjon og mental velv\u00e6re, danner sosiale relasjoner eller oppn\u00e5 resultater i konkurranse p\u00e5 alle niv\u00e5er. Enkelte ikke-fysiske aktiviteter har ogs\u00e5 status som sport.\u00a0Den internasjonale [&hellip;]<\/p>\n","protected":false},"author":1,"featured_media":0,"parent":0,"menu_order":0,"comment_status":"closed","ping_status":"closed","template":"","meta":{"footnotes":""},"class_list":["post-44","page","type-page","status-publish","hentry"],"_links":{"self":[{"href":"https:\/\/7hi7.com\/nb-no\/wp-json\/wp\/v2\/pages\/44","targetHints":{"allow":["GET"]}}],"collection":[{"href":"https:\/\/7hi7.com\/nb-no\/wp-json\/wp\/v2\/pages"}],"about":[{"href":"https:\/\/7hi7.com\/nb-no\/wp-json\/wp\/v2\/types\/page"}],"author":[{"embeddable":true,"href":"https:\/\/7hi7.com\/nb-no\/wp-json\/wp\/v2\/users\/1"}],"replies":[{"embeddable":true,"href":"https:\/\/7hi7.com\/nb-no\/wp-json\/wp\/v2\/comments?post=44"}],"version-history":[{"count":1,"href":"https:\/\/7hi7.com\/nb-no\/wp-json\/wp\/v2\/pages\/44\/revisions"}],"predecessor-version":[{"id":45,"href":"https:\/\/7hi7.com\/nb-no\/wp-json\/wp\/v2\/pages\/44\/revisions\/45"}],"wp:attachment":[{"href":"https:\/\/7hi7.com\/nb-no\/wp-json\/wp\/v2\/media?parent=44"}],"curies":[{"name":"wp","href":"https:\/\/api.w.org\/{rel}","templated":true}]}}