{"id":42,"date":"2022-03-25T15:02:16","date_gmt":"2022-03-25T15:02:16","guid":{"rendered":"https:\/\/7hi7.com\/nb-no\/?page_id=42"},"modified":"2022-03-25T15:02:16","modified_gmt":"2022-03-25T15:02:16","slug":"vitenskap","status":"publish","type":"page","link":"https:\/\/7hi7.com\/nb-no\/vitenskap\/","title":{"rendered":"Vitenskap"},"content":{"rendered":"\n<h1 class=\"wp-block-heading\" id=\"firstHeading\">Vitenskap<\/h1>\n\n\n\n<p>metode for anskaffelse av objektiv kunnskap<\/p>\n\n\n\n<p>Vitenskap&nbsp;er et systematisk foretak som gjennom kritisk unders\u00f8kelse organiserer kunnskap og metoder, og inneholder et sett med prinsipper og kriterier for hvordan b\u00e5de metoder og observasjoner skal forst\u00e5s. Moderne vitenskap deles ofte i&nbsp;naturvitenskap, som er studiet av den materielle verden,&nbsp;samfunnsvitenskap, som studerer folk og samfunn, og&nbsp;formell vitenskap, som logikk og matematikk.[1]&nbsp;De formelle vitenskapene regnes ikke alltid med ettersom de er basert p\u00e5 en metodikk som ikke baserer seg p\u00e5 empiri og observasjoner. Fagfelt som bruker vitenskap, som medisin eller ingeni\u00f8rfag, regnes som&nbsp;anvendt vitenskap.<\/p>\n\n\n\n<p>Vitenskap bygger p\u00e5 ideen om at verden kan forst\u00e5s ved hjelp av en kombinasjon av rasjonelle og empiriske framgangsm\u00e5ter, og har v\u00e6rt beskrevet som \u00aben kreativ prosess som handler om \u00e5 frembringe ideer og resonnementer, mens forskning omfatter datainnsamling, analyse og publikasjon\u00bb.[2]<\/p>\n\n\n\n<p>Fra&nbsp;antikken&nbsp;og frem til 1800-tallet var&nbsp;filosofi&nbsp;og vitenskap knyttet sammen, og forskere innen astronomi, fysikk eller medisin ble kalt naturfilosofer.&nbsp;Ibn al-Haitham, fra Basra i n\u00e5v\u00e6rende&nbsp;Irak, arbeidet med&nbsp;optikk, og la grunnlaget for&nbsp;vitenskapelig metode&nbsp;gjennom sine systematiske eksperimenter.[3]<\/p>\n\n\n\n<p>P\u00e5 1600- og 1700-tallet \u00f8nsket stadig flere \u00e5 formulere viten i form av fysiske lover. P\u00e5 1800-tallet ble vitenskap mer og mer assosiert med metodikken man brukte i studier av verden, og fagfelt som biologi, kjemi og fysikk fant sin moderne form. Termer som \u00abforsker\u00bb og \u00abvitenskapelige milj\u00f8\u00bb oppstod, og etableringen av forsknings-institusjoner \u00f8kte betydningen og p\u00e5virkningen av vitenskap i forhold til flere deler av samfunnet og kulturen.[trenger referanse]<\/p>\n\n\n\n<p><a href=\"https:\/\/no.m.wikipedia.org\/wiki\/Vitenskap\">https:\/\/no.m.wikipedia.org\/wiki\/Vitenskap<\/a><\/p>\n","protected":false},"excerpt":{"rendered":"<p>Vitenskap metode for anskaffelse av objektiv kunnskap Vitenskap&nbsp;er et systematisk foretak som gjennom kritisk unders\u00f8kelse organiserer kunnskap og metoder, og inneholder et sett med prinsipper og kriterier for hvordan b\u00e5de metoder og observasjoner skal forst\u00e5s. Moderne vitenskap deles ofte i&nbsp;naturvitenskap, som er studiet av den materielle verden,&nbsp;samfunnsvitenskap, som studerer folk og samfunn, og&nbsp;formell vitenskap, som [&hellip;]<\/p>\n","protected":false},"author":1,"featured_media":0,"parent":0,"menu_order":0,"comment_status":"closed","ping_status":"closed","template":"","meta":{"footnotes":""},"class_list":["post-42","page","type-page","status-publish","hentry"],"_links":{"self":[{"href":"https:\/\/7hi7.com\/nb-no\/wp-json\/wp\/v2\/pages\/42","targetHints":{"allow":["GET"]}}],"collection":[{"href":"https:\/\/7hi7.com\/nb-no\/wp-json\/wp\/v2\/pages"}],"about":[{"href":"https:\/\/7hi7.com\/nb-no\/wp-json\/wp\/v2\/types\/page"}],"author":[{"embeddable":true,"href":"https:\/\/7hi7.com\/nb-no\/wp-json\/wp\/v2\/users\/1"}],"replies":[{"embeddable":true,"href":"https:\/\/7hi7.com\/nb-no\/wp-json\/wp\/v2\/comments?post=42"}],"version-history":[{"count":1,"href":"https:\/\/7hi7.com\/nb-no\/wp-json\/wp\/v2\/pages\/42\/revisions"}],"predecessor-version":[{"id":43,"href":"https:\/\/7hi7.com\/nb-no\/wp-json\/wp\/v2\/pages\/42\/revisions\/43"}],"wp:attachment":[{"href":"https:\/\/7hi7.com\/nb-no\/wp-json\/wp\/v2\/media?parent=42"}],"curies":[{"name":"wp","href":"https:\/\/api.w.org\/{rel}","templated":true}]}}