{"id":40,"date":"2022-03-25T10:46:38","date_gmt":"2022-03-25T10:46:38","guid":{"rendered":"https:\/\/7hi7.com\/nb-no\/?page_id=40"},"modified":"2022-03-25T10:46:38","modified_gmt":"2022-03-25T10:46:38","slug":"kunst","status":"publish","type":"page","link":"https:\/\/7hi7.com\/nb-no\/kunst\/","title":{"rendered":"Kunst"},"content":{"rendered":"\n<h1 class=\"wp-block-heading\" id=\"firstHeading\">Kunst<\/h1>\n\n\n\n<p>kulturuttrykk<\/p>\n\n\n\n<p>Kunst\u00a0er en fellebetegnelse p\u00e5 menneskeskapte fenomener som blir laget for \u00e5 dekorere og for \u00e5 dele en opplevelse, fortelling eller f\u00f8lelse. Ordet kommer fra\u00a0tysk\u00a0\u00abkunnen\u00bb &#8211; \u00e5 kunne, dyktighet. Kunst dekker et stort mangfold av uttrykk, fra\u00a0sang\u00a0og\u00a0dans\u00a0(ut\u00f8vende kunst), via\u00a0diktning\u00a0og\u00a0skj\u00f8nnlitteratur\u00a0til\u00a0maleri,\u00a0skulpturer\u00a0og\u00a0arkitektur. Begrepet dekker b\u00e5de det \u00e5 lage eller framf\u00f8re kunstverket, tradisjonen det er laget i og institusjonene og mottakelsen av kunstverket.[1]<\/p>\n\n\n\n<p>Betydningen av og hensikten med kunst har variert gjennom tidene. Kj\u00e6rlighet og d\u00f8d er knyttet til sterke f\u00f8lelser og er vanlige tem\u00e6r og inspirasjon for kunst.[2]&nbsp;Tradisjonellt har kunst v\u00e6rt knyttet til&nbsp;estetikk.[3]&nbsp;Forst\u00e5else av kunst og definisjon av hva kunst er har v\u00e6rt omdiskutert siden&nbsp;antikken.[4]&nbsp;Hvilken&nbsp;kultur&nbsp;og&nbsp;samfunn&nbsp;kunstneren tilh\u00f8rer kan p\u00e5virke kunstens utseende, budskap og hvilken temaer som blir tatt opp. Samfunnet kan ogs\u00e5 v\u00e6re med p\u00e5 \u00e5 bestemme hvilken kunst som ble akspektert.&nbsp;[5]&nbsp;Enkelte mener at kunst ikke har verdi utover seg selv, andre mener utf\u00f8relsen krever spesiell kunnskap og \u00f8nske om \u00e5 bruke denne og individuelt tilpasse den til en situasjon og hensikt.<\/p>\n\n\n\n<p>If\u00f8lge\u00a0evolusjonspsykologien\u00a0er trangen til \u00e5 skape kunst og evnen til \u00e5 nyte den knyttet til\u00a0seksuell seleksjon.[6]<\/p>\n\n\n\n<p><a href=\"https:\/\/no.m.wikipedia.org\/wiki\/Kunst\">https:\/\/no.m.wikipedia.org\/wiki\/Kunst<\/a><\/p>\n","protected":false},"excerpt":{"rendered":"<p>Kunst kulturuttrykk Kunst\u00a0er en fellebetegnelse p\u00e5 menneskeskapte fenomener som blir laget for \u00e5 dekorere og for \u00e5 dele en opplevelse, fortelling eller f\u00f8lelse. Ordet kommer fra\u00a0tysk\u00a0\u00abkunnen\u00bb &#8211; \u00e5 kunne, dyktighet. Kunst dekker et stort mangfold av uttrykk, fra\u00a0sang\u00a0og\u00a0dans\u00a0(ut\u00f8vende kunst), via\u00a0diktning\u00a0og\u00a0skj\u00f8nnlitteratur\u00a0til\u00a0maleri,\u00a0skulpturer\u00a0og\u00a0arkitektur. Begrepet dekker b\u00e5de det \u00e5 lage eller framf\u00f8re kunstverket, tradisjonen det er laget i og [&hellip;]<\/p>\n","protected":false},"author":1,"featured_media":0,"parent":0,"menu_order":0,"comment_status":"closed","ping_status":"closed","template":"","meta":{"footnotes":""},"class_list":["post-40","page","type-page","status-publish","hentry"],"_links":{"self":[{"href":"https:\/\/7hi7.com\/nb-no\/wp-json\/wp\/v2\/pages\/40","targetHints":{"allow":["GET"]}}],"collection":[{"href":"https:\/\/7hi7.com\/nb-no\/wp-json\/wp\/v2\/pages"}],"about":[{"href":"https:\/\/7hi7.com\/nb-no\/wp-json\/wp\/v2\/types\/page"}],"author":[{"embeddable":true,"href":"https:\/\/7hi7.com\/nb-no\/wp-json\/wp\/v2\/users\/1"}],"replies":[{"embeddable":true,"href":"https:\/\/7hi7.com\/nb-no\/wp-json\/wp\/v2\/comments?post=40"}],"version-history":[{"count":1,"href":"https:\/\/7hi7.com\/nb-no\/wp-json\/wp\/v2\/pages\/40\/revisions"}],"predecessor-version":[{"id":41,"href":"https:\/\/7hi7.com\/nb-no\/wp-json\/wp\/v2\/pages\/40\/revisions\/41"}],"wp:attachment":[{"href":"https:\/\/7hi7.com\/nb-no\/wp-json\/wp\/v2\/media?parent=40"}],"curies":[{"name":"wp","href":"https:\/\/api.w.org\/{rel}","templated":true}]}}