{"id":38,"date":"2022-03-25T05:53:04","date_gmt":"2022-03-25T05:53:04","guid":{"rendered":"https:\/\/7hi7.com\/nb-no\/?page_id=38"},"modified":"2022-03-25T05:53:04","modified_gmt":"2022-03-25T05:53:04","slug":"menneske","status":"publish","type":"page","link":"https:\/\/7hi7.com\/nb-no\/menneske\/","title":{"rendered":"Menneske"},"content":{"rendered":"\n<h1 class=\"wp-block-heading\" id=\"firstHeading\">Menneske<\/h1>\n\n\n\n<p>art av store aper, art i familien Hominidae, og den eneste levende arten i slekten Homo<\/p>\n\n\n\n<p>Menneske\u00a0(Homo sapiens) er en\u00a0art\u00a0med tobeinte\u00a0primater\u00a0(Primates) i familien av\u00a0store aper\u00a0(Hominidae) og tilh\u00f8rer\u00a0menneskeslekten\u00a0(Homo).[2][3]\u00a0Det vitenskapelige navnet kommer fra\u00a0latin\u00a0og betyr \u00abdet kloke mennesket\u00bb. Det moderne mennesket er synonym med underarten\u00a0H. s. sapiens, men det kan ha eksistert flere underarter. Disse sp\u00f8rsm\u00e5lene er imidlertid fortsatt uavklarte. Menneske kan v\u00e6re b\u00e5de\u00a0prim\u00e6rkonsument,\u00a0sekund\u00e6rkonsument,\u00a0terti\u00e6rkonsument\u00a0og\u00a0toppkonsument\u00a0i en\u00a0n\u00e6ringskjede.<\/p>\n\n\n\n<p>Det moderne mennesket har mulighet for \u00e5 bruke&nbsp;spr\u00e5k&nbsp;p\u00e5 et meget h\u00f8yt niv\u00e5, og har en h\u00f8yt utviklet&nbsp;hjerne&nbsp;som er i stand til utstrakt abstrakt&nbsp;tenkning&nbsp;og&nbsp;bevissthet. Denne mentale kapasiteten, kombinert med en oppreist kroppsholdning som frigj\u00f8r dets \u00f8vre lemmer til andre aktiviteter enn gange, har gjort mennesket i stand til \u00e5 bruke&nbsp;verkt\u00f8y&nbsp;i st\u00f8rre grad enn noen annen kjent dyreart.&nbsp;DNA-baserte beviser indikerer at moderne mennesker oppstod i&nbsp;Afrika&nbsp;for omtrent 200&nbsp;000 \u00e5r siden.[4][d\u00f8d lenke]&nbsp;Mennesker befolker n\u00e5 samtlige kontinenter og har per 2022 en total populasjon p\u00e5 over 7.8 milliarder individer.[5]<\/p>\n\n\n\n<p>Studiet av mennesket skjer b\u00e5de i\u00a0naturvitenskapene\u00a0(humanbiologi),\u00a0samfunnsvitenskapene\u00a0(antropologi) og\u00a0medisin\u00a0(inkl.\u00a0psykologi).<\/p>\n\n\n\n<p><a href=\"https:\/\/no.m.wikipedia.org\/wiki\/Menneske\">https:\/\/no.m.wikipedia.org\/wiki\/Menneske<\/a><\/p>\n","protected":false},"excerpt":{"rendered":"<p>Menneske art av store aper, art i familien Hominidae, og den eneste levende arten i slekten Homo Menneske\u00a0(Homo sapiens) er en\u00a0art\u00a0med tobeinte\u00a0primater\u00a0(Primates) i familien av\u00a0store aper\u00a0(Hominidae) og tilh\u00f8rer\u00a0menneskeslekten\u00a0(Homo).[2][3]\u00a0Det vitenskapelige navnet kommer fra\u00a0latin\u00a0og betyr \u00abdet kloke mennesket\u00bb. Det moderne mennesket er synonym med underarten\u00a0H. s. sapiens, men det kan ha eksistert flere underarter. Disse sp\u00f8rsm\u00e5lene er [&hellip;]<\/p>\n","protected":false},"author":1,"featured_media":0,"parent":0,"menu_order":0,"comment_status":"closed","ping_status":"closed","template":"","meta":{"footnotes":""},"class_list":["post-38","page","type-page","status-publish","hentry"],"_links":{"self":[{"href":"https:\/\/7hi7.com\/nb-no\/wp-json\/wp\/v2\/pages\/38","targetHints":{"allow":["GET"]}}],"collection":[{"href":"https:\/\/7hi7.com\/nb-no\/wp-json\/wp\/v2\/pages"}],"about":[{"href":"https:\/\/7hi7.com\/nb-no\/wp-json\/wp\/v2\/types\/page"}],"author":[{"embeddable":true,"href":"https:\/\/7hi7.com\/nb-no\/wp-json\/wp\/v2\/users\/1"}],"replies":[{"embeddable":true,"href":"https:\/\/7hi7.com\/nb-no\/wp-json\/wp\/v2\/comments?post=38"}],"version-history":[{"count":1,"href":"https:\/\/7hi7.com\/nb-no\/wp-json\/wp\/v2\/pages\/38\/revisions"}],"predecessor-version":[{"id":39,"href":"https:\/\/7hi7.com\/nb-no\/wp-json\/wp\/v2\/pages\/38\/revisions\/39"}],"wp:attachment":[{"href":"https:\/\/7hi7.com\/nb-no\/wp-json\/wp\/v2\/media?parent=38"}],"curies":[{"name":"wp","href":"https:\/\/api.w.org\/{rel}","templated":true}]}}