{"id":36,"date":"2022-03-23T11:01:09","date_gmt":"2022-03-23T11:01:09","guid":{"rendered":"https:\/\/7hi7.com\/nb-no\/?page_id=36"},"modified":"2022-03-23T11:01:09","modified_gmt":"2022-03-23T11:01:09","slug":"liv","status":"publish","type":"page","link":"https:\/\/7hi7.com\/nb-no\/liv\/","title":{"rendered":"Liv"},"content":{"rendered":"\n<h1 class=\"wp-block-heading\" id=\"firstHeading\">Liv<\/h1>\n\n\n\n<p>materie som er i stand til \u00e5 trekke ut energi fra omgivelsene for \u00e5 reprodusere<\/p>\n\n\n\n<p>Liv\u00a0er fenomenet som skiller\u00a0bakterier,\u00a0dyr\u00a0og andre\u00a0organismer\u00a0fra d\u00f8de organismer og fra anorganiske (ikke-organiske) gjenstander som\u00a0krystaller.<\/p>\n\n\n\n<p>Det eksisterer ingen enkeltfaktor som definerer alt liv. De fleste definisjoner er en samling av flere kriterier. De vanligste kriteriene som inng\u00e5r er:<\/p>\n\n\n\n<ul class=\"wp-block-list\"><li>metabolisme\u00a0(levende organismer forbruker noe og lager avfallsstoffer)<\/li><li>evnen til\u00a0formering<\/li><li>evnen til \u00e5 tilpasse seg til milj\u00f8betingelsene (evolusjon).<\/li><\/ul>\n\n\n\n<p>Liv er knyttet til komplekse\u00a0kjemiske\u00a0strukturer og forutsetter en stoff- og energiflyt fra og til omgivelsene. I og med at vi bare kjenner til livsformer p\u00e5\u00a0jorden, og at man derfor ikke kan vite sikkert hva som kjennetegner liv generelt og hva som er s\u00e6rtrekk for jordisk liv, er det best \u00e5 redegj\u00f8re for disse to fenomenene hver for seg.<\/p>\n\n\n\n<p>Ordet\u00a0\u00ablivet\u00bb i bestemt form brukes gjerne generelt eller\u00a0symbolsk\u00a0om den\u00a0menneskelige\u00a0tilv\u00e6relsen og livsforl\u00f8pet, s\u00e6rlig det som gjelder et enkelt individ, og ofte i motsetning til\u00a0d\u00f8den.<\/p>\n\n\n\n<p><a href=\"https:\/\/no.m.wikipedia.org\/wiki\/Liv\">https:\/\/no.m.wikipedia.org\/wiki\/Liv<\/a><\/p>\n","protected":false},"excerpt":{"rendered":"<p>Liv materie som er i stand til \u00e5 trekke ut energi fra omgivelsene for \u00e5 reprodusere Liv\u00a0er fenomenet som skiller\u00a0bakterier,\u00a0dyr\u00a0og andre\u00a0organismer\u00a0fra d\u00f8de organismer og fra anorganiske (ikke-organiske) gjenstander som\u00a0krystaller. Det eksisterer ingen enkeltfaktor som definerer alt liv. De fleste definisjoner er en samling av flere kriterier. De vanligste kriteriene som inng\u00e5r er: metabolisme\u00a0(levende organismer forbruker [&hellip;]<\/p>\n","protected":false},"author":1,"featured_media":0,"parent":0,"menu_order":0,"comment_status":"closed","ping_status":"closed","template":"","meta":{"footnotes":""},"class_list":["post-36","page","type-page","status-publish","hentry"],"_links":{"self":[{"href":"https:\/\/7hi7.com\/nb-no\/wp-json\/wp\/v2\/pages\/36","targetHints":{"allow":["GET"]}}],"collection":[{"href":"https:\/\/7hi7.com\/nb-no\/wp-json\/wp\/v2\/pages"}],"about":[{"href":"https:\/\/7hi7.com\/nb-no\/wp-json\/wp\/v2\/types\/page"}],"author":[{"embeddable":true,"href":"https:\/\/7hi7.com\/nb-no\/wp-json\/wp\/v2\/users\/1"}],"replies":[{"embeddable":true,"href":"https:\/\/7hi7.com\/nb-no\/wp-json\/wp\/v2\/comments?post=36"}],"version-history":[{"count":1,"href":"https:\/\/7hi7.com\/nb-no\/wp-json\/wp\/v2\/pages\/36\/revisions"}],"predecessor-version":[{"id":37,"href":"https:\/\/7hi7.com\/nb-no\/wp-json\/wp\/v2\/pages\/36\/revisions\/37"}],"wp:attachment":[{"href":"https:\/\/7hi7.com\/nb-no\/wp-json\/wp\/v2\/media?parent=36"}],"curies":[{"name":"wp","href":"https:\/\/api.w.org\/{rel}","templated":true}]}}