{"id":32,"date":"2022-03-12T10:29:55","date_gmt":"2022-03-12T10:29:55","guid":{"rendered":"https:\/\/7hi7.com\/nb-no\/?page_id=32"},"modified":"2022-03-12T10:29:55","modified_gmt":"2022-03-12T10:29:55","slug":"empati","status":"publish","type":"page","link":"https:\/\/7hi7.com\/nb-no\/empati\/","title":{"rendered":"Empati"},"content":{"rendered":"\n<h1 class=\"wp-block-heading\">Empati<\/h1>\n\n\n\n<p>Empati\u00a0(fra gammelgresk,\u00a0empatheia) er evnen til \u00e5 sette seg inn i andres f\u00f8lelsesliv.[1]<\/p>\n\n\n\n<p>\u00c5 ha empati med noen inneb\u00e6rer \u00e5 kunne bruke egne erfaringer (intellektuelt forst\u00e5) og andres uttrykk for f\u00f8lelser (emosjonelt oppleve) til \u00e5 oppfatte hvordan en annen har det, men p\u00e5 den andres premisser slik at man ikke tolker den andres f\u00f8lelsesliv som om det var ens eget.[2]&nbsp;I en empatisk situasjon forst\u00e5r den som har empati for en annen hvordan denne opplever en situasjon eller tilstand. Empati kan v\u00e6re grunnlaget for&nbsp;prososial atferd&nbsp;(intensjon om \u00e5 v\u00e6re til hjelp for andre), men trenger i seg selv n\u00f8dvendigvis ikke \u00e5 utl\u00f8se prososial atferd. For \u00e5 opp\u00f8ve en empatisk ferdighet trenger man \u00e5 h\u00f8ste erfaringer fra eget liv, men det er ogs\u00e5 utviklet egne oppl\u00e6ringsprogrammer[3]&nbsp;i&nbsp;sosial kompetanse, der empati inng\u00e5r.<\/p>\n\n\n\n<p>Det er viktig \u00e5 skille mellom empati, \u00e5 kunne forst\u00e5 andres f\u00f8lelsesliv, og\u00a0sympati, \u00e5 ha en positiv innstilling eller\u00a0holdning\u00a0overfor en annen. Man kan ha en positiv innstilling til noen uten \u00e5 kunne sette seg inn i dennes f\u00f8lelsesliv, og \u00e5 motsatt kunne sette seg inn i andres f\u00f8lelsesliv uten \u00e5 ha en positiv innstilling til den andre.<\/p>\n\n\n\n<p><a href=\"https:\/\/no.m.wikipedia.org\/wiki\/Empati\">https:\/\/no.m.wikipedia.org\/wiki\/Empati<\/a><\/p>\n","protected":false},"excerpt":{"rendered":"<p>Empati Empati\u00a0(fra gammelgresk,\u00a0empatheia) er evnen til \u00e5 sette seg inn i andres f\u00f8lelsesliv.[1] \u00c5 ha empati med noen inneb\u00e6rer \u00e5 kunne bruke egne erfaringer (intellektuelt forst\u00e5) og andres uttrykk for f\u00f8lelser (emosjonelt oppleve) til \u00e5 oppfatte hvordan en annen har det, men p\u00e5 den andres premisser slik at man ikke tolker den andres f\u00f8lelsesliv som [&hellip;]<\/p>\n","protected":false},"author":1,"featured_media":0,"parent":0,"menu_order":0,"comment_status":"closed","ping_status":"closed","template":"","meta":{"footnotes":""},"class_list":["post-32","page","type-page","status-publish","hentry"],"_links":{"self":[{"href":"https:\/\/7hi7.com\/nb-no\/wp-json\/wp\/v2\/pages\/32","targetHints":{"allow":["GET"]}}],"collection":[{"href":"https:\/\/7hi7.com\/nb-no\/wp-json\/wp\/v2\/pages"}],"about":[{"href":"https:\/\/7hi7.com\/nb-no\/wp-json\/wp\/v2\/types\/page"}],"author":[{"embeddable":true,"href":"https:\/\/7hi7.com\/nb-no\/wp-json\/wp\/v2\/users\/1"}],"replies":[{"embeddable":true,"href":"https:\/\/7hi7.com\/nb-no\/wp-json\/wp\/v2\/comments?post=32"}],"version-history":[{"count":1,"href":"https:\/\/7hi7.com\/nb-no\/wp-json\/wp\/v2\/pages\/32\/revisions"}],"predecessor-version":[{"id":33,"href":"https:\/\/7hi7.com\/nb-no\/wp-json\/wp\/v2\/pages\/32\/revisions\/33"}],"wp:attachment":[{"href":"https:\/\/7hi7.com\/nb-no\/wp-json\/wp\/v2\/media?parent=32"}],"curies":[{"name":"wp","href":"https:\/\/api.w.org\/{rel}","templated":true}]}}