{"id":30,"date":"2022-03-08T11:01:17","date_gmt":"2022-03-08T11:01:17","guid":{"rendered":"https:\/\/7hi7.com\/nb-no\/?page_id=30"},"modified":"2022-03-08T11:01:17","modified_gmt":"2022-03-08T11:01:17","slug":"helse","status":"publish","type":"page","link":"https:\/\/7hi7.com\/nb-no\/helse\/","title":{"rendered":"Helse"},"content":{"rendered":"\n<h1 class=\"wp-block-heading\">Helse<\/h1>\n\n\n\n<p>Helse\u00a0er et kulturelt betinget begrep som varierer med kultur, oppfatninger og historie. Medisinsk kan helse defineres som\u00a0organismens\u00a0evne til \u00e5 effektivt svare p\u00e5 stressfaktorer og effektivt restituere og vedlikeholde en likevektsbalanse,[1]\u00a0eller som \u00abevna til \u00e5 leve med krava til kvardagen\u00bb.[2]<\/p>\n\n\n\n<p>Skade- og sykdomsforebyggelse er viktig for et godt liv og god helse. En form for forebygging er gode vaner, som oftest blir utf\u00f8rt automatisk uten at personen er spesielt oppmerksom p\u00e5 det. Eksempler p\u00e5 gode helsevaner er \u00e5 bruke bilbelte, spise regelmessig og mosjonere litt hver dag.<\/p>\n\n\n\n<p>Den biomedisinske definisjonen av helse er\u00a0frav\u00e6r av sykdom.[3]\u00a0Definisjonen har blant annet blitt kritisert for \u00e5 v\u00e6re for snever og for \u00e5 ha for mye fokus p\u00e5 fysiske funksjoner. Som en reaksjon mot denne lagde\u00a0Verdens helseorganisasjon\u00a0(WHO) i 1948 denne definisjonen av helse:\u00a0en tilstand av fullkomment legemlig, sjelelig og sosialt velv\u00e6re og ikke bare frav\u00e6r av sykdom eller lyter. Innvendinger mot denne er at den har gjort sykdomsbegrepet vanskelig \u00e5 avgrense, og at den er et eksempel p\u00e5 et uoppn\u00e5elig ideal.[4]\u00a0I 1970 lanserte WHO en ny definisjon av helse, som\u00a0evnen til \u00e5 kunne leve et \u00f8konomisk og sosialt produktivt liv. Denne definisjonen har ikke f\u00e5tt gjennomslag.[5]<\/p>\n\n\n\n<p><a href=\"https:\/\/no.m.wikipedia.org\/wiki\/Helse\">https:\/\/no.m.wikipedia.org\/wiki\/Helse<\/a><\/p>\n","protected":false},"excerpt":{"rendered":"<p>Helse Helse\u00a0er et kulturelt betinget begrep som varierer med kultur, oppfatninger og historie. Medisinsk kan helse defineres som\u00a0organismens\u00a0evne til \u00e5 effektivt svare p\u00e5 stressfaktorer og effektivt restituere og vedlikeholde en likevektsbalanse,[1]\u00a0eller som \u00abevna til \u00e5 leve med krava til kvardagen\u00bb.[2] Skade- og sykdomsforebyggelse er viktig for et godt liv og god helse. En form for [&hellip;]<\/p>\n","protected":false},"author":1,"featured_media":0,"parent":0,"menu_order":0,"comment_status":"closed","ping_status":"closed","template":"","meta":{"footnotes":""},"class_list":["post-30","page","type-page","status-publish","hentry"],"_links":{"self":[{"href":"https:\/\/7hi7.com\/nb-no\/wp-json\/wp\/v2\/pages\/30","targetHints":{"allow":["GET"]}}],"collection":[{"href":"https:\/\/7hi7.com\/nb-no\/wp-json\/wp\/v2\/pages"}],"about":[{"href":"https:\/\/7hi7.com\/nb-no\/wp-json\/wp\/v2\/types\/page"}],"author":[{"embeddable":true,"href":"https:\/\/7hi7.com\/nb-no\/wp-json\/wp\/v2\/users\/1"}],"replies":[{"embeddable":true,"href":"https:\/\/7hi7.com\/nb-no\/wp-json\/wp\/v2\/comments?post=30"}],"version-history":[{"count":1,"href":"https:\/\/7hi7.com\/nb-no\/wp-json\/wp\/v2\/pages\/30\/revisions"}],"predecessor-version":[{"id":31,"href":"https:\/\/7hi7.com\/nb-no\/wp-json\/wp\/v2\/pages\/30\/revisions\/31"}],"wp:attachment":[{"href":"https:\/\/7hi7.com\/nb-no\/wp-json\/wp\/v2\/media?parent=30"}],"curies":[{"name":"wp","href":"https:\/\/api.w.org\/{rel}","templated":true}]}}