{"id":28,"date":"2022-03-06T11:05:04","date_gmt":"2022-03-06T11:05:04","guid":{"rendered":"https:\/\/7hi7.com\/nb-no\/?page_id=28"},"modified":"2022-03-06T11:05:04","modified_gmt":"2022-03-06T11:05:04","slug":"uavhengighet","status":"publish","type":"page","link":"https:\/\/7hi7.com\/nb-no\/uavhengighet\/","title":{"rendered":"Uavhengighet"},"content":{"rendered":"\n<h1 class=\"wp-block-heading\">Uavhengighet<\/h1>\n\n\n\n<p>Uavhengighet&nbsp;betyr&nbsp;selvstendighet;&nbsp;selververving, og kan benyttes om&nbsp;fysiske&nbsp;og&nbsp;juridiske personer. Det er ogs\u00e5 forskjellige grader av uavhengighet.&nbsp;Norge&nbsp;betrakter p\u00e5 mange m\u00e5ter sin parlamentariske uavhengighet fra&nbsp;Sverige&nbsp;ved grunnlovsvedtaket i&nbsp;1814, mens uavhengighetserkl\u00e6ringen i&nbsp;1905&nbsp;knapt feires.<\/p>\n\n\n\n<p>Mindre land som&nbsp;Monaco,&nbsp;Andorra&nbsp;og&nbsp;San Marino&nbsp;er formelt sett uavhengige, men reelt sett er Monaco p\u00e5 mange m\u00e5ter en del av&nbsp;Frankrike; p\u00e5 samme m\u00e5te som Andorra; mens San Marino er en integrert del av&nbsp;Italia.<\/p>\n\n\n\n<p>Landene i&nbsp;Den europeiske union&nbsp;betraktes som uavhengige, selv om de reelt sett har overgitt en stor del av sin selvstendighet til myndighetene i&nbsp;Brussel. Norge betraktes \u00e5 v\u00e6re uavhengig av EU, men er reelt sett er ogs\u00e5 underlagt mange av de lover og regler som gjelder i EU, selv om Norge ikke er medlem av unionen. \u00c5rsaken er at Norge er tilsluttet&nbsp;E\u00d8S-avtalen.<\/p>\n\n\n\n<p>Det finnes ogs\u00e5 eksempler p\u00e5 at omr\u00e5der som formelt sett er&nbsp;biland&nbsp;i realiteten er \u00e5 betrakte som uavhengige land, f.eks.&nbsp;Hongkong,&nbsp;Macao&nbsp;og&nbsp;Bermuda.<\/p>\n\n\n\n<p>En fysisk person kan v\u00e6re uavhengig for eksempel sine foreldre eller ektefelle, hvis han eller hun selv kan greie seg&nbsp;\u00f8konomisk&nbsp;p\u00e5 egen h\u00e5nd. Dette forutsetter at han har egen inntekt, husv\u00e6re og p\u00e5 annen m\u00e5te greier seg p\u00e5 egen h\u00e5nd.<\/p>\n\n\n\n<p>Politisk sett kan en representant v\u00e6re uavhengig av partiene, dvs. stemme ut fra egen overbevisning. Dette skjer oftest i kommunepolitikken, men kan ogs\u00e5 oppst\u00e5 i\u00a0Stortinget\u00a0ved utmeldelse eller frast\u00f8ting fra politiske partier.<\/p>\n\n\n\n<p><a href=\"https:\/\/no.m.wikipedia.org\/wiki\/Uavhengighet\">https:\/\/no.m.wikipedia.org\/wiki\/Uavhengighet<\/a><\/p>\n","protected":false},"excerpt":{"rendered":"<p>Uavhengighet Uavhengighet&nbsp;betyr&nbsp;selvstendighet;&nbsp;selververving, og kan benyttes om&nbsp;fysiske&nbsp;og&nbsp;juridiske personer. Det er ogs\u00e5 forskjellige grader av uavhengighet.&nbsp;Norge&nbsp;betrakter p\u00e5 mange m\u00e5ter sin parlamentariske uavhengighet fra&nbsp;Sverige&nbsp;ved grunnlovsvedtaket i&nbsp;1814, mens uavhengighetserkl\u00e6ringen i&nbsp;1905&nbsp;knapt feires. Mindre land som&nbsp;Monaco,&nbsp;Andorra&nbsp;og&nbsp;San Marino&nbsp;er formelt sett uavhengige, men reelt sett er Monaco p\u00e5 mange m\u00e5ter en del av&nbsp;Frankrike; p\u00e5 samme m\u00e5te som Andorra; mens San Marino er en [&hellip;]<\/p>\n","protected":false},"author":1,"featured_media":0,"parent":0,"menu_order":0,"comment_status":"closed","ping_status":"closed","template":"","meta":{"footnotes":""},"class_list":["post-28","page","type-page","status-publish","hentry"],"_links":{"self":[{"href":"https:\/\/7hi7.com\/nb-no\/wp-json\/wp\/v2\/pages\/28","targetHints":{"allow":["GET"]}}],"collection":[{"href":"https:\/\/7hi7.com\/nb-no\/wp-json\/wp\/v2\/pages"}],"about":[{"href":"https:\/\/7hi7.com\/nb-no\/wp-json\/wp\/v2\/types\/page"}],"author":[{"embeddable":true,"href":"https:\/\/7hi7.com\/nb-no\/wp-json\/wp\/v2\/users\/1"}],"replies":[{"embeddable":true,"href":"https:\/\/7hi7.com\/nb-no\/wp-json\/wp\/v2\/comments?post=28"}],"version-history":[{"count":1,"href":"https:\/\/7hi7.com\/nb-no\/wp-json\/wp\/v2\/pages\/28\/revisions"}],"predecessor-version":[{"id":29,"href":"https:\/\/7hi7.com\/nb-no\/wp-json\/wp\/v2\/pages\/28\/revisions\/29"}],"wp:attachment":[{"href":"https:\/\/7hi7.com\/nb-no\/wp-json\/wp\/v2\/media?parent=28"}],"curies":[{"name":"wp","href":"https:\/\/api.w.org\/{rel}","templated":true}]}}