{"id":24,"date":"2022-03-02T17:09:35","date_gmt":"2022-03-02T17:09:35","guid":{"rendered":"https:\/\/7hi7.com\/nb-no\/?page_id=24"},"modified":"2025-12-02T16:14:06","modified_gmt":"2025-12-02T16:14:06","slug":"klaudia","status":"publish","type":"page","link":"https:\/\/7hi7.com\/nb-no\/klaudia\/","title":{"rendered":"Klaudia"},"content":{"rendered":"\n<h3 class=\"has-text-align-center wp-block-heading\">1. Intellektuell utvikling. 2. \u00c5ndelig utvikling. Avslapping, de beste meditasjonene, bekreftelser, gode intensjoner, selvforslag, musikkterapi.<\/h3>\n\n\n\n<h3 class=\"wp-block-heading\">YouTube-kanal &#8211; Klaudia Pingot SpecBabka:<\/h3>\n\n\n\n<p><a href=\"https:\/\/m.youtube.com\/channel\/UCTQoTy2IzS-NgX1yysc17YQ\">https:\/\/m.youtube.com\/channel\/UCTQoTy2IzS-NgX1yysc17YQ<\/a><\/p>\n\n\n\n<h3 class=\"wp-block-heading\">Facebook:<\/h3>\n\n\n\n<p><a href=\"https:\/\/m.facebook.com\/SpecBabka\/\">https:\/\/m.facebook.com\/SpecBabka\/<\/a><\/p>\n\n\n\n<h3 class=\"wp-block-heading\">127 kraftbekreftelser, 432 Hz. Lytt hver dag. Mer magi hver dag.<\/h3>\n\n\n\n<figure class=\"wp-block-embed is-type-video is-provider-youtube wp-block-embed-youtube wp-embed-aspect-16-9 wp-has-aspect-ratio\"><div class=\"wp-block-embed__wrapper\">\n<iframe loading=\"lazy\" title=\"127 afirmacji mocy, 432 Hz. S\u0142uchaj ka\u017cdego dnia. Wi\u0119cej magii na co dzie\u0144.\" width=\"580\" height=\"326\" src=\"https:\/\/www.youtube.com\/embed\/k6CstcOCyH0?feature=oembed\" frameborder=\"0\" allow=\"accelerometer; autoplay; clipboard-write; encrypted-media; gyroscope; picture-in-picture; web-share\" referrerpolicy=\"strict-origin-when-cross-origin\" allowfullscreen><\/iframe>\n<\/div><\/figure>\n\n\n\n<p>&laquo;0. Jeg sv\u00f8mmer lenger og dypere.<\/p>\n\n\n\n<p>1. Tankene mine p\u00e5virker hva som var og hva som kommer til \u00e5 bli.<br>2. Jeg er.<br>3. Jeg er og jeg kjenner kraften som str\u00f8mmer fra dette ordet.<br>4. Jeg er her og n\u00e5.<br>5. Jeg er en del av universet.<br>6. Jeg er sjel i kropp og kropp i sjel.<br>7. Jeg er en kombinasjon av energi og materie.<br>8. Jeg er her ikke ved et uhell.<br>9. Jeg er her av en grunn.<br>10. Jeg er visdommen i mine erfaringer.<br>11. Jeg er potensialet til mine f\u00f8lelser og tanker.<br>12. Jeg er resultatet av mine valg.<br>13. Jeg er perfeksjon i min ufullkommenhet.<br>14. Jeg er en verdi i meg selv.<br>15. Jeg er her og jeg er fortsatt.<br>16. Jeg er selv n\u00e5r jeg ikke har noe.<br>17. Jeg er selv n\u00e5r ingen tar hensyn til meg.<br>18. Jeg er lyset i m\u00f8rket.<br>19. Jeg er pusten i stillhet.<br>20. Jeg er skaperen av livet mitt.<br>21. Jeg er det, og jeg kjenner det i hjertet mitt.<br>22. Jeg er fordi du er.<br>23. Du er fordi jeg er det.<br>24. Jeg sv\u00f8mmer lenger og dypere.<br>25. Tankene mine p\u00e5virker hva som var og hva som kommer til \u00e5 bli.<br>26. Jeg er i live.<br>27. Jeg er i live og jeg kjenner kraften str\u00f8mme fra dette ordet.<br>28. Jeg lever fordi jeg vet at dette livet skjer med meg.<br>29. Jeg er i live, og dette er den st\u00f8rste gaven.<br>30. Jeg er i live og takket v\u00e6re dette kan jeg oppleve kj\u00e6rlighet.<br>31. Jeg lever og derfor kan jeg l\u00e6re av mine feil.<br>32. Jeg er i live og kan starte p\u00e5 nytt hver dag.<br>33. Jeg er i live og jeg har rett til \u00e5 stoppe i dette livet.<br>34. Jeg lever for \u00e5 f\u00e5 nye erfaringer.<br>35. Jeg lever for \u00e5 utvikle meg og bli kjent med meg selv.<br>36. Jeg lever for \u00e5 g\u00e5 foran med et godt eksempel.<br>37. Jeg lever for \u00e5 oppleve glede og takknemlighet.<br>38. Jeg lever av \u00e5 g\u00e5 gjennom dette livet med mot og nysgjerrighet.<br>39. Jeg lever og f\u00f8ler det i hjertet mitt.<br>40. Dette er mitt liv og min tid.<br>41. Dette er min vei og mitt eventyr.<br>42. Jeg lever fordi livet er verdt \u00e5 leve.<br>43. Jeg sv\u00f8mmer lenger og dypere.<br>44. Tankene mine p\u00e5virker hva som var og hva som kommer til \u00e5 bli.<br>45. Jeg godtar.<br>46. Jeg aksepterer og f\u00f8ler kraften i dette ordet.<br>47. Jeg aksepterer \u00e5 gj\u00f8re lidelse til forst\u00e5else.<br>48. Jeg aksepterer virkeligheten slik den er.<br>49. Jeg aksepterer meg selv for den jeg er.<br>50. Jeg aksepterer mine lys og skygger.<br>51. Jeg aksepterer meg selv der jeg er.<br>52. Jeg aksepterer det som skjedde og som skjer med meg.<br>53. Jeg aksepterer mine egne feil og feil.<br>54. Jeg aksepterer mennesker og deres mangfold.<br>55. Jeg aksepterer livets kompleksitet<br>56. Jeg aksepterer mitt sinne og hjelpel\u00f8shet.<br>57. Jeg aksepterer fortiden min.<br>58. Jeg aksepterer det og kjenner det i hjertet mitt.<br>59. Jeg aksepterer at ikke alt er som jeg vil ha det.<br>60. Jeg erstatter innsigelsen med aksept.<br>61. N\u00e5r jeg aksepterer, slapper kroppen min av og helbreder.<br>62. Aksept omfavner meg selv og verden.<br>63. Jeg sv\u00f8mmer lenger og dypere.<br>64. Tankene mine p\u00e5virker hva som var og hva som kommer til \u00e5 bli.<br>65. Jeg tilgir.<br>66. Jeg tilgir og f\u00f8ler kraften i det ordet.<br>67. Jeg tilgir \u00e5 gi slipp p\u00e5 byrden.<br>68. Jeg tilgir meg selv for feil.<br>69. Jeg tilgir verdens urettferdighet.<br>70. Jeg tilgir meg selv for \u00e5 feile noen ganger.<br>71. Jeg tilgir dem som f\u00e5r meg til \u00e5 lide.<br>72. Jeg tilgir og har medf\u00f8lelse.<br>73. N\u00e5r jeg tilgir blir kroppen min lett og hjertet mitt fritt.<br>74. Jeg omfavner meg selv og verden med tilgivelse og medf\u00f8lelse.<br>75. Jeg sv\u00f8mmer lenger og dypere.<br>76. Tankene mine p\u00e5virker hva som var og hva som kommer til \u00e5 bli.<br>77. Jeg har rett til \u00e5 v\u00e6re meg selv.<br>78. Jeg har rett til \u00e5 si &laquo;nei&raquo;<br>79. Jeg har evnen til \u00e5 si \u00abjeg vil\u00bb<br>80. Jeg har himmelen over hodet.<br>81. Jeg har bakken under f\u00f8ttene.<br>82. Jeg har naturen rundt meg.<br>83. Jeg har meg selv.<br>84. Jeg har et hjerte som sl\u00e5r.<br>85. Jeg har kj\u00e6rlighet i og rundt meg.<br>86. Jeg er klar over hva som er viktig.<br>87. Jeg har pusten som gir meg liv.<br>88. Jeg har et liv som er en reise.<br>89. Jeg har nok til \u00e5 f\u00f8le glede.<br>90. Jeg har nok til \u00e5 f\u00f8le meg takknemlig.<br>91. N\u00e5r jeg f\u00f8ler at jeg har s\u00e5 mye, stivner kroppen og hjertet mitt er rolig.<br>92. Jeg sv\u00f8mmer lenger og dypere.<br>93. Mine tanker p\u00e5virker hva som var og hva som kommer til \u00e5 bli.<br>94. Jeg tillater meg selv \u00e5 gi slipp p\u00e5 det som ikke tjener meg.<br>95. Tillater meg selv \u00e5 oppleve det jeg trenger.<br>96. Jeg tillater meg selv \u00e5 f\u00f8le lyset i meg selv.<br>97. Jeg tillater meg selv \u00e5 v\u00e6re meg selv.<br>98. Jeg tillater meg selv \u00e5 hvile.<br>99. Jeg lar intuisjonen min st\u00f8tte meg.<br>100. Jeg lar min fortid gi meg erfaringens visdom.<br>101. Jeg lar fremtiden lede meg til det beste.<br>102. Jeg lar mitt her og n\u00e5 v\u00e6re et \u00f8yeblikk av makt.<br>103. N\u00e5r jeg hengir meg til det som er viktig, gir kroppen meg vinger og hjertet sl\u00e5r rytmisk.<br>104. Jeg sv\u00f8mmer lenger og dypere.<br>105. Tankene mine p\u00e5virker hva som var og hva som kommer til \u00e5 bli.<br>106. Jeg \u00e5pner.<br>107. Jeg \u00e5pner meg og kjenner kraften str\u00f8mme fra dette ordet.<br>108. Jeg er \u00e5pen for kj\u00e6rlighet.<br>109. Jeg er \u00e5pen for godt.<br>110. Jeg \u00e5pner for det ukjente.<br>111. Jeg er \u00e5pen for mine potensialer.<br>112. Jeg er \u00e5pen for folk.<br>113. Jeg \u00e5pner meg for meg selv.<br>114. Jeg er \u00e5pen for alt den nye dagen bringer.<br>115. Jeg er \u00e5pen for muligheter og l\u00e6rdom fra vanskelige opplevelser.<br>116. Jeg er \u00e5pen for overflod og overflod.<br>117. Jeg er \u00e5pen for endring.<br>118. N\u00e5r jeg \u00e5pner sinnet mitt, f\u00f8les kroppen min sterk og hjertet mitt f\u00f8les modig.<br>119. Jeg sv\u00f8mmer lenger og dypere.<br>120. Tankene mine p\u00e5virker hva som var og hva som kommer til \u00e5 bli.<br>121. Jeg balanserer energi i meg selv og alle energisentre.<br>122. Jeg balanserer rotchakraet for \u00e5 f\u00f8le meg trygg.<br>123. Jeg balanserer sakralchakraet for \u00e5 oppleve \u00f8mhet.<br>124. Jeg balanserer solar plexus-chakraet mitt for \u00e5 f\u00f8le handlefrihet.<br>125. Jeg balanserer hjertechakraet mitt til kj\u00e6rlighet.<br>126. Jeg balanserer halschakraet mitt for \u00e5 leve sannheten min.<br>127. Jeg balanserer det tredje \u00f8yechakraet for \u00e5 v\u00e6re oppmerksom.<br>128. Jeg \u00e5pner kronechakraet for \u00e5 f\u00e5 kontakt med mitt h\u00f8yere selv.<br>129. N\u00e5r jeg balanserer energien min, helbreder kroppen min og hjertet mitt er fylt med kj\u00e6rlighet.<br>130. Jeg sv\u00f8mmer lenger og dypere.<br>131. Mine tanker p\u00e5virker hva som var og hva som kommer til \u00e5 bli.<br>132. Jeg puster og kjenner kraften str\u00f8mme fra den.<br>133. Jeg puster fritt.<br>134. Jeg puster fordi jeg lever.<br>135. Jeg puster for \u00e5 gi meg selv liv.<br>136. Jeg puster kj\u00e6rlighet.<br>137. Jeg puster medf\u00f8lelse.<br>138. Jeg puster godt.<br>139. Jeg puster tilfredsstillelse.<br>140. Jeg puster st\u00f8dig og dypt.<br>141. Jeg puster bevisst.<br>142. Jeg puster med tr\u00e6rne.<br>143. Jeg puster inn og gir slipp p\u00e5 det som ikke tjener meg.<br>144. Jeg puster ved \u00e5 l\u00f8se opp tankene mine.<br>145. Jeg puster mens jeg forener meg med det n\u00e5v\u00e6rende \u00f8yeblikket.<br>146. Jeg puster og f\u00f8ler at alt fungerer for meg.<\/p>\n\n\n\n<p>N\u00e5r du vet og f\u00f8ler hvordan dine tanker og f\u00f8lelser kan p\u00e5virke deg selv og livet ditt, la de beste intensjonene lede deg hver dag, la hjertet ditt bli ditt kompass. Ubuntu &laquo;.<\/p>\n\n\n\n<p>Meditasjonstekst og fremf\u00f8ring: Klaudia Pingot<\/p>\n\n\n\n<p>Musikk: Mariusz Maciej Drozdowski<\/p>\n\n\n\n<p>&#8230;<\/p>\n\n\n\n<p>14 x doblet:<br>&laquo;Jeg sv\u00f8mmer lenger og dypere&raquo;.<br>&laquo;Mine tanker p\u00e5virker hva som var og hva som kommer til \u00e5 bli&raquo;.<\/p>\n\n\n\n<p>146-14 = 132<\/p>\n\n\n\n<p>&laquo;Jeg er&raquo;.<br>&laquo;Jeg lever&raquo;.<br>&laquo;Jeg godtar&raquo;.<br>&laquo;Jeg tilgir&raquo;.<br>&laquo;Jeg \u00e5pner&raquo;.<\/p>\n\n\n\n<p>Dette er viktigere bekreftelser fordi de ogs\u00e5 er doblet: &laquo;[&#8230;] og jeg f\u00f8ler kraften str\u00f8mmer fra dette ordet&raquo;.<\/p>\n\n\n\n<p>132-5 = 127<\/p>\n\n\n\n<h3 class=\"wp-block-heading\">432 Hz den beste meditasjonen for \u00e5 starte dagen. Takknemlighet, intensjonskraft og vibrasjon.<\/h3>\n\n\n\n<figure class=\"wp-block-embed is-type-video is-provider-youtube wp-block-embed-youtube wp-embed-aspect-16-9 wp-has-aspect-ratio\"><div class=\"wp-block-embed__wrapper\">\n<iframe loading=\"lazy\" title=\"432 Hz najlepsza medytacja na pocz\u0105tek dnia. Wdzi\u0119czno\u015b\u0107, moc intencji i wibracje.\" width=\"580\" height=\"326\" src=\"https:\/\/www.youtube.com\/embed\/3LQkLlwyo0A?feature=oembed\" frameborder=\"0\" allow=\"accelerometer; autoplay; clipboard-write; encrypted-media; gyroscope; picture-in-picture; web-share\" referrerpolicy=\"strict-origin-when-cross-origin\" allowfullscreen><\/iframe>\n<\/div><\/figure>\n\n\n\n<h3 class=\"wp-block-heading\">Lytt til 107 bekreftelser daglig. Tiltrekk deg kj\u00e6rlighet, overflod og bygg opp selvtillit.<\/h3>\n\n\n\n<figure class=\"wp-block-embed is-type-video is-provider-youtube wp-block-embed-youtube wp-embed-aspect-16-9 wp-has-aspect-ratio\"><div class=\"wp-block-embed__wrapper\">\n<iframe loading=\"lazy\" title=\"S\u0142uchaj codziennie 107 afirmacji. Przyci\u0105gaj mi\u0142o\u015b\u0107, obfito\u015b\u0107 i zbuduj poczucie w\u0142asnej warto\u015bci.\" width=\"580\" height=\"326\" src=\"https:\/\/www.youtube.com\/embed\/S50eSbpVS0M?feature=oembed\" frameborder=\"0\" allow=\"accelerometer; autoplay; clipboard-write; encrypted-media; gyroscope; picture-in-picture; web-share\" referrerpolicy=\"strict-origin-when-cross-origin\" allowfullscreen><\/iframe>\n<\/div><\/figure>\n\n\n\n<p>&laquo;5. Jeg slipper spenningen i hele kroppen. Kroppen slipper spenningen.<br>4. Jeg slipper tankene mine. Sinnet er frigjort fra tankene.<br>3. Jeg tillater meg selv for \u00e5 gi slipp p\u00e5 kontrollen.<br>2. Jeg forener meg med i det n\u00e5v\u00e6rende \u00f8yeblikk.<br>1. Jeg overgir meg til mitt h\u00f8yere &laquo;jeg&raquo;, visdommen i mitt hjerte og kraften i mitt sinn.<\/p>\n\n\n\n<p>6. Jeg sv\u00f8mmer lenger og dypere.<br>7. Jeg tillater meg selv \u00e5 f\u00f8le energien som fyller meg og omgir meg.<br>8. Pusten min blir energi.<br>9. Energi er varmen jeg f\u00f8ler i brystet.<br>10. Tankene mine er energi.<br>11. Tankene mine blir som sommerfugler som flyr rundt.<br>12. De gir meg glede og lettelse.<br>13. Lettelse fyller kroppen min, og all virkelighet rundt meg svaier som havets rolige b\u00f8lger.<br>14. Jeg \u00e5pner hjertet mitt for livet, jeg \u00e5pner hjertet mitt for meg selv.<br>15. Jeg \u00e5pner hjertet mitt for godt og skj\u00f8nnhet.<br>16. Jeg lar skj\u00f8nnhet og godhet str\u00f8mme til meg.<br>17. Jeg f\u00f8ler dem som energi.<br>18. Jeg overgir meg til det som kommer, og stoler p\u00e5 at det som kommer vil tjene meg.<br>19. Jeg lever dette \u00f8yeblikket &#8211; n\u00e5.<br>20. Jeg gir slipp p\u00e5 det som ikke tjener meg.<br>21. Jeg vet at hver opplevelse bygger meg opp og beriker historien min.<br>22. Jeg frigj\u00f8r meg fra sinne, skyld og frykt.<br>23. Jeg gir slipp p\u00e5 sjalusi og anger.<br>24. Med hvert bevisst pust slapp jeg det som var en byrde.<br>25. Jeg kaster av meg den un\u00f8dvendige byrden av tanker og f\u00f8lelser.<br>26. Musklene mine slipper spenninger, og sinnet mitt blir lett og behagelig.<br>27. Ingen f\u00f8lelser holder meg lenger.<br>28. Jeg f\u00f8ler frihet.<br>29. Jeg f\u00f8ler uhemmet glede n\u00e5r jeg ser p\u00e5 tr\u00e6r og horisonter.<br>30. Jeg f\u00f8ler meg frisk n\u00e5r jeg er klar over luften som omgir kroppen min.<br>31. Jeg f\u00f8ler meg i harmoni n\u00e5r jeg puster bevisst og regelmessig.<br>32. Hvert \u00f8yeblikk er viktig i livet mitt.<br>33. Jeg f\u00f8ler meg takknemlig for \u00e5 v\u00e6re her og v\u00e6re den jeg er.<br>34. Det er i meg ubegrenset kraft til \u00e5 skape meg selv og min historie.<br>35. Jeg velger med omhu, og min beste r\u00e5dgiver er fred.<br>36. I dag \u00e5pner jeg meg fullt ut for kj\u00e6rlighet, overflod og sunn selvtillit.<br>37. La meg f\u00f8le det.<br>38. Jeg er \u00e5pen for kj\u00e6rlighet.<br>39. Kj\u00e6rlighet er en energi som jeg inviterer og resonerer med.<br>40. Jeg bringer bevissthet inn i hjertet mitt og mottar verden med hjertet mitt.<br>41. Jeg f\u00f8ler hvor godt det er \u00e5 se p\u00e5 livet med hjertet.<br>42. Jeg lar hjertet mitt fylle kj\u00e6rligheten til hele universet.<br>43. Jeg kan f\u00f8le kj\u00e6rlighet fylle hjertet, kroppen, sinnet og hele rommet rundt meg.<br>44. Kj\u00e6rlighet omgir meg.<br>45. Jeg blir kj\u00e6rlighet.<br>46. Hver celle i kroppen min vibrerer med frekvensen av kj\u00e6rlighet.<br>47. Uansett hvor jeg er, gir jeg og tiltrekker meg kj\u00e6rlighet.<br>48. Jeg fortjener ubetinget kj\u00e6rlighet.<br>49. Jeg kan elske betingelsesl\u00f8st &#8211; ogs\u00e5 meg selv.<br>50. Jeg slipper anger og forventninger.<br>51. Jeg er fokusert p\u00e5 n\u00e6rhet og tillit.<br>52. Jeg kan stole p\u00e5 og jeg kan sette grenser samtidig.<br>53. Jeg kan gi meg selv full kj\u00e6rlighet og samtidig aldri tillate meg selv \u00e5 bli s\u00e5ret.<br>54. Jeg slipper frykten for skade, fordi kj\u00e6rligheten jeg har i meg vil overvinne all frykt.<br>55. Jeg er ikke redd for noe lenger, fordi jeg vet hvor mye kraft som ligger i meg.<br>56. Jeg er forn\u00f8yd med det som er.<br>57. Jeg \u00f8nsker \u00e5 eksistere med all min styrke med kj\u00e6rlighet i hjertet.<br>58. S\u00e5 fra i dag av vil jeg eksistere med all min styrke, kj\u00e6rlighet i hjertet.<br>59. Min intensjon er \u00e5 f\u00f8le kj\u00e6rlighet hver dag \u2013 for livet, meg selv og andre.<br>60. Min intensjon er \u00e5 v\u00e6re sammen med den personen som er meg verdig og som jeg er verdig.<br>61. Kj\u00e6rlighet er den mektige kraften jeg fortjener og blir.<\/p>\n\n\n\n<p>62. Jeg \u00e5pner meg for overflod.<br>63. Overflod er energien jeg inviterer og resonerer med.<br>64. Jeg gir slipp p\u00e5 frykten for penger, og finner meg trygg.<br>65. Jeg er klar til \u00e5 gi og ta fordi jeg vet at rikdom er bevegelse og flyt. 66. Jeg f\u00f8ler den enorme verdien av min eksistens, og min eksistens er verdt alle pengene.<br>67. Jeg har mange talenter i meg, og ferdighetene mine kan tjene andre.<br>68. Jeg er \u00e5pen for det ukjente og samtidig kan jeg f\u00f8le meg trygg.<br>69. Jeg gir slipp p\u00e5 negative oppfatninger om meg selv og penger.<br>70. Alle materielle goder er energi som jeg kan hente fra en ubegrenset kilde.<br>71. Jeg fortjener overflod og overflod som tjener meg og gj\u00f8r meg i stand til \u00e5 gj\u00f8re mer godt, ogs\u00e5 for andre.<br>72. Penger og materielle goder er energi, det samme er kj\u00e6rlighet og takknemlighet.<br>73. Ved \u00e5 \u00e5pne meg for rikdom kan jeg fortsatt leve i harmoni med mine verdier.<br>74. Overflod i livet mitt er min intensjon.<br>75. Min intensjon er \u00e5 f\u00f8le full energi flyte hver dag.<\/p>\n\n\n\n<p>76. Jeg \u00e5pner meg for \u00e5 f\u00f8le min fulle verdi.<br>77. Verdien av min eksistens er ubestridelig.<br>78. Jeg klemmer mitt indre barn som fortjener kj\u00e6rlighet og godhet.<br>79. Jeg sender kj\u00e6rlighet til f\u00f8dselsdagen.<br>80. Min eksistens er lys, en guddommelig vibrasjon av kj\u00e6rlighet og skapelse.<br>81. Jeg tillater meg selv \u00e5 gi opp alle begrensende og d\u00e5rlige tanker om meg selv fordi de ikke er mine.<br>82. Jeg er fylt med en f\u00f8lelse av \u00e5 v\u00e6re ett med verden og ett med lyset.<br>83. Jeg vet at det er en indre visdom i meg som kommer til syne n\u00e5r jeg f\u00f8ler meg i fred.<br>84. Jeg f\u00f8ler at universet er gunstig for meg og tjener meg.<br>85. Jeg har rett til lykke og glede, s\u00e5 jeg velger glede og lykke.<br>86. Jeg kan v\u00e6re god mot meg selv.<br>87. Jeg kan v\u00e6re tilgivende for meg selv.<br>88. Jeg tilgir meg selv det jeg m\u00e5 tilgi meg selv.<br>89. Jeg tilgir andre for det jeg m\u00e5 tilgi andre, fordi jeg \u00f8nsker \u00e5 g\u00e5 gjennom livet med en f\u00f8lelse av letthet og ydmykhet.<br>90. Jeg gir meg selv forst\u00e5else.<br>91. Jeg sender kj\u00e6rlighet og takknemlighet til hele min eksistens \u2013 til min fortid og fremtid, f\u00f8r min f\u00f8dsel og etter min d\u00f8d.<br>92. Jeg antar at min bevissthet, sjel, mitt h\u00f8yere &laquo;jeg&raquo; vil lede livet mitt p\u00e5 den rette m\u00e5ten n\u00e5r jeg stoler p\u00e5 min grensel\u00f8se verdi, n\u00e5r jeg f\u00f8ler lyset i meg selv.<br>93. I dag blir jeg ett med universet.<br>94. Jeg overgir meg selv til det h\u00f8yere &laquo;jeg&raquo; som klokt vil veilede meg gjennom livet og neste dag.<br>95. Jeg er klar over at tankene mine styrer livet mitt, s\u00e5 la tankene mine bli gode og gunstige &#8211; n\u00e5 og for alltid.<br>96. Jeg fokuserer p\u00e5 hva som er viktig og hva som er bra.<br>97. Jeg skaper fremtiden min gjennom fantasien og visjonene mine.<br>98. La livet mitt inspirere andre<br>99. Jeg lar meg trekke til de beste.<br>100. Min intensjon er at det beste skal tiltrekke meg.<br>101. S\u00e5 jeg overgir meg selv til alle de vakre tingene som kommer min vei, og jeg stoler p\u00e5 det ukjente.<br>102. Jeg f\u00e5r kontakt med det ubegrensede utover tid og rom.<br>103. Jeg forbinder med guddommelig energi, med lys, med Quantum &#8211; et felt med ubegrensede muligheter.<br>104. Jeg tar meg tid til at alle disse ordene, f\u00f8lelsene og vibrasjonene kommer inn i sinnet, kroppen, hjertet og livsrommet mitt.<br>105. Jeg tar meg tid til \u00e5 f\u00f8le det.<br>106. Tanker og ord forsvinner &#8211; bare energi og musikk gjenst\u00e5r.<br>107. Jeg synker ned i dem.<\/p>\n\n\n\n<p>N\u00e5r du vet og f\u00f8ler hvordan tankene og f\u00f8lelsene dine kan p\u00e5virke deg selv og livet ditt, la dine beste intensjoner lede deg hver dag.<br>La f\u00f8lelser og hendelser ikke kaste deg av den rette veien.<br>La hjertet bli ditt kompass.<br>Jeg er fordi du er.<br>Jeg vil v\u00e6re med deg alltid og til enden, hvis du vil.<\/p>\n\n\n\n<p>&#8212;<\/p>\n\n\n\n<p><strong>Lytt til 107 bekreftelser daglig. Tiltrekk deg kj\u00e6rlighet, overflod og bygg opp selvtillit.<\/strong><\/p>\n\n\n\n<p>Meditasjonen varer i 35 minutter. Hver dag n\u00e5r du legger deg eller v\u00e5kner, jobber hjernen din i theta-b\u00f8lgefrekvenser. Theta er b\u00f8lger av s\u00e5kalt \u00abmind programmering\u00bb. Metaforisk \u2013 sinnet ditt i denne tilstanden er som en b\u00e5ndopptaker som registrerer det som str\u00f8mmer inn i underbevisstheten din. P\u00e5 denne m\u00e5ten vekker du det beste i deg. Lytt til dette opptaket hver dag for \u00e5 frigj\u00f8re potensialet ditt for kj\u00e6rlighet, overflod, fred, kreativitet og selvtillit. Den f\u00f8rste delen av meditasjonen er \u00e5 bringe tankene dine inn i en dyp tilstand av avslapning, deretter vil du h\u00f8re bekreftelser om oppfyllelse, \u00e5 gi slipp p\u00e5 det un\u00f8dvendige, kj\u00e6rlighet, overflod og selvtillit. &laquo;<br>Klaudia Pingot<\/p>\n\n\n\n<p><\/p>\n\n\n\n<h3 class=\"has-text-align-center wp-block-heading\">Mer: <a href=\"https:\/\/12r.tv\/klaudia\/\">https:\/\/12r.tv\/klaudia\/<\/a><\/h3>\n\n\n\n<hr class=\"wp-block-separator\"\/>\n","protected":false},"excerpt":{"rendered":"<p>1. Intellektuell utvikling. 2. \u00c5ndelig utvikling. Avslapping, de beste meditasjonene, bekreftelser, gode intensjoner, selvforslag, musikkterapi. YouTube-kanal &#8211; Klaudia Pingot SpecBabka: https:\/\/m.youtube.com\/channel\/UCTQoTy2IzS-NgX1yysc17YQ Facebook: https:\/\/m.facebook.com\/SpecBabka\/ 127 kraftbekreftelser, 432 Hz. Lytt hver dag. Mer magi hver dag. &laquo;0. Jeg sv\u00f8mmer lenger og dypere. 1. Tankene mine p\u00e5virker hva som var og hva som kommer til \u00e5 bli.2. Jeg [&hellip;]<\/p>\n","protected":false},"author":1,"featured_media":0,"parent":0,"menu_order":0,"comment_status":"closed","ping_status":"closed","template":"","meta":{"footnotes":""},"class_list":["post-24","page","type-page","status-publish","hentry"],"_links":{"self":[{"href":"https:\/\/7hi7.com\/nb-no\/wp-json\/wp\/v2\/pages\/24","targetHints":{"allow":["GET"]}}],"collection":[{"href":"https:\/\/7hi7.com\/nb-no\/wp-json\/wp\/v2\/pages"}],"about":[{"href":"https:\/\/7hi7.com\/nb-no\/wp-json\/wp\/v2\/types\/page"}],"author":[{"embeddable":true,"href":"https:\/\/7hi7.com\/nb-no\/wp-json\/wp\/v2\/users\/1"}],"replies":[{"embeddable":true,"href":"https:\/\/7hi7.com\/nb-no\/wp-json\/wp\/v2\/comments?post=24"}],"version-history":[{"count":3,"href":"https:\/\/7hi7.com\/nb-no\/wp-json\/wp\/v2\/pages\/24\/revisions"}],"predecessor-version":[{"id":51,"href":"https:\/\/7hi7.com\/nb-no\/wp-json\/wp\/v2\/pages\/24\/revisions\/51"}],"wp:attachment":[{"href":"https:\/\/7hi7.com\/nb-no\/wp-json\/wp\/v2\/media?parent=24"}],"curies":[{"name":"wp","href":"https:\/\/api.w.org\/{rel}","templated":true}]}}