{"id":22,"date":"2022-03-02T10:40:14","date_gmt":"2022-03-02T10:40:14","guid":{"rendered":"https:\/\/7hi7.com\/nb-no\/?page_id=22"},"modified":"2022-03-02T10:40:14","modified_gmt":"2022-03-02T10:40:14","slug":"kjaerlighet","status":"publish","type":"page","link":"https:\/\/7hi7.com\/nb-no\/kjaerlighet\/","title":{"rendered":"Kj\u00e6rlighet"},"content":{"rendered":"\n<h1 class=\"wp-block-heading\" id=\"firstHeading\">Kj\u00e6rlighet<\/h1>\n\n\n\n<p>menneskelig f\u00f8lelse<\/p>\n\n\n\n<p><strong>Kj\u00e6rlighet<\/strong>\u00a0er en\u00a0menneskelig\u00a0f\u00f8lelse, vanligvis rettet mot et annet menneske. Kj\u00e6rlighet er \u00e5 v\u00e6re glad i noen. Mange vil si at kj\u00e6rlighet er irrasjonell i sin natur, og derfor er vanskelig \u00e5 definere, men en kan kanskje gruppere ulike former for kj\u00e6rlighet:<\/p>\n\n\n\n<ul class=\"wp-block-list\"><li>Romantisk og\u00a0seksuell\u00a0kj\u00e6rlighet. Forekommer vanligvis mellom to personer, slik som et ektepar eller et kj\u00e6restepar. F\u00f8lelsene trenger ikke \u00e5 v\u00e6re like sterke begge veier.<\/li><li>Kj\u00e6rlighet til familiemedlemmer og venner. En f\u00f8lelse av n\u00e6rhet og \u00e5 v\u00e6re sterkt knyttet til en annen, uten at det er romantiske eller seksuelle f\u00f8lelser involvert. Dyr ligger ogs\u00e5 under denne kategorien, da mange regner sine dyr som familiemedlemmer eller venner.<\/li><li>Kj\u00e6rlighet til ikke-menneskelige ting. Det kan for eksempel v\u00e6re mer generelt og abstrakt til\u00a0fedrelandet,\u00a0Gud\u00a0eller ens\u00a0neste, eller mer konkret til en\u00a0by, en ting, et sted eller et hus. Slik kj\u00e6rlighet kan v\u00e6re knyttet til gode minner om opplevelser man har hatt i forbindelse med tingen, eller den kan forklares med en hengiven tro, moralsk overbevisning eller indre harmoni.<\/li><\/ul>\n\n\n\n<p><a href=\"https:\/\/no.m.wikipedia.org\/wiki\/Kj%C3%A6rlighet\">https:\/\/no.m.wikipedia.org\/wiki\/Kj%C3%A6rlighet<\/a><\/p>\n","protected":false},"excerpt":{"rendered":"<p>Kj\u00e6rlighet menneskelig f\u00f8lelse Kj\u00e6rlighet\u00a0er en\u00a0menneskelig\u00a0f\u00f8lelse, vanligvis rettet mot et annet menneske. Kj\u00e6rlighet er \u00e5 v\u00e6re glad i noen. Mange vil si at kj\u00e6rlighet er irrasjonell i sin natur, og derfor er vanskelig \u00e5 definere, men en kan kanskje gruppere ulike former for kj\u00e6rlighet: Romantisk og\u00a0seksuell\u00a0kj\u00e6rlighet. Forekommer vanligvis mellom to personer, slik som et ektepar eller [&hellip;]<\/p>\n","protected":false},"author":1,"featured_media":0,"parent":0,"menu_order":0,"comment_status":"closed","ping_status":"closed","template":"","meta":{"footnotes":""},"class_list":["post-22","page","type-page","status-publish","hentry"],"_links":{"self":[{"href":"https:\/\/7hi7.com\/nb-no\/wp-json\/wp\/v2\/pages\/22","targetHints":{"allow":["GET"]}}],"collection":[{"href":"https:\/\/7hi7.com\/nb-no\/wp-json\/wp\/v2\/pages"}],"about":[{"href":"https:\/\/7hi7.com\/nb-no\/wp-json\/wp\/v2\/types\/page"}],"author":[{"embeddable":true,"href":"https:\/\/7hi7.com\/nb-no\/wp-json\/wp\/v2\/users\/1"}],"replies":[{"embeddable":true,"href":"https:\/\/7hi7.com\/nb-no\/wp-json\/wp\/v2\/comments?post=22"}],"version-history":[{"count":1,"href":"https:\/\/7hi7.com\/nb-no\/wp-json\/wp\/v2\/pages\/22\/revisions"}],"predecessor-version":[{"id":23,"href":"https:\/\/7hi7.com\/nb-no\/wp-json\/wp\/v2\/pages\/22\/revisions\/23"}],"wp:attachment":[{"href":"https:\/\/7hi7.com\/nb-no\/wp-json\/wp\/v2\/media?parent=22"}],"curies":[{"name":"wp","href":"https:\/\/api.w.org\/{rel}","templated":true}]}}