{"id":19,"date":"2022-02-28T12:22:59","date_gmt":"2022-02-28T12:22:59","guid":{"rendered":"https:\/\/7hi7.com\/nb-no\/?page_id=19"},"modified":"2022-02-28T12:22:59","modified_gmt":"2022-02-28T12:22:59","slug":"fred","status":"publish","type":"page","link":"https:\/\/7hi7.com\/nb-no\/fred\/","title":{"rendered":"Fred"},"content":{"rendered":"\n<h1 class=\"wp-block-heading\" id=\"firstHeading\">Fred<\/h1>\n\n\n\n<p>tilstand karakterisert av mangel p\u00e5 voldelig konflikt og mangel p\u00e5 frykt for vold<\/p>\n\n\n\n<p>Fred\u00a0kan defineres som frav\u00e6r av fiendtlighet, krangel og\u00a0konflikt\u00a0og som en motsetning til\u00a0krig. Ordet kan ogs\u00e5 brukes om en tilstand av\u00a0sikkerhet\u00a0fra fare og v\u00e6pnet angrep, om\u00a0stillhet\u00a0og ro, b\u00e5de konkret i omgivelsene, men ogs\u00e5 som en\u00a0f\u00f8lelse\u00a0av indre\u00a0harmoni\u00a0og sjelefred. Ordet kan ogs\u00e5 tolkes som fredsslutning eller en hilsning.<\/p>\n\n\n\n<p>Ordet&nbsp;fred&nbsp;kommer fra&nbsp;norr\u00f8nt&nbsp;fri\u00f0r&nbsp;som betyr \u00abkj\u00e6rlighet\u00bb og \u00abfred\u00bb og er beslektet med ordet&nbsp;fri.<\/p>\n\n\n\n<p>Fred&nbsp;beskriver en tilstand hvor et samfunn eller en relasjon eksisterer uten voldelige konflikter. Fred er ofte forst\u00e5tt som frav\u00e6r av fiendtlighet, eller som en merkelapp p\u00e5 sunne eller nylig forbedrede mellommenneskelige forhold eller internasjonale forbindelser, sikkerhet i forhold til sosial eller \u00f8konomisk velferd, et erkjent \u00f8nske om likestilling, og en rettferdig framferd i politiske relasjoner. I internasjonale relasjoner brukes begrepet fredstid om frav\u00e6ret av&nbsp;krig&nbsp;eller v\u00e6pnet konflikt.<\/p>\n\n\n\n<p>I mange spr\u00e5k er ordet for fred er brukt en hilsen eller et farvel, for eksempel den hawaiiske ordet \u00abAloha\u00bb, samt det arabiske ordet \u00abSalam\u00bb. I engelsk er ordet fred brukt som et farvel, spesielt for de d\u00f8de, som i \u00abRest In Peace\u00bb.<\/p>\n\n\n\n<p><a href=\"https:\/\/no.m.wikipedia.org\/wiki\/Fred\">https:\/\/no.m.wikipedia.org\/wiki\/Fred<\/a><\/p>\n","protected":false},"excerpt":{"rendered":"<p>Fred tilstand karakterisert av mangel p\u00e5 voldelig konflikt og mangel p\u00e5 frykt for vold Fred\u00a0kan defineres som frav\u00e6r av fiendtlighet, krangel og\u00a0konflikt\u00a0og som en motsetning til\u00a0krig. Ordet kan ogs\u00e5 brukes om en tilstand av\u00a0sikkerhet\u00a0fra fare og v\u00e6pnet angrep, om\u00a0stillhet\u00a0og ro, b\u00e5de konkret i omgivelsene, men ogs\u00e5 som en\u00a0f\u00f8lelse\u00a0av indre\u00a0harmoni\u00a0og sjelefred. Ordet kan ogs\u00e5 tolkes som [&hellip;]<\/p>\n","protected":false},"author":1,"featured_media":0,"parent":0,"menu_order":0,"comment_status":"closed","ping_status":"closed","template":"","meta":{"footnotes":""},"class_list":["post-19","page","type-page","status-publish","hentry"],"_links":{"self":[{"href":"https:\/\/7hi7.com\/nb-no\/wp-json\/wp\/v2\/pages\/19","targetHints":{"allow":["GET"]}}],"collection":[{"href":"https:\/\/7hi7.com\/nb-no\/wp-json\/wp\/v2\/pages"}],"about":[{"href":"https:\/\/7hi7.com\/nb-no\/wp-json\/wp\/v2\/types\/page"}],"author":[{"embeddable":true,"href":"https:\/\/7hi7.com\/nb-no\/wp-json\/wp\/v2\/users\/1"}],"replies":[{"embeddable":true,"href":"https:\/\/7hi7.com\/nb-no\/wp-json\/wp\/v2\/comments?post=19"}],"version-history":[{"count":1,"href":"https:\/\/7hi7.com\/nb-no\/wp-json\/wp\/v2\/pages\/19\/revisions"}],"predecessor-version":[{"id":21,"href":"https:\/\/7hi7.com\/nb-no\/wp-json\/wp\/v2\/pages\/19\/revisions\/21"}],"wp:attachment":[{"href":"https:\/\/7hi7.com\/nb-no\/wp-json\/wp\/v2\/media?parent=19"}],"curies":[{"name":"wp","href":"https:\/\/api.w.org\/{rel}","templated":true}]}}