{"id":35,"date":"2022-03-06T11:01:28","date_gmt":"2022-03-06T11:01:28","guid":{"rendered":"https:\/\/7hi7.com\/hu-hu\/?page_id=35"},"modified":"2022-03-06T11:01:28","modified_gmt":"2022-03-06T11:01:28","slug":"fuggetlenseg","status":"publish","type":"page","link":"https:\/\/7hi7.com\/hu-hu\/fuggetlenseg\/","title":{"rendered":"F\u00fcggetlens\u00e9g"},"content":{"rendered":"\n<h1 class=\"wp-block-heading\">F\u00fcggetlens\u00e9g (jog)<\/h1>\n\n\n\n<p>A&nbsp;f\u00fcggetlens\u00e9g&nbsp;a&nbsp;szuverenit\u00e1ssal&nbsp;rokon politikai fogalom: egy nemzet, orsz\u00e1g vagy szervezet saj\u00e1t korm\u00e1nyz\u00e1s\u00e1t jel\u00f6li. Alapja a&nbsp;f\u00fcggetlens\u00e9ghez&nbsp;val\u00f3 jog.<\/p>\n\n\n\n<p>A \u201ef\u00fcggetlens\u00e9g\u201d sz\u00f3t rendszerint a \u201eh\u00f3dolts\u00e1g\u201d ellent\u00e9tek\u00e9nt haszn\u00e1lj\u00e1k, amely arra vonatkozik, hogy egy r\u00e9gi\u00f3t k\u00fcls\u0151 hatalom tart politikai \u00e9s katonai ellen\u0151rz\u00e9s alatt.<\/p>\n\n\n\n<p>A f\u00fcggetlens\u00e9g lehet egy kialakul\u00f3 nemzet kezdeti \u00e1llapota, de gyakran a valamilyen elnyom\u00e1s al\u00f3li szabadul\u00e1st jel\u00f6li. Szoktak azzal \u00e9rvelni, hogy a f\u00fcggetlens\u00e9g negat\u00edv defin\u00edci\u00f3: a k\u00fcls\u0151 hatalom \u00e1ltali nem-ellen\u0151rz\u00e9st jelenti, a&nbsp;gyarmatos\u00edt\u00e1s&nbsp;hi\u00e1ny\u00e1t.<\/p>\n\n\n\n<p>Auton\u00f3m ter\u00fclet&nbsp;(ezzel enyhe ellent\u00e9tben) a f\u00fcggetlens\u00e9gnek az a fajt\u00e1ja, amelyet egy k\u00fcls\u0151 tekint\u00e9ly garant\u00e1l, ugyanakkor ez a k\u00fcls\u0151 tekint\u00e9ly fenntartja mag\u00e1nak a legf\u0151bb hatalmat a tartom\u00e1ny felett.<\/p>\n\n\n\n<p>A&nbsp;protektor\u00e1tus&nbsp;olyan auton\u00f3m ter\u00fclet, amely egy nagyobb korm\u00e1nyzatt\u00f3l f\u00fcgg, amely megv\u00e9di.<\/p>\n\n\n\n<p>A f\u00fcggetlens\u00e9g elnyer\u00e9s\u00e9nek a napja (vagy a f\u00fcggetlens\u00e9g kiv\u00edv\u00e1s\u00e1hoz vezet\u0151 forradalom kezdete) rendszerint nemzeti \u00fcnnep.<\/p>\n\n\n\n<p>T\u00f6bb p\u00e9lda is van arra, hogy a f\u00fcggetlens\u00e9gre t\u00f6rekv\u0151 \u00e1llam\u00a0f\u00fcggetlens\u00e9gi nyilatkozatot\u00a0bocs\u00e1t ki. A legkor\u00e1bbi ilyen nyilatkozat a Sk\u00f3cia f\u00fcggetlens\u00e9g\u00e9t kimond\u00f3 arbroath-i nyilatkozat; a legh\u00edresebb pedig az\u00a0Egyes\u00fclt \u00c1llamok f\u00fcggetlens\u00e9gi nyilatkozata\u00a01776-b\u00f3l.<\/p>\n\n\n\n<p><a href=\"https:\/\/hu.m.wikipedia.org\/wiki\/F%C3%BCggetlens%C3%A9g_(jog)\">https:\/\/hu.m.wikipedia.org\/wiki\/F%C3%BCggetlens%C3%A9g_(jog)<\/a><\/p>\n","protected":false},"excerpt":{"rendered":"<p>F\u00fcggetlens\u00e9g (jog) A&nbsp;f\u00fcggetlens\u00e9g&nbsp;a&nbsp;szuverenit\u00e1ssal&nbsp;rokon politikai fogalom: egy nemzet, orsz\u00e1g vagy szervezet saj\u00e1t korm\u00e1nyz\u00e1s\u00e1t jel\u00f6li. Alapja a&nbsp;f\u00fcggetlens\u00e9ghez&nbsp;val\u00f3 jog. A \u201ef\u00fcggetlens\u00e9g\u201d sz\u00f3t rendszerint a \u201eh\u00f3dolts\u00e1g\u201d ellent\u00e9tek\u00e9nt haszn\u00e1lj\u00e1k, amely arra vonatkozik, hogy egy r\u00e9gi\u00f3t k\u00fcls\u0151 hatalom tart politikai \u00e9s katonai ellen\u0151rz\u00e9s alatt. A f\u00fcggetlens\u00e9g lehet egy kialakul\u00f3 nemzet kezdeti \u00e1llapota, de gyakran a valamilyen elnyom\u00e1s al\u00f3li szabadul\u00e1st jel\u00f6li. Szoktak [&hellip;]<\/p>\n","protected":false},"author":1,"featured_media":0,"parent":0,"menu_order":0,"comment_status":"closed","ping_status":"closed","template":"","meta":{"footnotes":""},"class_list":["post-35","page","type-page","status-publish","hentry"],"_links":{"self":[{"href":"https:\/\/7hi7.com\/hu-hu\/wp-json\/wp\/v2\/pages\/35","targetHints":{"allow":["GET"]}}],"collection":[{"href":"https:\/\/7hi7.com\/hu-hu\/wp-json\/wp\/v2\/pages"}],"about":[{"href":"https:\/\/7hi7.com\/hu-hu\/wp-json\/wp\/v2\/types\/page"}],"author":[{"embeddable":true,"href":"https:\/\/7hi7.com\/hu-hu\/wp-json\/wp\/v2\/users\/1"}],"replies":[{"embeddable":true,"href":"https:\/\/7hi7.com\/hu-hu\/wp-json\/wp\/v2\/comments?post=35"}],"version-history":[{"count":1,"href":"https:\/\/7hi7.com\/hu-hu\/wp-json\/wp\/v2\/pages\/35\/revisions"}],"predecessor-version":[{"id":36,"href":"https:\/\/7hi7.com\/hu-hu\/wp-json\/wp\/v2\/pages\/35\/revisions\/36"}],"wp:attachment":[{"href":"https:\/\/7hi7.com\/hu-hu\/wp-json\/wp\/v2\/media?parent=35"}],"curies":[{"name":"wp","href":"https:\/\/api.w.org\/{rel}","templated":true}]}}