{"id":161,"date":"2022-03-27T00:51:55","date_gmt":"2022-03-27T11:51:55","guid":{"rendered":"https:\/\/7hi7.com\/es-es\/?page_id=161"},"modified":"2022-03-27T00:51:55","modified_gmt":"2022-03-27T11:51:55","slug":"regimen-alimenticio","status":"publish","type":"page","link":"https:\/\/7hi7.com\/es-es\/regimen-alimenticio\/","title":{"rendered":"R\u00e9gimen alimenticio"},"content":{"rendered":"\n<h1 class=\"wp-block-heading\" id=\"firstHeading\">R\u00e9gimen alimenticio<\/h1>\n\n\n\n<p>conjunto de alimentos consumidos por un organismo<\/p>\n\n\n\n<p>El&nbsp;h\u00e1bito alimentario, tambi\u00e9n conocido como&nbsp;r\u00e9gimen alimentario&nbsp;o a veces como&nbsp;dieta, es el conjunto de sustancias alimentarias que se ingieren formando h\u00e1bitos o comportamientos&nbsp;nutricionales&nbsp;de los seres humanos y forma parte de su&nbsp;estilo de vida, proviene del t\u00e9rmino griego&nbsp;d\u00edaita&nbsp;que significa \u00abmodo de vida\u00bb. En definitiva, todo ser vivo tiene su dieta.<\/p>\n\n\n\n<p>En nutrici\u00f3n, la dieta es la suma de las comidas que realiza una persona u otro organismo, mientras que los h\u00e1bitos diet\u00e9ticos conforman el patr\u00f3n de alimentaci\u00f3n que sigue a diario, esto incluye las preferencias alimentarias, la influencia familiar y cultural sobre el individuo en lo que respecta a los alimentos que ingiere. Aunque los humanos en general son omn\u00edvoros, cada cultura mantiene preferencias y mitos sobre algunos alimentos. Por otra parte tales preferencias alimentarias individuales puede ser o no saludables desde el punto de vista nutricional. Una alimentaci\u00f3n equilibrada requiere una ingesti\u00f3n variada de alimentos con el fin de obtener las cantidades adecuada de energ\u00eda y&nbsp;nutrientes.<\/p>\n\n\n\n<p>Los h\u00e1bitos alimentarios implican un rol significativo en la salud y enfermedad de un individuo, los cuales est\u00e1n condicionados por diversos factores (el estado de salud, la situaci\u00f3n econ\u00f3mica, la sociedad, la cultura y la religi\u00f3n).<\/p>\n\n\n\n<p><a href=\"https:\/\/es.m.wikipedia.org\/wiki\/R%C3%A9gimen_alimenticio\">https:\/\/es.m.wikipedia.org\/wiki\/R%C3%A9gimen_alimenticio<\/a><\/p>\n","protected":false},"excerpt":{"rendered":"<p>R\u00e9gimen alimenticio conjunto de alimentos consumidos por un organismo El&nbsp;h\u00e1bito alimentario, tambi\u00e9n conocido como&nbsp;r\u00e9gimen alimentario&nbsp;o a veces como&nbsp;dieta, es el conjunto de sustancias alimentarias que se ingieren formando h\u00e1bitos o comportamientos&nbsp;nutricionales&nbsp;de los seres humanos y forma parte de su&nbsp;estilo de vida, proviene del t\u00e9rmino griego&nbsp;d\u00edaita&nbsp;que significa \u00abmodo de vida\u00bb. En definitiva, todo ser vivo tiene [&hellip;]<\/p>\n","protected":false},"author":1,"featured_media":0,"parent":0,"menu_order":0,"comment_status":"closed","ping_status":"closed","template":"","meta":{"footnotes":""},"class_list":["post-161","page","type-page","status-publish","hentry"],"_links":{"self":[{"href":"https:\/\/7hi7.com\/es-es\/wp-json\/wp\/v2\/pages\/161","targetHints":{"allow":["GET"]}}],"collection":[{"href":"https:\/\/7hi7.com\/es-es\/wp-json\/wp\/v2\/pages"}],"about":[{"href":"https:\/\/7hi7.com\/es-es\/wp-json\/wp\/v2\/types\/page"}],"author":[{"embeddable":true,"href":"https:\/\/7hi7.com\/es-es\/wp-json\/wp\/v2\/users\/1"}],"replies":[{"embeddable":true,"href":"https:\/\/7hi7.com\/es-es\/wp-json\/wp\/v2\/comments?post=161"}],"version-history":[{"count":1,"href":"https:\/\/7hi7.com\/es-es\/wp-json\/wp\/v2\/pages\/161\/revisions"}],"predecessor-version":[{"id":162,"href":"https:\/\/7hi7.com\/es-es\/wp-json\/wp\/v2\/pages\/161\/revisions\/162"}],"wp:attachment":[{"href":"https:\/\/7hi7.com\/es-es\/wp-json\/wp\/v2\/media?parent=161"}],"curies":[{"name":"wp","href":"https:\/\/api.w.org\/{rel}","templated":true}]}}