{"id":157,"date":"2022-03-26T20:20:39","date_gmt":"2022-03-27T07:20:39","guid":{"rendered":"https:\/\/7hi7.com\/es-es\/?page_id=157"},"modified":"2022-03-26T20:20:39","modified_gmt":"2022-03-27T07:20:39","slug":"deporte","status":"publish","type":"page","link":"https:\/\/7hi7.com\/es-es\/deporte\/","title":{"rendered":"Deporte"},"content":{"rendered":"\n<h1 class=\"wp-block-heading\" id=\"firstHeading\">Deporte<\/h1>\n\n\n\n<p>actividad f\u00edsica<\/p>\n\n\n\n<p>El&nbsp;deporte&nbsp;es una actividad, normalmente de car\u00e1cter competitivo, que puede mejorar la condici\u00f3n f\u00edsica[1]\u200b de quien lo practica, que adem\u00e1s tiene propiedades que lo diferencian del&nbsp;juego.<\/p>\n\n\n\n<p>La&nbsp;Real Academia Espa\u00f1ola, en su&nbsp;Diccionario de la lengua espa\u00f1ola, define deporte como una \u00abactividad f\u00edsica, ejercida como juego o&nbsp;competici\u00f3n, cuya pr\u00e1ctica supone entrenamiento y sujeci\u00f3n a normas\u00bb; tambi\u00e9n, en una segunda acepci\u00f3n, m\u00e1s amplia, como \u00abrecreaci\u00f3n,&nbsp;pasatiempo,&nbsp;placer,&nbsp;diversi\u00f3n&nbsp;o&nbsp;ejercicio f\u00edsico, por lo com\u00fan al aire libre\u00bb.[2]\u200b Por otra parte, la Carta Europea del deporte lo define como: \u00abTodas las formas de actividades f\u00edsicas que mediante una participaci\u00f3n organizada o no, tienen como objetivo la expresi\u00f3n o la mejora de la condici\u00f3n f\u00edsica y ps\u00edquica, el desarrollo de las relaciones sociales o la obtenci\u00f3n de resultados en competici\u00f3n de todos los niveles\u00bb.[3]\u200b<\/p>\n\n\n\n<p>Institucionalmente, para que una actividad sea considerada deporte, debe estar evaluada por estructuras administrativas y de control que se encargan de reglamentarlo (las&nbsp;organizaciones deportivas).[4]\u200b El hecho de que alguna actividad no est\u00e9 reconocida institucionalmente como deporte, no impide que pueda estarlo popularmente, como ocurre con el deporte rural o con los deportes alternativos.<\/p>\n\n\n\n<p>La mayor\u00eda de las definiciones de deporte lo definen como \u00abactividad f\u00edsica\u00bb, pero existen actividades de bajo o nulo ejercicio f\u00edsico que son consideradas como deportes por asociaciones como el&nbsp;COI, por ejemplo el&nbsp;ajedrez,[5]\u200b el&nbsp;tiro deportivo&nbsp;y los&nbsp;Deportes electr\u00f3nicos, por pensarse que la concentraci\u00f3n y habilidades mentales necesarias para destacar en ellas requieren una buena forma f\u00edsica. Por el contrario, existen actividades f\u00edsicas extenuantes que no son un deporte, por no cumplir con otros elementos de la definici\u00f3n.<\/p>\n\n\n\n<p>As\u00ed mismo, de acuerdo con el\u00a0Comit\u00e9 Ol\u00edmpico Internacional, la pr\u00e1ctica del deporte es un\u00a0derecho humano, y uno de los principios fundamentales del Olimpismo es que \u00abtoda persona debe tener la posibilidad de practicar deporte sin discriminaci\u00f3n de ning\u00fan tipo y dentro del esp\u00edritu ol\u00edmpico, que exige comprensi\u00f3n mutua, solidaridad y esp\u00edritu de amistad y de juego limpio\u00bb.[6]<\/p>\n\n\n\n<p><a href=\"https:\/\/es.m.wikipedia.org\/wiki\/Deporte\">https:\/\/es.m.wikipedia.org\/wiki\/Deporte<\/a><\/p>\n","protected":false},"excerpt":{"rendered":"<p>Deporte actividad f\u00edsica El&nbsp;deporte&nbsp;es una actividad, normalmente de car\u00e1cter competitivo, que puede mejorar la condici\u00f3n f\u00edsica[1]\u200b de quien lo practica, que adem\u00e1s tiene propiedades que lo diferencian del&nbsp;juego. La&nbsp;Real Academia Espa\u00f1ola, en su&nbsp;Diccionario de la lengua espa\u00f1ola, define deporte como una \u00abactividad f\u00edsica, ejercida como juego o&nbsp;competici\u00f3n, cuya pr\u00e1ctica supone entrenamiento y sujeci\u00f3n a normas\u00bb; [&hellip;]<\/p>\n","protected":false},"author":1,"featured_media":0,"parent":0,"menu_order":0,"comment_status":"closed","ping_status":"closed","template":"","meta":{"footnotes":""},"class_list":["post-157","page","type-page","status-publish","hentry"],"_links":{"self":[{"href":"https:\/\/7hi7.com\/es-es\/wp-json\/wp\/v2\/pages\/157","targetHints":{"allow":["GET"]}}],"collection":[{"href":"https:\/\/7hi7.com\/es-es\/wp-json\/wp\/v2\/pages"}],"about":[{"href":"https:\/\/7hi7.com\/es-es\/wp-json\/wp\/v2\/types\/page"}],"author":[{"embeddable":true,"href":"https:\/\/7hi7.com\/es-es\/wp-json\/wp\/v2\/users\/1"}],"replies":[{"embeddable":true,"href":"https:\/\/7hi7.com\/es-es\/wp-json\/wp\/v2\/comments?post=157"}],"version-history":[{"count":1,"href":"https:\/\/7hi7.com\/es-es\/wp-json\/wp\/v2\/pages\/157\/revisions"}],"predecessor-version":[{"id":158,"href":"https:\/\/7hi7.com\/es-es\/wp-json\/wp\/v2\/pages\/157\/revisions\/158"}],"wp:attachment":[{"href":"https:\/\/7hi7.com\/es-es\/wp-json\/wp\/v2\/media?parent=157"}],"curies":[{"name":"wp","href":"https:\/\/api.w.org\/{rel}","templated":true}]}}