{"id":155,"date":"2022-03-25T02:33:37","date_gmt":"2022-03-25T13:33:37","guid":{"rendered":"https:\/\/7hi7.com\/es-es\/?page_id=155"},"modified":"2022-03-25T02:33:37","modified_gmt":"2022-03-25T13:33:37","slug":"ciencia","status":"publish","type":"page","link":"https:\/\/7hi7.com\/es-es\/ciencia\/","title":{"rendered":"Ciencia"},"content":{"rendered":"\n<h1 class=\"wp-block-heading\" id=\"firstHeading\">Ciencia<\/h1>\n\n\n\n<p>sistema ordenado que construye y organiza el conocimiento<\/p>\n\n\n\n<p>La&nbsp;ciencia&nbsp;(del&nbsp;lat\u00edn&nbsp;scient\u012da, &#8216;conocimiento&#8217;) es un&nbsp;sistema&nbsp;que organiza y construye el&nbsp;conocimiento&nbsp;a trav\u00e9s de preguntas comprobables y un m\u00e9todo estructurado que estudia e interpreta los&nbsp;fen\u00f3menos&nbsp;naturales,&nbsp;sociales&nbsp;y&nbsp;artificiales.[1]\u200b El&nbsp;conocimiento cient\u00edfico&nbsp;se obtiene mediante observaci\u00f3n y&nbsp;experimentaci\u00f3n&nbsp;en \u00e1mbitos espec\u00edficos. Dicho conocimiento es organizado y clasificado sobre la base de principios explicativos, ya sean de forma te\u00f3rica o pr\u00e1ctica. A partir de estos se generan preguntas y&nbsp;razonamientos, se formulan&nbsp;hip\u00f3tesis, se deducen&nbsp;principios&nbsp;y&nbsp;leyes cient\u00edficas, y se construyen&nbsp;modelos cient\u00edficos,&nbsp;teor\u00edas cient\u00edficas&nbsp;y sistemas de conocimientos por medio de un&nbsp;m\u00e9todo cient\u00edfico.[2]<\/p>\n\n\n\n<p>La ciencia considera y tiene como fundamento la&nbsp;observaci\u00f3n&nbsp;experimental. Este tipo de observaci\u00f3n se organiza por medio de m\u00e9todos, modelos y teor\u00edas con el fin de generar nuevo conocimiento. Para ello se establecen previamente unos&nbsp;criterios de verdad&nbsp;y un m\u00e9todo de investigaci\u00f3n. La aplicaci\u00f3n de esos m\u00e9todos y conocimientos conduce a la generaci\u00f3n de nuevos conocimientos en forma de predicciones concretas, cuantitativas y comprobables referidas a observaciones pasadas, presentes y futuras. Con frecuencia esas predicciones se pueden formular mediante razonamientos y estructurar como reglas o leyes generales, que dan cuenta del comportamiento de un sistema y predicen c\u00f3mo actuar\u00e1 dicho sistema en determinadas circunstancias.<\/p>\n\n\n\n<p>Desde la&nbsp;revoluci\u00f3n cient\u00edfica, el conocimiento cient\u00edfico ha aumentado tanto que los cient\u00edficos se han vuelto especialistas y sus&nbsp;publicaciones&nbsp;se han vuelto muy dif\u00edciles de leer para los no especialistas.[3]\u200b Esto ha dado lugar a diversos esfuerzos de&nbsp;divulgaci\u00f3n cient\u00edfica, tanto para acercar la ciencia al gran p\u00fablico, como para facilitar la compresi\u00f3n y colaboraci\u00f3n entre cient\u00edficos de distintos campos.[3]<\/p>\n\n\n\n<p><a href=\"https:\/\/es.m.wikipedia.org\/wiki\/Ciencia\">https:\/\/es.m.wikipedia.org\/wiki\/Ciencia<\/a><\/p>\n","protected":false},"excerpt":{"rendered":"<p>Ciencia sistema ordenado que construye y organiza el conocimiento La&nbsp;ciencia&nbsp;(del&nbsp;lat\u00edn&nbsp;scient\u012da, &#8216;conocimiento&#8217;) es un&nbsp;sistema&nbsp;que organiza y construye el&nbsp;conocimiento&nbsp;a trav\u00e9s de preguntas comprobables y un m\u00e9todo estructurado que estudia e interpreta los&nbsp;fen\u00f3menos&nbsp;naturales,&nbsp;sociales&nbsp;y&nbsp;artificiales.[1]\u200b El&nbsp;conocimiento cient\u00edfico&nbsp;se obtiene mediante observaci\u00f3n y&nbsp;experimentaci\u00f3n&nbsp;en \u00e1mbitos espec\u00edficos. Dicho conocimiento es organizado y clasificado sobre la base de principios explicativos, ya sean de forma te\u00f3rica [&hellip;]<\/p>\n","protected":false},"author":1,"featured_media":0,"parent":0,"menu_order":0,"comment_status":"closed","ping_status":"closed","template":"","meta":{"footnotes":""},"class_list":["post-155","page","type-page","status-publish","hentry"],"_links":{"self":[{"href":"https:\/\/7hi7.com\/es-es\/wp-json\/wp\/v2\/pages\/155","targetHints":{"allow":["GET"]}}],"collection":[{"href":"https:\/\/7hi7.com\/es-es\/wp-json\/wp\/v2\/pages"}],"about":[{"href":"https:\/\/7hi7.com\/es-es\/wp-json\/wp\/v2\/types\/page"}],"author":[{"embeddable":true,"href":"https:\/\/7hi7.com\/es-es\/wp-json\/wp\/v2\/users\/1"}],"replies":[{"embeddable":true,"href":"https:\/\/7hi7.com\/es-es\/wp-json\/wp\/v2\/comments?post=155"}],"version-history":[{"count":1,"href":"https:\/\/7hi7.com\/es-es\/wp-json\/wp\/v2\/pages\/155\/revisions"}],"predecessor-version":[{"id":156,"href":"https:\/\/7hi7.com\/es-es\/wp-json\/wp\/v2\/pages\/155\/revisions\/156"}],"wp:attachment":[{"href":"https:\/\/7hi7.com\/es-es\/wp-json\/wp\/v2\/media?parent=155"}],"curies":[{"name":"wp","href":"https:\/\/api.w.org\/{rel}","templated":true}]}}