{"id":153,"date":"2022-03-24T21:52:11","date_gmt":"2022-03-25T08:52:11","guid":{"rendered":"https:\/\/7hi7.com\/es-es\/?page_id=153"},"modified":"2022-03-24T21:52:11","modified_gmt":"2022-03-25T08:52:11","slug":"arte","status":"publish","type":"page","link":"https:\/\/7hi7.com\/es-es\/arte\/","title":{"rendered":"Arte"},"content":{"rendered":"\n<h1 class=\"wp-block-heading\" id=\"firstHeading\">Arte<\/h1>\n\n\n\n<p>actividad creativa humana con una finalidad est\u00e9tica y comunicativa<\/p>\n\n\n\n<p>El\u00a0arte\u00a0(del\u00a0lat\u00edn\u00a0ars,\u00a0artis, y este calco del\u00a0griego\u00a0\u03c4\u03ad\u03c7\u03bd\u03b7\u00a0t\u00e9chn\u0113)[1]\u200b es entendido generalmente como cualquier actividad o producto realizado con una finalidad\u00a0est\u00e9tica\u00a0y tambi\u00e9n\u00a0comunicativa, mediante la cual se expresan\u00a0ideas,\u00a0emociones\u00a0y, en general, una visi\u00f3n del\u00a0mundo, a trav\u00e9s de diversos recursos, como los\u00a0pl\u00e1sticos,\u00a0ling\u00fc\u00edsticos,\u00a0sonoros, corporales y mixtos.[2]\u200b El arte es un componente de la\u00a0cultura, reflejando en su concepci\u00f3n las bases\u00a0econ\u00f3micas\u00a0y\u00a0sociales, y la transmisi\u00f3n de ideas y valores, inherentes a cualquier cultura humana a lo largo del espacio y el tiempo. Se suele considerar que con la aparici\u00f3n del\u00a0Homo sapiens\u00a0el arte tuvo en principio una funci\u00f3n\u00a0ritual,\u00a0m\u00e1gica\u00a0o\u00a0religiosa\u00a0(arte paleol\u00edtico), pero esa funci\u00f3n cambi\u00f3 con la evoluci\u00f3n del ser humano, adquiriendo un componente est\u00e9tico y una funci\u00f3n social,\u00a0pedag\u00f3gica,\u00a0mercantil\u00a0o simplemente\u00a0ornamental.<\/p>\n\n\n\n<p>La noci\u00f3n de arte contin\u00faa sujeta a profundas disputas, dado que su definici\u00f3n est\u00e1 abierta a m\u00faltiples interpretaciones, que var\u00edan seg\u00fan la cultura, la \u00e9poca, el movimiento, o la sociedad para la cual el t\u00e9rmino tiene un determinado sentido. El vocablo \u2018arte\u2019 tiene una extensa acepci\u00f3n, pudiendo designar cualquier actividad humana hecha con esmero y dedicaci\u00f3n, o cualquier conjunto de reglas necesarias para desarrollar de forma \u00f3ptima una actividad: se habla as\u00ed de \u201carte culinario\u201d, \u201carte m\u00e9dico\u201d, \u201cartes marciales\u201d, \u201cartes de arrastre\u201d en la\u00a0pesca, etc. En ese sentido, arte es\u00a0sin\u00f3nimo\u00a0de capacidad, habilidad, talento, experiencia. Sin embargo, m\u00e1s com\u00fanmente se suele considerar al arte como una actividad creadora del ser humano, por la cual produce una serie de objetos (obras de arte) que son singulares, y cuya finalidad es principalmente est\u00e9tica. En ese contexto, arte ser\u00eda la generalizaci\u00f3n de un concepto expresado desde anta\u00f1o como \u201cbellas artes\u201d, actualmente algo en desuso y reducido a \u00e1mbitos\u00a0acad\u00e9micos\u00a0y\u00a0administrativos. De igual forma, el empleo de la palabra arte para designar la realizaci\u00f3n de otras actividades ha venido siendo sustituido por t\u00e9rminos como \u2018t\u00e9cnica\u2019 u \u2018oficio\u2019. En este art\u00edculo se trata de arte entendido como un medio de expresi\u00f3n humano de car\u00e1cter creativo.<\/p>\n\n\n\n<p><a href=\"https:\/\/es.m.wikipedia.org\/wiki\/Arte\">https:\/\/es.m.wikipedia.org\/wiki\/Arte<\/a><\/p>\n","protected":false},"excerpt":{"rendered":"<p>Arte actividad creativa humana con una finalidad est\u00e9tica y comunicativa El\u00a0arte\u00a0(del\u00a0lat\u00edn\u00a0ars,\u00a0artis, y este calco del\u00a0griego\u00a0\u03c4\u03ad\u03c7\u03bd\u03b7\u00a0t\u00e9chn\u0113)[1]\u200b es entendido generalmente como cualquier actividad o producto realizado con una finalidad\u00a0est\u00e9tica\u00a0y tambi\u00e9n\u00a0comunicativa, mediante la cual se expresan\u00a0ideas,\u00a0emociones\u00a0y, en general, una visi\u00f3n del\u00a0mundo, a trav\u00e9s de diversos recursos, como los\u00a0pl\u00e1sticos,\u00a0ling\u00fc\u00edsticos,\u00a0sonoros, corporales y mixtos.[2]\u200b El arte es un componente de la\u00a0cultura, [&hellip;]<\/p>\n","protected":false},"author":1,"featured_media":0,"parent":0,"menu_order":0,"comment_status":"closed","ping_status":"closed","template":"","meta":{"footnotes":""},"class_list":["post-153","page","type-page","status-publish","hentry"],"_links":{"self":[{"href":"https:\/\/7hi7.com\/es-es\/wp-json\/wp\/v2\/pages\/153","targetHints":{"allow":["GET"]}}],"collection":[{"href":"https:\/\/7hi7.com\/es-es\/wp-json\/wp\/v2\/pages"}],"about":[{"href":"https:\/\/7hi7.com\/es-es\/wp-json\/wp\/v2\/types\/page"}],"author":[{"embeddable":true,"href":"https:\/\/7hi7.com\/es-es\/wp-json\/wp\/v2\/users\/1"}],"replies":[{"embeddable":true,"href":"https:\/\/7hi7.com\/es-es\/wp-json\/wp\/v2\/comments?post=153"}],"version-history":[{"count":1,"href":"https:\/\/7hi7.com\/es-es\/wp-json\/wp\/v2\/pages\/153\/revisions"}],"predecessor-version":[{"id":154,"href":"https:\/\/7hi7.com\/es-es\/wp-json\/wp\/v2\/pages\/153\/revisions\/154"}],"wp:attachment":[{"href":"https:\/\/7hi7.com\/es-es\/wp-json\/wp\/v2\/media?parent=153"}],"curies":[{"name":"wp","href":"https:\/\/api.w.org\/{rel}","templated":true}]}}