{"id":149,"date":"2022-03-22T22:54:57","date_gmt":"2022-03-23T09:54:57","guid":{"rendered":"https:\/\/7hi7.com\/es-es\/?page_id=149"},"modified":"2022-03-22T22:54:57","modified_gmt":"2022-03-23T09:54:57","slug":"vida","status":"publish","type":"page","link":"https:\/\/7hi7.com\/es-es\/vida\/","title":{"rendered":"Vida"},"content":{"rendered":"\n<h1 class=\"wp-block-heading\" id=\"firstHeading\">Vida<\/h1>\n\n\n\n<p>proceso del cual forman parte los seres vivos<\/p>\n\n\n\n<p>El t\u00e9rmino&nbsp;vida&nbsp;\ud83d\ude42&nbsp;(en&nbsp;lat\u00edn:&nbsp;vita),[1]\u200b desde la&nbsp;biolog\u00eda, hace referencia a aquello que distingue a los&nbsp;animales,&nbsp;plantas,&nbsp;hongos,&nbsp;protistas,&nbsp;arqueas&nbsp;y&nbsp;bacterias&nbsp;del resto de las realidades&nbsp;naturales. Implica las capacidades de organizaci\u00f3n, crecimiento, metabolizar, responder a est\u00edmulos externos, reproducci\u00f3n (en algunas definiciones) y muerte.<\/p>\n\n\n\n<p>La evidencia sugiere que ha existido vida en la&nbsp;Tierra&nbsp;al menos desde hace 3770-4280&nbsp;millones&nbsp;de a\u00f1os[2]\u200b y se estima que surgi\u00f3 hace 4350 millones de a\u00f1os.[2]\u200b<\/p>\n\n\n\n<p>Cient\u00edficamente, puede definirse como la capacidad de administrar los recursos internos de un\u00a0ser\u00a0f\u00edsico\u00a0de forma\u00a0adaptada\u00a0a los cambios producidos en su\u00a0medio, sin que exista una\u00a0correspondencia\u00a0directa de\u00a0causa\u00a0y\u00a0efecto\u00a0entre el ser que administra los recursos y el cambio introducido en el medio por ese ser, sino una\u00a0as\u00edntota\u00a0de aproximaci\u00f3n al ideal establecido por dicho ser, ideal que nunca llega a su consecuci\u00f3n completa por la din\u00e1mica del medio.[3]<\/p>\n\n\n\n<p><a href=\"https:\/\/es.m.wikipedia.org\/wiki\/Vida\">https:\/\/es.m.wikipedia.org\/wiki\/Vida<\/a><\/p>\n","protected":false},"excerpt":{"rendered":"<p>Vida proceso del cual forman parte los seres vivos El t\u00e9rmino&nbsp;vida&nbsp;\ud83d\ude42&nbsp;(en&nbsp;lat\u00edn:&nbsp;vita),[1]\u200b desde la&nbsp;biolog\u00eda, hace referencia a aquello que distingue a los&nbsp;animales,&nbsp;plantas,&nbsp;hongos,&nbsp;protistas,&nbsp;arqueas&nbsp;y&nbsp;bacterias&nbsp;del resto de las realidades&nbsp;naturales. Implica las capacidades de organizaci\u00f3n, crecimiento, metabolizar, responder a est\u00edmulos externos, reproducci\u00f3n (en algunas definiciones) y muerte. La evidencia sugiere que ha existido vida en la&nbsp;Tierra&nbsp;al menos desde hace 3770-4280&nbsp;millones&nbsp;de [&hellip;]<\/p>\n","protected":false},"author":1,"featured_media":0,"parent":0,"menu_order":0,"comment_status":"closed","ping_status":"closed","template":"","meta":{"footnotes":""},"class_list":["post-149","page","type-page","status-publish","hentry"],"_links":{"self":[{"href":"https:\/\/7hi7.com\/es-es\/wp-json\/wp\/v2\/pages\/149","targetHints":{"allow":["GET"]}}],"collection":[{"href":"https:\/\/7hi7.com\/es-es\/wp-json\/wp\/v2\/pages"}],"about":[{"href":"https:\/\/7hi7.com\/es-es\/wp-json\/wp\/v2\/types\/page"}],"author":[{"embeddable":true,"href":"https:\/\/7hi7.com\/es-es\/wp-json\/wp\/v2\/users\/1"}],"replies":[{"embeddable":true,"href":"https:\/\/7hi7.com\/es-es\/wp-json\/wp\/v2\/comments?post=149"}],"version-history":[{"count":1,"href":"https:\/\/7hi7.com\/es-es\/wp-json\/wp\/v2\/pages\/149\/revisions"}],"predecessor-version":[{"id":150,"href":"https:\/\/7hi7.com\/es-es\/wp-json\/wp\/v2\/pages\/149\/revisions\/150"}],"wp:attachment":[{"href":"https:\/\/7hi7.com\/es-es\/wp-json\/wp\/v2\/media?parent=149"}],"curies":[{"name":"wp","href":"https:\/\/api.w.org\/{rel}","templated":true}]}}