{"id":147,"date":"2022-03-12T00:13:19","date_gmt":"2022-03-12T11:13:19","guid":{"rendered":"https:\/\/7hi7.com\/es-es\/?page_id=147"},"modified":"2022-03-12T00:13:19","modified_gmt":"2022-03-12T11:13:19","slug":"familia","status":"publish","type":"page","link":"https:\/\/7hi7.com\/es-es\/familia\/","title":{"rendered":"Familia"},"content":{"rendered":"\n<h1 class=\"wp-block-heading\" id=\"firstHeading\">Familia<\/h1>\n\n\n\n<p>grupo de personas afiliadas por consanguinidad, afinidad o corresidencia<\/p>\n\n\n\n<p>La&nbsp;familia&nbsp;es un grupo de personas formado por individuos unidos, y primordialmente vinculados por relaciones de filiaci\u00f3n o de pareja.&nbsp;[1]\u200b El&nbsp;Diccionario de la lengua espa\u00f1ola&nbsp;la define, entre otras cosas, como un grupo de personas emparentadas entre s\u00ed que viven juntas,[2]\u200b lo que lleva impl\u00edcito los conceptos de parentesco y convivencia, aunque existen otros modos, como la&nbsp;adopci\u00f3n. Seg\u00fan la&nbsp;Declaraci\u00f3n Universal de los Derechos Humanos, es el elemento natural, universal y fundamental de la sociedad, tiene derecho a la protecci\u00f3n de la sociedad y del Estado.[3]\u200b<\/p>\n\n\n\n<p>Los lazos principales que definen una familia son de dos tipos: v\u00ednculos de afinidad derivados del establecimiento de un v\u00ednculo reconocido socialmente, como el matrimonio[4]\u200b \u2014que, en algunas sociedades, solo permite la uni\u00f3n entre dos personas mientras que en otras es posible la poligamia\u2014, y v\u00ednculos de consanguinidad, como la filiaci\u00f3n entre padres e hijos o los lazos que se establecen entre los hermanos que descienden de un mismo padre. Tambi\u00e9n puede diferenciarse la familia seg\u00fan el grado de parentesco entre sus miembros.<\/p>\n\n\n\n<p>No hay consenso sobre una definici\u00f3n universal de la familia. Es un concepto&nbsp;antropol\u00f3gico&nbsp;que puede relacionarse con otros conceptos, como los de&nbsp;clan,&nbsp;tribu&nbsp;y&nbsp;naci\u00f3n;&nbsp;sociol\u00f3gico&nbsp;e incluso&nbsp;econ\u00f3mico&nbsp;(unidad m\u00ednima de&nbsp;empresa). La familia nuclear, fundada en la uni\u00f3n entre&nbsp;var\u00f3n&nbsp;y&nbsp;mujer, es el modelo principal de familia como tal, y la estructura difundida mayormente en la actualidad; pero las formas de vida familiar son muy diversas, dependiendo de factores sociales, culturales, econ\u00f3micos y afectivos. La familia, como cualquier instituci\u00f3n social, tiende a adaptarse al contexto de una&nbsp;sociedad.[5]\u200b<\/p>\n\n\n\n<p><a href=\"https:\/\/es.m.wikipedia.org\/wiki\/Familia\">https:\/\/es.m.wikipedia.org\/wiki\/Familia<\/a><\/p>\n","protected":false},"excerpt":{"rendered":"<p>Familia grupo de personas afiliadas por consanguinidad, afinidad o corresidencia La&nbsp;familia&nbsp;es un grupo de personas formado por individuos unidos, y primordialmente vinculados por relaciones de filiaci\u00f3n o de pareja.&nbsp;[1]\u200b El&nbsp;Diccionario de la lengua espa\u00f1ola&nbsp;la define, entre otras cosas, como un grupo de personas emparentadas entre s\u00ed que viven juntas,[2]\u200b lo que lleva impl\u00edcito los conceptos [&hellip;]<\/p>\n","protected":false},"author":1,"featured_media":0,"parent":0,"menu_order":0,"comment_status":"closed","ping_status":"closed","template":"","meta":{"footnotes":""},"class_list":["post-147","page","type-page","status-publish","hentry"],"_links":{"self":[{"href":"https:\/\/7hi7.com\/es-es\/wp-json\/wp\/v2\/pages\/147","targetHints":{"allow":["GET"]}}],"collection":[{"href":"https:\/\/7hi7.com\/es-es\/wp-json\/wp\/v2\/pages"}],"about":[{"href":"https:\/\/7hi7.com\/es-es\/wp-json\/wp\/v2\/types\/page"}],"author":[{"embeddable":true,"href":"https:\/\/7hi7.com\/es-es\/wp-json\/wp\/v2\/users\/1"}],"replies":[{"embeddable":true,"href":"https:\/\/7hi7.com\/es-es\/wp-json\/wp\/v2\/comments?post=147"}],"version-history":[{"count":1,"href":"https:\/\/7hi7.com\/es-es\/wp-json\/wp\/v2\/pages\/147\/revisions"}],"predecessor-version":[{"id":148,"href":"https:\/\/7hi7.com\/es-es\/wp-json\/wp\/v2\/pages\/147\/revisions\/148"}],"wp:attachment":[{"href":"https:\/\/7hi7.com\/es-es\/wp-json\/wp\/v2\/media?parent=147"}],"curies":[{"name":"wp","href":"https:\/\/api.w.org\/{rel}","templated":true}]}}