{"id":142,"date":"2022-03-06T02:15:30","date_gmt":"2022-03-06T13:15:30","guid":{"rendered":"https:\/\/7hi7.com\/es-es\/?page_id=142"},"modified":"2022-03-06T02:24:05","modified_gmt":"2022-03-06T13:24:05","slug":"salud","status":"publish","type":"page","link":"https:\/\/7hi7.com\/es-es\/salud\/","title":{"rendered":"Salud"},"content":{"rendered":"\n<h1 class=\"wp-block-heading\" id=\"firstHeading\">Salud<\/h1>\n\n\n\n<p>estado de completo bienestar<\/p>\n\n\n\n<p>La&nbsp;salud&nbsp;(del&nbsp;lat\u00edn&nbsp;salus, -utis)[1]\u200b es un estado de bienestar o de equilibrio que puede ser visto a nivel subjetivo (un ser humano asume como aceptable el estado general en el que se encuentra) o a nivel objetivo (se constata la ausencia de enfermedades o de factores da\u00f1inos en el sujeto en cuesti\u00f3n). El t\u00e9rmino salud se contrapone al de&nbsp;enfermedad, y es objeto de especial atenci\u00f3n por parte de la&nbsp;medicina&nbsp;y de las&nbsp;ciencias de la salud.<\/p>\n\n\n\n<p>La salud es un estado de completo bienestar f\u00edsico, mental y social, no solamente la ausencia de enfermedad o dolencia, seg\u00fan la definici\u00f3n presentada por la&nbsp;Organizaci\u00f3n Mundial de la Salud&nbsp;(OMS) en su constituci\u00f3n aprobada en&nbsp;1948.[13]\u200b Este concepto se ampl\u00eda a:&nbsp;La salud es un estado de completo bienestar f\u00edsico, mental y social, y no solamente la ausencia de afecciones o enfermedades. En la salud, como en la enfermedad, existen diversos grados de afectaci\u00f3n y no deber\u00eda ser tratada como una variable dicot\u00f3mica. As\u00ed, se reformular\u00eda de la siguiente manera:&nbsp;La salud es un estado de bienestar f\u00edsico, mental y social, con capacidad de funcionamiento, y no s\u00f3lo la ausencia de afecciones o enfermedades. Tambi\u00e9n puede definirse como el nivel de eficacia funcional o metab\u00f3lica de un organismo tanto a nivel micro (celular) como a nivel macro (social).[14]\u200b<\/p>\n\n\n\n<p>Dentro del contexto de la\u00a0promoci\u00f3n de la salud, la salud ha sido considerada no como un estado abstracto, sino como un medio para llegar a un fin, como un recurso que permite a las personas llevar una vida individual, social y econ\u00f3micamente productiva. La salud es un recurso para la vida diaria, no el objetivo de la vida. Se trata de un concepto positivo que acent\u00faa los recursos sociales y personales, as\u00ed como las aptitudes f\u00edsicas.<\/p>\n\n\n\n<p>Algunos proponen la denominaci\u00f3n de \u201csalud plena e integral\u201d, que abarca todos los aspectos del ser humano, incluyendo lo ambiental y lo espiritual (intelectual y religioso), as\u00ed como su interdependencia con el resto de los seres vivos que habitan el planeta.<\/p>\n\n\n\n<p>Sostienen que la uni\u00f3n de nuestro cuerpo, nuestra alma (psique) y nuestro esp\u00edritu hace que estemos \u201cen vida\u201d y que vivamos al modo \u201chumano\u201d, es decir, que estamos en el mundo y que aspiramos ser libres.<\/p>\n\n\n\n<p>De esta manera, nos encontramos transitando un nuevo camino, basado en conceptos relativamente recientes, pero ya consolidados en el tiempo, que pueden englobarse bajo la idea de que \u201cla salud es un compromiso de toda la sociedad en su conjunto\u201d. Desplaza al cl\u00e1sico y tradicional binomio \u201cm\u00e9dico-paciente\u201d, como resultado de un enfoque m\u00e1s social que involucra a muchos actores en un escenario tambi\u00e9n m\u00e1s abierto, din\u00e1mico y global.<\/p>\n\n\n\n<p>En este sentido, se propone una ampliaci\u00f3n de la definici\u00f3n de salud de la OMS: \u201cLa salud es un estado completo de bienestar f\u00edsico, mental, social, ambiental y espiritual y no solamente la ausencia de afecciones o enfermedades\u201d.[24]\u200b<\/p>\n\n\n\n<p><a href=\"https:\/\/es.m.wikipedia.org\/wiki\/Salud\">https:\/\/es.m.wikipedia.org\/wiki\/Salud<\/a><\/p>\n","protected":false},"excerpt":{"rendered":"<p>Salud estado de completo bienestar La&nbsp;salud&nbsp;(del&nbsp;lat\u00edn&nbsp;salus, -utis)[1]\u200b es un estado de bienestar o de equilibrio que puede ser visto a nivel subjetivo (un ser humano asume como aceptable el estado general en el que se encuentra) o a nivel objetivo (se constata la ausencia de enfermedades o de factores da\u00f1inos en el sujeto en cuesti\u00f3n). [&hellip;]<\/p>\n","protected":false},"author":1,"featured_media":0,"parent":0,"menu_order":0,"comment_status":"closed","ping_status":"closed","template":"","meta":{"footnotes":""},"class_list":["post-142","page","type-page","status-publish","hentry"],"_links":{"self":[{"href":"https:\/\/7hi7.com\/es-es\/wp-json\/wp\/v2\/pages\/142","targetHints":{"allow":["GET"]}}],"collection":[{"href":"https:\/\/7hi7.com\/es-es\/wp-json\/wp\/v2\/pages"}],"about":[{"href":"https:\/\/7hi7.com\/es-es\/wp-json\/wp\/v2\/types\/page"}],"author":[{"embeddable":true,"href":"https:\/\/7hi7.com\/es-es\/wp-json\/wp\/v2\/users\/1"}],"replies":[{"embeddable":true,"href":"https:\/\/7hi7.com\/es-es\/wp-json\/wp\/v2\/comments?post=142"}],"version-history":[{"count":2,"href":"https:\/\/7hi7.com\/es-es\/wp-json\/wp\/v2\/pages\/142\/revisions"}],"predecessor-version":[{"id":144,"href":"https:\/\/7hi7.com\/es-es\/wp-json\/wp\/v2\/pages\/142\/revisions\/144"}],"wp:attachment":[{"href":"https:\/\/7hi7.com\/es-es\/wp-json\/wp\/v2\/media?parent=142"}],"curies":[{"name":"wp","href":"https:\/\/api.w.org\/{rel}","templated":true}]}}