{"id":138,"date":"2022-03-04T01:49:11","date_gmt":"2022-03-04T12:49:11","guid":{"rendered":"https:\/\/7hi7.com\/es-es\/?page_id=138"},"modified":"2022-03-04T01:49:11","modified_gmt":"2022-03-04T12:49:11","slug":"libertad","status":"publish","type":"page","link":"https:\/\/7hi7.com\/es-es\/libertad\/","title":{"rendered":"Libertad"},"content":{"rendered":"\n<h1 class=\"wp-block-heading\" id=\"firstHeading\">Libertad<\/h1>\n\n\n\n<p>capacidad de un individuo de poder obrar seg\u00fan su propia voluntad<\/p>\n\n\n\n<p>La\u00a0libertad\u00a0(en\u00a0lat\u00edn:\u00a0libertas, -\u0101tis)[1]\u200b en sentido amplio es la capacidad humana de actuar por voluntad propia.<\/p>\n\n\n\n<p>Seg\u00fan las acepciones 1, 2, 3 y 4 de este t\u00e9rmino en el diccionario de la&nbsp;Real Academia Espa\u00f1ola,[1]\u200b el estado de libertad define la situaci\u00f3n, circunstancias o condiciones de quien no es esclavo, ni sujeto, ni impuesto al deseo de otros de forma&nbsp;coercitiva. En otras palabras, aquello que permite a alguien decidir si quiere hacer algo o no, lo hace libre, pero tambi\u00e9n&nbsp;responsable&nbsp;de sus actos en la medida en que comprenda las consecuencias de ellos.<\/p>\n\n\n\n<p>La quinta acepci\u00f3n del t\u00e9rmino[1]\u200b define la libertad en los Estados democr\u00e1ticos como \u00abderecho de valor superior que asegura la libre determinaci\u00f3n de las personas.\u00bb. Con base en ello, la protecci\u00f3n de la libertad interpersonal es objeto de una investigaci\u00f3n&nbsp;social&nbsp;y&nbsp;pol\u00edtica.<\/p>\n\n\n\n<p>El fundamento\u00a0metaf\u00edsico\u00a0de la libertad interior es una cuesti\u00f3n\u00a0psicol\u00f3gica\u00a0y\u00a0filos\u00f3fica. Ambas formas de la libertad se unen en cada individuo como lo interno y lo externo de una malla de valores, juntos en una din\u00e1mica de compromiso.[cita\u00a0requerida]<\/p>\n\n\n\n<p><a href=\"https:\/\/es.m.wikipedia.org\/wiki\/Libertad\">https:\/\/es.m.wikipedia.org\/wiki\/Libertad<\/a><\/p>\n","protected":false},"excerpt":{"rendered":"<p>Libertad capacidad de un individuo de poder obrar seg\u00fan su propia voluntad La\u00a0libertad\u00a0(en\u00a0lat\u00edn:\u00a0libertas, -\u0101tis)[1]\u200b en sentido amplio es la capacidad humana de actuar por voluntad propia. Seg\u00fan las acepciones 1, 2, 3 y 4 de este t\u00e9rmino en el diccionario de la&nbsp;Real Academia Espa\u00f1ola,[1]\u200b el estado de libertad define la situaci\u00f3n, circunstancias o condiciones de [&hellip;]<\/p>\n","protected":false},"author":1,"featured_media":0,"parent":0,"menu_order":0,"comment_status":"closed","ping_status":"closed","template":"","meta":{"footnotes":""},"class_list":["post-138","page","type-page","status-publish","hentry"],"_links":{"self":[{"href":"https:\/\/7hi7.com\/es-es\/wp-json\/wp\/v2\/pages\/138","targetHints":{"allow":["GET"]}}],"collection":[{"href":"https:\/\/7hi7.com\/es-es\/wp-json\/wp\/v2\/pages"}],"about":[{"href":"https:\/\/7hi7.com\/es-es\/wp-json\/wp\/v2\/types\/page"}],"author":[{"embeddable":true,"href":"https:\/\/7hi7.com\/es-es\/wp-json\/wp\/v2\/users\/1"}],"replies":[{"embeddable":true,"href":"https:\/\/7hi7.com\/es-es\/wp-json\/wp\/v2\/comments?post=138"}],"version-history":[{"count":1,"href":"https:\/\/7hi7.com\/es-es\/wp-json\/wp\/v2\/pages\/138\/revisions"}],"predecessor-version":[{"id":139,"href":"https:\/\/7hi7.com\/es-es\/wp-json\/wp\/v2\/pages\/138\/revisions\/139"}],"wp:attachment":[{"href":"https:\/\/7hi7.com\/es-es\/wp-json\/wp\/v2\/media?parent=138"}],"curies":[{"name":"wp","href":"https:\/\/api.w.org\/{rel}","templated":true}]}}