{"id":134,"date":"2022-03-01T21:29:40","date_gmt":"2022-03-02T08:29:40","guid":{"rendered":"https:\/\/7hi7.com\/es-es\/?page_id=134"},"modified":"2022-03-01T21:29:40","modified_gmt":"2022-03-02T08:29:40","slug":"amor","status":"publish","type":"page","link":"https:\/\/7hi7.com\/es-es\/amor\/","title":{"rendered":"Amor"},"content":{"rendered":"\n<h1 class=\"wp-block-heading\" id=\"firstHeading\">Amor<\/h1>\n\n\n\n<p>sentimiento de afecto<\/p>\n\n\n\n<p>El\u00a0amor\u00a0es un concepto universal relativo a la\u00a0afinidad\u00a0o\u00a0armon\u00eda\u00a0entre\u00a0seres, definido de diversas formas seg\u00fan las diferentes ideolog\u00edas y puntos de vista (art\u00edstico,\u00a0cient\u00edfico,\u00a0filos\u00f3fico,\u00a0religioso). De manera habitual, y fundamentalmente en\u00a0Occidente, se interpreta como un\u00a0sentimiento\u00a0relacionado con el\u00a0afecto\u00a0y el\u00a0apego, y resultante y productor de una serie de\u00a0actitudes,\u00a0emociones\u00a0y\u00a0experiencias. En el contexto filos\u00f3fico, el amor es una\u00a0virtud\u00a0que representa todo el\u00a0afecto, la\u00a0bondad\u00a0y la\u00a0compasi\u00f3n\u00a0del\u00a0ser humano.Tambi\u00e9n puede describirse como acciones dirigidas hacia otros y basadas en la compasi\u00f3n, o bien como acciones dirigidas hacia otros (o hacia uno mismo) y basadas en el afecto.[1]\u200b<\/p>\n\n\n\n<p>En&nbsp;espa\u00f1ol, la palabra&nbsp;amor&nbsp;(del&nbsp;lat\u00edn,&nbsp;amor, -\u014dris) abarca una gran cantidad de sentimientos diferentes, desde el deseo pasional y de intimidad del&nbsp;amor rom\u00e1ntico&nbsp;hasta la proximidad emocional asexual del&nbsp;amor familiar&nbsp;y el&nbsp;amor plat\u00f3nico,[2]\u200b y hasta la profunda&nbsp;devoci\u00f3n&nbsp;o&nbsp;unidad&nbsp;del amor religioso.[3]\u200b En este \u00faltimo terreno, trasciende del&nbsp;sentimiento&nbsp;y pasa a considerarse la manifestaci\u00f3n de un&nbsp;estado&nbsp;del&nbsp;alma&nbsp;o de la&nbsp;mente, identificada en algunas religiones con&nbsp;Dios&nbsp;mismo o con la fuerza que mantiene unido el&nbsp;universo.<\/p>\n\n\n\n<p>Las emociones asociadas al amor pueden ser extremadamente poderosas, llegando con frecuencia a ser irresistibles, y pueden ser tanto placenteras como dolorosas (sobre todo en el mundo occidental). El amor en sus diversas formas act\u00faa como importante facilitador de las relaciones interpersonales y, debido a su importancia psicol\u00f3gica central, es uno de los temas m\u00e1s frecuentes en artes como el cine, la literatura o la m\u00fasica.<\/p>\n\n\n\n<p>Desde el punto de vista de la&nbsp;ciencia, lo que conocemos como amor parece ser un estado evolucionado del primitivo instinto de supervivencia, que manten\u00eda a los&nbsp;seres humanos&nbsp;unidos y&nbsp;heroicos&nbsp;ante las amenazas y facilitaba la continuaci\u00f3n de la&nbsp;especie&nbsp;mediante la&nbsp;reproducci\u00f3n.[4]\u200b<\/p>\n\n\n\n<p>La diversidad de usos y significados y la complejidad de los sentimientos que abarca hacen que el amor sea especialmente dif\u00edcil de definir de un modo consistente, aunque, b\u00e1sicamente, el amor es interpretado de dos formas: bajo una concepci\u00f3n&nbsp;altruista, basada en la compasi\u00f3n y la colaboraci\u00f3n, y bajo otra&nbsp;ego\u00edsta, basada en el inter\u00e9s individual y la rivalidad. El ego\u00edsmo suele estar relacionado con el cuerpo y el mundo material; el altruismo, con el alma y el mundo espiritual. Ambos son, seg\u00fan la ciencia actual, expresiones de procesos&nbsp;cerebrales&nbsp;que la evoluci\u00f3n proporcion\u00f3 al ser humano; la idea del alma, o de algo parecido al alma, probablemente apareci\u00f3 hace entre un mill\u00f3n y varios cientos de miles de a\u00f1os.[5]\u200b<\/p>\n\n\n\n<p>A menudo, sucede que individuos, grupos humanos o empresas disfrazan su comportamiento ego\u00edsta de altruismo; es lo que conocemos como&nbsp;hipocres\u00eda, y encontramos numerosos ejemplos de dicho comportamiento en la&nbsp;publicidad. Rec\u00edprocamente, tambi\u00e9n puede ocurrir que, en un ambiente ego\u00edsta, un comportamiento altruista se disfrace de ego\u00edsmo:&nbsp;Oskar Schindler&nbsp;proporcion\u00f3 un buen ejemplo.<\/p>\n\n\n\n<p>A lo largo de la historia se han expresado, incluso en culturas sin ning\u00fan contacto conocido entre ellas, conceptos que, con algunas variaciones, incluyen la dualidad esencial del ser humano:\u00a0lo femenino y lo masculino,\u00a0el bien y el mal,\u00a0el yin y el yang, el\u00a0\u00e1peiron\u00a0de\u00a0Anaximandro.<\/p>\n\n\n\n<p><a href=\"https:\/\/es.m.wikipedia.org\/wiki\/Amor\">https:\/\/es.m.wikipedia.org\/wiki\/Amor<\/a><\/p>\n","protected":false},"excerpt":{"rendered":"<p>Amor sentimiento de afecto El\u00a0amor\u00a0es un concepto universal relativo a la\u00a0afinidad\u00a0o\u00a0armon\u00eda\u00a0entre\u00a0seres, definido de diversas formas seg\u00fan las diferentes ideolog\u00edas y puntos de vista (art\u00edstico,\u00a0cient\u00edfico,\u00a0filos\u00f3fico,\u00a0religioso). De manera habitual, y fundamentalmente en\u00a0Occidente, se interpreta como un\u00a0sentimiento\u00a0relacionado con el\u00a0afecto\u00a0y el\u00a0apego, y resultante y productor de una serie de\u00a0actitudes,\u00a0emociones\u00a0y\u00a0experiencias. En el contexto filos\u00f3fico, el amor es una\u00a0virtud\u00a0que representa todo [&hellip;]<\/p>\n","protected":false},"author":1,"featured_media":0,"parent":0,"menu_order":0,"comment_status":"closed","ping_status":"closed","template":"","meta":{"footnotes":""},"class_list":["post-134","page","type-page","status-publish","hentry"],"_links":{"self":[{"href":"https:\/\/7hi7.com\/es-es\/wp-json\/wp\/v2\/pages\/134","targetHints":{"allow":["GET"]}}],"collection":[{"href":"https:\/\/7hi7.com\/es-es\/wp-json\/wp\/v2\/pages"}],"about":[{"href":"https:\/\/7hi7.com\/es-es\/wp-json\/wp\/v2\/types\/page"}],"author":[{"embeddable":true,"href":"https:\/\/7hi7.com\/es-es\/wp-json\/wp\/v2\/users\/1"}],"replies":[{"embeddable":true,"href":"https:\/\/7hi7.com\/es-es\/wp-json\/wp\/v2\/comments?post=134"}],"version-history":[{"count":1,"href":"https:\/\/7hi7.com\/es-es\/wp-json\/wp\/v2\/pages\/134\/revisions"}],"predecessor-version":[{"id":135,"href":"https:\/\/7hi7.com\/es-es\/wp-json\/wp\/v2\/pages\/134\/revisions\/135"}],"wp:attachment":[{"href":"https:\/\/7hi7.com\/es-es\/wp-json\/wp\/v2\/media?parent=134"}],"curies":[{"name":"wp","href":"https:\/\/api.w.org\/{rel}","templated":true}]}}