{"id":132,"date":"2022-02-27T23:13:48","date_gmt":"2022-02-28T10:13:48","guid":{"rendered":"https:\/\/7hi7.com\/es-es\/?page_id=132"},"modified":"2022-02-27T23:13:48","modified_gmt":"2022-02-28T10:13:48","slug":"paz","status":"publish","type":"page","link":"https:\/\/7hi7.com\/es-es\/paz\/","title":{"rendered":"Paz"},"content":{"rendered":"\n<h1 class=\"wp-block-heading\" id=\"firstHeading\">Paz<\/h1>\n\n\n\n<p>equilibrio y tranquilidad entre partes<\/p>\n\n\n\n<p>Paz\u00a0(del\u00a0lat\u00edn\u00a0pax), definida en sentido positivo, es un estado a nivel social o personal, en el cual se encuentran en equilibrio y estabilidad en las partes de una unidad. Tambi\u00e9n se refiere a la tranquilidad mental de una persona o\u00a0sociedad; definida en sentido negativo, es la ausencia de\u00a0inquietud,\u00a0violencia\u00a0o\u00a0guerra.<\/p>\n\n\n\n<p>En el plano colectivo, \u00abpaz\u00bb es lo contrario de la guerra. Es un&nbsp;estado interior&nbsp;(identificable con los conceptos griegos de&nbsp;ataraxia&nbsp;y&nbsp;sofrosine) exento de sentimientos negativos (ira,&nbsp;odio). Ese estado interior positivo es deseado tanto para uno mismo como para los dem\u00e1s, hasta el punto de convertirse en un prop\u00f3sito o meta de vida. Tambi\u00e9n est\u00e1 en el origen etimol\u00f3gico de los&nbsp;saludos:&nbsp;shalom&nbsp;en&nbsp;hebreo&nbsp;y&nbsp;salam&nbsp;en&nbsp;\u00e1rabe&nbsp;significan \u00abpaz\u00bb o \u00abla paz est\u00e9 contigo o con vosotros\u00bb, y tambi\u00e9n se emplean como despedida, significando entonces&nbsp;ve en paz&nbsp;o&nbsp;id en paz; en cambio,&nbsp;salve, el saludo&nbsp;latino, es un deseo de&nbsp;salud, concepto tambi\u00e9n muy relacionado. El&nbsp;saludo de paz&nbsp;o beso de la paz es una parte de la&nbsp;misa&nbsp;en que los asistentes \u00abse dan la paz\u00bb.<\/p>\n\n\n\n<p>En el&nbsp;Derecho internacional, el estado de paz es aquel en el que los conflictos internacionales se resuelven de forma no violenta; y particularmente se denomina \u00abpaz\u00bb al convenio o tratado (tratado de paz) que pone fin a la guerra. Existe una rama del estudio de las&nbsp;Relaciones Internacionales&nbsp;denominada \u00abirenolog\u00eda\u00bb o \u00abestudios de la paz y los conflictos\u00bb.<\/p>\n\n\n\n<p>Puede hablarse de una paz social como&nbsp;consenso: el entendimiento t\u00e1cito para el mantenimiento de unas buenas relaciones, mutuamente beneficiosas, entre los&nbsp;individuos; y a distintos niveles, el consenso entre distintos grupos, clases o estamentos sociales dentro de una&nbsp;sociedad.<\/p>\n\n\n\n<p>La\u00a0antropolog\u00eda\u00a0tradicional (ya desfasada) consideraba que \u00fanicamente el estado\u00a0civilizado\u00a0de la evoluci\u00f3n cultural consideraba a la paz de una forma positiva, y que los estados de\u00a0salvajismo\u00a0y\u00a0barbarie\u00a0supon\u00edan una preferencia cultural por la guerra, considerando una forma honrosa de vida saquear a otros pueblos, y exaltando las virtudes guerreras; en casos extremos, ritualizando la\u00a0antropofagia. De esa manera se describ\u00edan las costumbres de algunos pueblos llamados\u00a0primitivos\u00a0(justific\u00e1ndose as\u00ed su\u00a0colonizaci\u00f3n), as\u00ed como se manten\u00eda la memoria historiogr\u00e1fica de algunos pueblos hist\u00f3ricos (como los\u00a0vikingos\u00a0o los\u00a0hunos), y de algunas \u00e9pocas hist\u00f3ricas consideradas \u00aboscuras\u00bb, como la\u00a0Alta Edad Media.<\/p>\n\n\n\n<p><a href=\"https:\/\/es.m.wikipedia.org\/wiki\/Paz\">https:\/\/es.m.wikipedia.org\/wiki\/Paz<\/a><\/p>\n","protected":false},"excerpt":{"rendered":"<p>Paz equilibrio y tranquilidad entre partes Paz\u00a0(del\u00a0lat\u00edn\u00a0pax), definida en sentido positivo, es un estado a nivel social o personal, en el cual se encuentran en equilibrio y estabilidad en las partes de una unidad. Tambi\u00e9n se refiere a la tranquilidad mental de una persona o\u00a0sociedad; definida en sentido negativo, es la ausencia de\u00a0inquietud,\u00a0violencia\u00a0o\u00a0guerra. En el [&hellip;]<\/p>\n","protected":false},"author":1,"featured_media":0,"parent":0,"menu_order":0,"comment_status":"closed","ping_status":"closed","template":"","meta":{"footnotes":""},"class_list":["post-132","page","type-page","status-publish","hentry"],"_links":{"self":[{"href":"https:\/\/7hi7.com\/es-es\/wp-json\/wp\/v2\/pages\/132","targetHints":{"allow":["GET"]}}],"collection":[{"href":"https:\/\/7hi7.com\/es-es\/wp-json\/wp\/v2\/pages"}],"about":[{"href":"https:\/\/7hi7.com\/es-es\/wp-json\/wp\/v2\/types\/page"}],"author":[{"embeddable":true,"href":"https:\/\/7hi7.com\/es-es\/wp-json\/wp\/v2\/users\/1"}],"replies":[{"embeddable":true,"href":"https:\/\/7hi7.com\/es-es\/wp-json\/wp\/v2\/comments?post=132"}],"version-history":[{"count":1,"href":"https:\/\/7hi7.com\/es-es\/wp-json\/wp\/v2\/pages\/132\/revisions"}],"predecessor-version":[{"id":133,"href":"https:\/\/7hi7.com\/es-es\/wp-json\/wp\/v2\/pages\/132\/revisions\/133"}],"wp:attachment":[{"href":"https:\/\/7hi7.com\/es-es\/wp-json\/wp\/v2\/media?parent=132"}],"curies":[{"name":"wp","href":"https:\/\/api.w.org\/{rel}","templated":true}]}}